{"id":6722,"date":"2020-04-10T13:52:45","date_gmt":"2020-04-10T13:52:45","guid":{"rendered":"https:\/\/www.moreschisrl.it\/?page_id=6722"},"modified":"2021-01-21T09:55:51","modified_gmt":"2021-01-21T09:55:51","slug":"logistica-punti-di-carico","status":"publish","type":"page","link":"https:\/\/www.moreschisrl.it\/fr\/solutions\/logistique-points-de-chargement\/","title":{"rendered":"LOGISTIQUE - POINTS DE CHARGEMENT"},"content":{"rendered":"<div class=\"wpb-content-wrapper\"><div class=\"vc_row wpb_row vc_row-fluid\"><div class=\"wpb_column vc_column_container vc_col-sm-4\"><div class=\"vc_column-inner vc_custom_1584264257509\"><div class=\"wpb_wrapper\">\n\t<div class=\"wpb_single_image wpb_content_element vc_align_center  wpb_animate_when_almost_visible wpb_fadeIn fadeIn vc_custom_1587563693744\">\n\t\t\n\t\t<figure class=\"wpb_wrapper vc_figure\">\n\t\t\t<div class=\"vc_single_image-wrapper   vc_box_border_grey\"><img loading=\"lazy\" decoding=\"async\" width=\"500\" height=\"250\" src=\"https:\/\/www.moreschisrl.it\/wp-content\/uploads\/2020\/04\/Anteprima-Ramp.jpg\" class=\"vc_single_image-img attachment-full\" alt=\"\" title=\"Anteprima-Ramp\" srcset=\"https:\/\/www.moreschisrl.it\/wp-content\/uploads\/2020\/04\/Anteprima-Ramp.jpg 500w, https:\/\/www.moreschisrl.it\/wp-content\/uploads\/2020\/04\/Anteprima-Ramp-300x150.jpg 300w\" sizes=\"auto, (max-width: 500px) 100vw, 500px\" \/><\/div>\n\t\t<\/figure>\n\t<\/div>\n\n\t<div class=\"wpb_text_column wpb_content_element wpb_animate_when_almost_visible wpb_left-to-right left-to-right vc_custom_1611068889358\" >\n\t\t<div class=\"wpb_wrapper\">\n\t\t\t<h3><b>RAMP - Rampes<\/b><\/h3>\n<p><span style=\"font-size: 13pt;\">Rampe hydraulique avec levre rebattable\/telescopique<\/span><\/p>\n<p><a class=\"btn hvr-default mgt-button mgt-style-solid mgt-size-normal mgt-align-center mgt-display-inline mgt-text-size-normal mgt-button-icon-position-left mgt-text-transform-none\" href=\"https:\/\/www.moreschisrl.it\/fr\/soluzioni\/logistica-punti-di-carico\/ramp-rampe\/\">D\u00c9TAILS DU PRODUIT<\/a><\/p>\n\n\t\t<\/div>\n\t<\/div>\n<\/div><\/div><\/div><div class=\"wpb_column vc_column_container vc_col-sm-4\"><div class=\"vc_column-inner vc_custom_1584264175447\"><div class=\"wpb_wrapper\">\n\t<div class=\"wpb_single_image wpb_content_element vc_align_center  wpb_animate_when_almost_visible wpb_fadeIn fadeIn vc_custom_1587563744875\">\n\t\t\n\t\t<figure class=\"wpb_wrapper vc_figure\">\n\t\t\t<div class=\"vc_single_image-wrapper   vc_box_border_grey\"><img loading=\"lazy\" decoding=\"async\" width=\"500\" height=\"250\" src=\"https:\/\/www.moreschisrl.it\/wp-content\/uploads\/2020\/04\/Antreprima-Dock.jpg\" class=\"vc_single_image-img attachment-full\" alt=\"\" title=\"Antreprima-Dock\" srcset=\"https:\/\/www.moreschisrl.it\/wp-content\/uploads\/2020\/04\/Antreprima-Dock.jpg 500w, https:\/\/www.moreschisrl.it\/wp-content\/uploads\/2020\/04\/Antreprima-Dock-300x150.jpg 300w\" sizes=\"auto, (max-width: 500px) 100vw, 500px\" \/><\/div>\n\t\t<\/figure>\n\t<\/div>\n\n\t<div class=\"wpb_text_column wpb_content_element wpb_animate_when_almost_visible wpb_left-to-right left-to-right vc_custom_1611068896061\" >\n\t\t<div class=\"wpb_wrapper\">\n\t\t\t<h3><b>DOCK - Sas d'\u00e9tanch\u00e9it\u00e9 suspendu et \u00e1 terre<\/b><\/h3>\n<p><span style=\"font-size: 13pt;\">Structure portante en acier galvanis\u00e9 \u00e0 chaud<\/span><\/p>\n<p><a class=\"btn hvr-default mgt-button mgt-style-solid mgt-size-normal mgt-align-center mgt-display-inline mgt-text-size-normal mgt-button-icon-position-left mgt-text-transform-none\" href=\"https:\/\/www.moreschisrl.it\/fr\/soluzioni\/logistica-punti-di-carico\/dock-sigillanti\/\">D\u00c9TAILS DU PRODUIT<\/a><\/p>\n\n\t\t<\/div>\n\t<\/div>\n<\/div><\/div><\/div><div class=\"wpb_column vc_column_container vc_col-sm-4\"><div class=\"vc_column-inner vc_custom_1584264189648\"><div class=\"wpb_wrapper\">\n\t<div class=\"wpb_single_image wpb_content_element vc_align_center  wpb_animate_when_almost_visible wpb_fadeIn fadeIn vc_custom_1587563790325\">\n\t\t\n\t\t<figure class=\"wpb_wrapper vc_figure\">\n\t\t\t<div class=\"vc_single_image-wrapper   vc_box_border_grey\"><img loading=\"lazy\" decoding=\"async\" width=\"500\" height=\"250\" src=\"https:\/\/www.moreschisrl.it\/wp-content\/uploads\/2020\/04\/Anteprima-Portone-Sezionale-Logistica.jpg\" class=\"vc_single_image-img attachment-full\" alt=\"\" title=\"Anteprima-Portone-Sezionale-Logistica\" srcset=\"https:\/\/www.moreschisrl.it\/wp-content\/uploads\/2020\/04\/Anteprima-Portone-Sezionale-Logistica.jpg 500w, https:\/\/www.moreschisrl.it\/wp-content\/uploads\/2020\/04\/Anteprima-Portone-Sezionale-Logistica-300x150.jpg 300w\" sizes=\"auto, (max-width: 500px) 100vw, 500px\" \/><\/div>\n\t\t<\/figure>\n\t<\/div>\n\n\t<div class=\"wpb_text_column wpb_content_element wpb_animate_when_almost_visible wpb_left-to-right left-to-right vc_custom_1611222951584\" >\n\t\t<div class=\"wpb_wrapper\">\n\t\t\t<h3><b>PORTE SECTIONELLE<\/b><\/h3>\n<p><span style=\"font-size: 13pt;\">Technologie de pointe et polyvalence<\/span><\/p>\n<p><a class=\"btn hvr-default mgt-button mgt-style-solid mgt-size-normal mgt-align-center mgt-display-inline mgt-text-size-normal mgt-button-icon-position-left mgt-text-transform-none\" href=\"https:\/\/www.moreschisrl.it\/fr\/soluzioni\/logistica-punti-di-carico\/sez-sezionali\/\">D\u00c9TAILS DU PRODUIT<\/a><\/p>\n\n\t\t<\/div>\n\t<\/div>\n<\/div><\/div><\/div><\/div><div data-vc-full-width=\"true\" data-vc-full-width-init=\"false\" data-vc-parallax=\"1.5\" data-vc-parallax-o-fade=\"on\" data-vc-parallax-image=\"https:\/\/www.moreschisrl.it\/wp-content\/uploads\/2020\/03\/moreschi-contatti-soluzioni.jpg\" class=\"vc_row wpb_row vc_row-fluid vc_custom_1584711935163 vc_general vc_parallax vc_parallax-content-moving-fade js-vc_parallax-o-fade\"><div class=\"wpb_column vc_column_container vc_col-sm-12\"><div class=\"vc_column-inner\"><div class=\"wpb_wrapper\"><div class=\"mgt-cta-block clearfix parallax white-text with-text wpb_content_element\" data-style=\"background-color: ;\"><div class=\"mgt-button-wrapper mgt-button-wrapper-align-right mgt-button-wrapper-display-newline mgt-button-top-margin-disable\"><a class=\"btn hvr-bounce-to-right mgt-button mgt-style-solid mgt-size-normal mgt-align-right mgt-display-newline mgt-text-size-normal mgt-button-icon-position-left mgt-text-transform-uppercase\" href=\"https:\/\/www.moreschisrl.it\/fr\/richiedi-contatto\/\">NOUS CONTACTER<\/a><\/div><h5 class=\"mgt-cta-block-header\">Souhaitez-vous avoir plus d'informations?<\/h5><div class=\"mgt-cta-block-content\"><\/p>\n<p class=\"p1\">Envoyez-nous un email indiquant vos besoins.<br \/>\nNous vous contacterons d\u00e8s que possible!<\/p>\n<p><\/div><\/div><\/div><\/div><\/div><\/div><div class=\"vc_row-full-width\"><\/div>\n<\/div>","protected":false},"excerpt":{"rendered":"RAMP \u2013 Rampe Rampa oleodinamica con becco a raggio\/telescopico DETTAGLI PRODOTTO DOCK \u2013 Sigillanti Struttura portante in acciaio zincato a caldo DETTAGLI PRODOTTO SEZ - Sezionali Tecnologia all\u2019avanguardia e versatilita\u0300...","protected":false},"author":1,"featured_media":0,"parent":5359,"menu_order":0,"comment_status":"closed","ping_status":"closed","template":"","meta":{"footnotes":""},"categories":[],"tags":[],"class_list":["post-6722","page","type-page","status-publish","hentry"],"yoast_head":"<!-- This site is optimized with the Yoast SEO plugin v25.4 - https:\/\/yoast.com\/wordpress\/plugins\/seo\/ -->\n<title>LOGISTICA \u2013 PUNTI DI CARICO - Moreschi<\/title>\n<meta name=\"robots\" content=\"index, follow, max-snippet:-1, max-image-preview:large, max-video-preview:-1\" \/>\n<link rel=\"canonical\" href=\"https:\/\/www.moreschisrl.it\/fr\/soluzioni\/logistica-punti-di-carico\/\" \/>\n<meta property=\"og:locale\" content=\"fr_FR\" \/>\n<meta property=\"og:type\" content=\"article\" \/>\n<meta property=\"og:title\" content=\"LOGISTICA \u2013 PUNTI DI CARICO - Moreschi\" \/>\n<meta property=\"og:url\" content=\"https:\/\/www.moreschisrl.it\/fr\/soluzioni\/logistica-punti-di-carico\/\" \/>\n<meta property=\"og:site_name\" content=\"Moreschi\" \/>\n<meta property=\"article:modified_time\" content=\"2021-01-21T09:55:51+00:00\" \/>\n<meta property=\"og:image\" content=\"https:\/\/www.moreschisrl.it\/wp-content\/uploads\/2020\/09\/Soluzioni-Moreschi-Portoni-internazionale.jpg\" \/>\n\t<meta property=\"og:image:width\" content=\"1920\" \/>\n\t<meta property=\"og:image:height\" content=\"1080\" \/>\n\t<meta property=\"og:image:type\" content=\"image\/jpeg\" \/>\n<meta name=\"twitter:card\" content=\"summary_large_image\" \/>\n<meta name=\"twitter:label1\" content=\"Dur\u00e9e de lecture estim\u00e9e\" \/>\n\t<meta name=\"twitter:data1\" content=\"2 minutes\" \/>\n<script type=\"application\/ld+json\" class=\"yoast-schema-graph\">{\"@context\":\"https:\/\/schema.org\",\"@graph\":[{\"@type\":\"WebPage\",\"@id\":\"https:\/\/www.moreschisrl.it\/soluzioni\/logistica-punti-di-carico\/\",\"url\":\"https:\/\/www.moreschisrl.it\/soluzioni\/logistica-punti-di-carico\/\",\"name\":\"LOGISTICA \u2013 PUNTI DI CARICO - Moreschi\",\"isPartOf\":{\"@id\":\"https:\/\/www.moreschisrl.it\/#website\"},\"datePublished\":\"2020-04-10T13:52:45+00:00\",\"dateModified\":\"2021-01-21T09:55:51+00:00\",\"breadcrumb\":{\"@id\":\"https:\/\/www.moreschisrl.it\/soluzioni\/logistica-punti-di-carico\/#breadcrumb\"},\"inLanguage\":\"fr-FR\",\"potentialAction\":[{\"@type\":\"ReadAction\",\"target\":[\"https:\/\/www.moreschisrl.it\/soluzioni\/logistica-punti-di-carico\/\"]}]},{\"@type\":\"BreadcrumbList\",\"@id\":\"https:\/\/www.moreschisrl.it\/soluzioni\/logistica-punti-di-carico\/#breadcrumb\",\"itemListElement\":[{\"@type\":\"ListItem\",\"position\":1,\"name\":\"Home\",\"item\":\"https:\/\/www.moreschisrl.it\/\"},{\"@type\":\"ListItem\",\"position\":2,\"name\":\"SOLUZIONI\",\"item\":\"https:\/\/www.moreschisrl.it\/soluzioni\/\"},{\"@type\":\"ListItem\",\"position\":3,\"name\":\"LOGISTICA \u2013 PUNTI DI CARICO\"}]},{\"@type\":\"WebSite\",\"@id\":\"https:\/\/www.moreschisrl.it\/#website\",\"url\":\"https:\/\/www.moreschisrl.it\/\",\"name\":\"Moreschi\",\"description\":\"\",\"potentialAction\":[{\"@type\":\"SearchAction\",\"target\":{\"@type\":\"EntryPoint\",\"urlTemplate\":\"https:\/\/www.moreschisrl.it\/?s={search_term_string}\"},\"query-input\":{\"@type\":\"PropertyValueSpecification\",\"valueRequired\":true,\"valueName\":\"search_term_string\"}}],\"inLanguage\":\"fr-FR\"}]}<\/script>\n<!-- \/ Yoast SEO plugin. -->","yoast_head_json":{"title":"LOGISTICA \u2013 PUNTI DI CARICO - Moreschi","robots":{"index":"index","follow":"follow","max-snippet":"max-snippet:-1","max-image-preview":"max-image-preview:large","max-video-preview":"max-video-preview:-1"},"canonical":"https:\/\/www.moreschisrl.it\/fr\/soluzioni\/logistica-punti-di-carico\/","og_locale":"fr_FR","og_type":"article","og_title":"LOGISTICA \u2013 PUNTI DI CARICO - Moreschi","og_url":"https:\/\/www.moreschisrl.it\/fr\/soluzioni\/logistica-punti-di-carico\/","og_site_name":"Moreschi","article_modified_time":"2021-01-21T09:55:51+00:00","og_image":[{"width":1920,"height":1080,"url":"https:\/\/www.moreschisrl.it\/wp-content\/uploads\/2020\/09\/Soluzioni-Moreschi-Portoni-internazionale.jpg","type":"image\/jpeg"}],"twitter_card":"summary_large_image","twitter_misc":{"Dur\u00e9e de lecture estim\u00e9e":"2 minutes"},"schema":{"@context":"https:\/\/schema.org","@graph":[{"@type":"WebPage","@id":"https:\/\/www.moreschisrl.it\/soluzioni\/logistica-punti-di-carico\/","url":"https:\/\/www.moreschisrl.it\/soluzioni\/logistica-punti-di-carico\/","name":"LOGISTICA \u2013 PUNTI DI CARICO - Moreschi","isPartOf":{"@id":"https:\/\/www.moreschisrl.it\/#website"},"datePublished":"2020-04-10T13:52:45+00:00","dateModified":"2021-01-21T09:55:51+00:00","breadcrumb":{"@id":"https:\/\/www.moreschisrl.it\/soluzioni\/logistica-punti-di-carico\/#breadcrumb"},"inLanguage":"fr-FR","potentialAction":[{"@type":"ReadAction","target":["https:\/\/www.moreschisrl.it\/soluzioni\/logistica-punti-di-carico\/"]}]},{"@type":"BreadcrumbList","@id":"https:\/\/www.moreschisrl.it\/soluzioni\/logistica-punti-di-carico\/#breadcrumb","itemListElement":[{"@type":"ListItem","position":1,"name":"Home","item":"https:\/\/www.moreschisrl.it\/"},{"@type":"ListItem","position":2,"name":"SOLUZIONI","item":"https:\/\/www.moreschisrl.it\/soluzioni\/"},{"@type":"ListItem","position":3,"name":"LOGISTICA \u2013 PUNTI DI CARICO"}]},{"@type":"WebSite","@id":"https:\/\/www.moreschisrl.it\/#website","url":"https:\/\/www.moreschisrl.it\/","name":"Moreschi","description":"","potentialAction":[{"@type":"SearchAction","target":{"@type":"EntryPoint","urlTemplate":"https:\/\/www.moreschisrl.it\/?s={search_term_string}"},"query-input":{"@type":"PropertyValueSpecification","valueRequired":true,"valueName":"search_term_string"}}],"inLanguage":"fr-FR"}]}},"_links":{"self":[{"href":"https:\/\/www.moreschisrl.it\/fr\/wp-json\/wp\/v2\/pages\/6722","targetHints":{"allow":["GET"]}}],"collection":[{"href":"https:\/\/www.moreschisrl.it\/fr\/wp-json\/wp\/v2\/pages"}],"about":[{"href":"https:\/\/www.moreschisrl.it\/fr\/wp-json\/wp\/v2\/types\/page"}],"author":[{"embeddable":true,"href":"https:\/\/www.moreschisrl.it\/fr\/wp-json\/wp\/v2\/users\/1"}],"replies":[{"embeddable":true,"href":"https:\/\/www.moreschisrl.it\/fr\/wp-json\/wp\/v2\/comments?post=6722"}],"version-history":[{"count":7,"href":"https:\/\/www.moreschisrl.it\/fr\/wp-json\/wp\/v2\/pages\/6722\/revisions"}],"predecessor-version":[{"id":9472,"href":"https:\/\/www.moreschisrl.it\/fr\/wp-json\/wp\/v2\/pages\/6722\/revisions\/9472"}],"up":[{"embeddable":true,"href":"https:\/\/www.moreschisrl.it\/fr\/wp-json\/wp\/v2\/pages\/5359"}],"wp:attachment":[{"href":"https:\/\/www.moreschisrl.it\/fr\/wp-json\/wp\/v2\/media?parent=6722"}],"wp:term":[{"taxonomy":"category","embeddable":true,"href":"https:\/\/www.moreschisrl.it\/fr\/wp-json\/wp\/v2\/categories?post=6722"},{"taxonomy":"post_tag","embeddable":true,"href":"https:\/\/www.moreschisrl.it\/fr\/wp-json\/wp\/v2\/tags?post=6722"}],"curies":[{"name":"wp","href":"https:\/\/api.w.org\/{rel}","templated":true}]}}