{"id":6610,"date":"2020-03-20T13:38:35","date_gmt":"2020-03-20T13:38:35","guid":{"rendered":"https:\/\/www.moreschisrl.it\/?page_id=6610"},"modified":"2020-08-24T10:33:14","modified_gmt":"2020-08-24T10:33:14","slug":"guidati-da","status":"publish","type":"page","link":"https:\/\/www.moreschisrl.it\/fr\/guides-par\/","title":{"rendered":"GUID\u00c9S PAR"},"content":{"rendered":"<div class=\"wpb-content-wrapper\"><div class=\"vc_row wpb_row vc_row-fluid vc_custom_1463499713574\"><div class=\"wpb_column vc_column_container vc_col-sm-6\"><div class=\"vc_column-inner vc_custom_1463499493091\"><div class=\"wpb_wrapper\"><div class=\"mgt-promo-block black-text text-size-normal no-darken mgt-promo-block-74687184617 wpb_content_element\" data-style=\"background-color: #f5f5f5;width: 100%; height: 400px;\"><div class=\"mgt-promo-block-content\"><div class=\"mgt-promo-block-content-inside vc_custom_1587683659799\">\n<h2 style=\"text-align: left\"><strong>NOTRE CROYANCE<\/strong><\/h2>\n<p style=\"text-align: left\"><span style=\"font-size: 14pt\">Nous aimons les fermetures mais nous sommes avant tout motiv\u00e9s par les ouvertures qui nous orientent vers des \u00e9volutions technologiques continues de nos produits. S post attention de l'\u00e9vidence, pour reconna\u00eetre chaque produit comme porteur d'un contenu technologique \u00e9lev\u00e9.<\/span>\n<\/div><\/div><\/div><\/div><\/div><\/div><div class=\"wpb_column vc_column_container vc_col-sm-6\"><div class=\"vc_column-inner vc_custom_1463499505870\"><div class=\"wpb_wrapper\"><div class=\"mgt-promo-block white-text cover-image text-size-normal no-darken mgt-promo-block-24893773906 wpb_content_element\" data-style=\"background-image: url(https:\/\/www.moreschisrl.it\/wp-content\/uploads\/2020\/08\/Vision-Moreschi.jpg);background-repeat: no-repeat;width: 100%; height: 400px;\"><div class=\"mgt-promo-block-content\"><div class=\"mgt-promo-block-content-inside\"><\/div><\/div><\/div><\/div><\/div><\/div><\/div><div class=\"vc_row wpb_row vc_row-fluid\"><div class=\"wpb_column vc_column_container vc_col-sm-12\"><div class=\"vc_column-inner\"><div class=\"wpb_wrapper\"><div class=\"mgt-header-block clearfix text-left text-black wpb_content_element  mgt-header-block-style-1 mgt-header-texttransform-none\"><h2 class=\"mgt-header-block-title\">Le monde Moreschi repose sur six piliers fondamentaux:<\/h2><div class=\"mgt-header-line\"><\/div><\/div><\/div><\/div><\/div><\/div><div class=\"vc_row wpb_row vc_row-fluid\"><div class=\"wpb_column vc_column_container vc_col-sm-6\"><div class=\"vc_column-inner\"><div class=\"wpb_wrapper\"><div class=\"mgt-icon-box wpb_content_element wpb_animate_when_almost_visible wpb_appear mgt-icon-box-right mgt-icon-image text-black\"><div class=\"mgt-icon-box-icon hvr-icon-push\"><img decoding=\"async\" src=\"https:\/\/www.moreschisrl.it\/wp-content\/uploads\/2020\/04\/moreschi-marchio-header-1.png\" alt=\"VALEURS enracin\u00e9es\" \/><\/div><div class=\"mgt-icon-box-content\"><h5>VALEURS enracin\u00e9es<\/h5><\/p>\n<p class=\"p1\"><span style=\"font-size: 14pt\">Les gens au centre, toujours! Reconna\u00eetre les r\u00f4les, les comp\u00e9tences et, pourquoi pas, m\u00eame la vision.<\/span><\/p>\n<p><\/div><div class=\"clearfix\"><\/div><\/div><div class=\"mgt-icon-box wpb_content_element wpb_animate_when_almost_visible wpb_appear mgt-icon-box-right mgt-icon-image text-black\"><div class=\"mgt-icon-box-icon hvr-icon-push\"><img decoding=\"async\" src=\"https:\/\/www.moreschisrl.it\/wp-content\/uploads\/2020\/04\/moreschi-marchio-header-1.png\" alt=\"ACC\u00c9L\u00c9RER LE CHANGEMENT\" \/><\/div><div class=\"mgt-icon-box-content\"><h5>ACC\u00c9L\u00c9RER LE CHANGEMENT<\/h5><\/p>\n<p class=\"p1\"><span style=\"font-size: 14pt\">Technologie et innovation \u00e0 la base de l'action quotidienne. Vous n'\u00eates comp\u00e9titif que si vous \u00eates innovant.<\/span><\/p>\n<p><\/div><div class=\"clearfix\"><\/div><\/div><div class=\"mgt-icon-box wpb_content_element wpb_animate_when_almost_visible wpb_appear mgt-icon-box-right mgt-icon-image text-black\"><div class=\"mgt-icon-box-icon hvr-icon-push\"><img decoding=\"async\" src=\"https:\/\/www.moreschisrl.it\/wp-content\/uploads\/2020\/04\/moreschi-marchio-header-1.png\" alt=\"L&#039;ESPRIT D&#039;ENTREPRISE\" \/><\/div><div class=\"mgt-icon-box-content\"><h5>L'ESPRIT D'ENTREPRISE<\/h5><\/p>\n<p class=\"p1\"><span style=\"font-size: 14pt\">Savoir saisir de nouvelles opportunit\u00e9s de march\u00e9. Changer et acqu\u00e9rir de nouvelles comp\u00e9tences.<\/span><\/p>\n<p><\/div><div class=\"clearfix\"><\/div><\/div><\/div><\/div><\/div><div class=\"wpb_column vc_column_container vc_col-sm-6\"><div class=\"vc_column-inner\"><div class=\"wpb_wrapper\"><div class=\"mgt-icon-box wpb_content_element wpb_animate_when_almost_visible wpb_appear mgt-icon-box-right mgt-icon-image text-black\"><div class=\"mgt-icon-box-icon hvr-icon-push\"><img decoding=\"async\" src=\"https:\/\/www.moreschisrl.it\/wp-content\/uploads\/2020\/04\/moreschi-marchio-header-1.png\" alt=\"APPRENDRE DE L&#039;EXP\u00c9RIENCE\" \/><\/div><div class=\"mgt-icon-box-content\"><h5>APPRENDRE DE L'EXP\u00c9RIENCE<\/h5><\/p>\n<p class=\"p1\"><span style=\"font-size: 14pt\">Ce que nous serons demain est n\u00e9 de ce que nous \u00e9tions hier.<\/span><\/p>\n<p><\/div><div class=\"clearfix\"><\/div><\/div><div class=\"mgt-icon-box wpb_content_element wpb_animate_when_almost_visible wpb_appear mgt-icon-box-right mgt-icon-image text-black\"><div class=\"mgt-icon-box-icon hvr-icon-push\"><img decoding=\"async\" src=\"https:\/\/www.moreschisrl.it\/wp-content\/uploads\/2020\/04\/moreschi-marchio-header-1.png\" alt=\"COMMANDE ET M\u00c9THODE\" \/><\/div><div class=\"mgt-icon-box-content\"><h5>COMMANDE ET M\u00c9THODE<\/h5><\/p>\n<p class=\"p1\"><span style=\"font-size: 14pt\">Hors standard est la norme pour nous. Cela n'est possible que si les processus de production sont efficaces.<\/span><\/p>\n<p><\/div><div class=\"clearfix\"><\/div><\/div><div class=\"mgt-icon-box wpb_content_element wpb_animate_when_almost_visible wpb_appear mgt-icon-box-right mgt-icon-image text-black\"><div class=\"mgt-icon-box-icon hvr-icon-push\"><img decoding=\"async\" src=\"https:\/\/www.moreschisrl.it\/wp-content\/uploads\/2020\/04\/moreschi-marchio-header-1.png\" alt=\"LE CLIENT AVANT TOUT\" \/><\/div><div class=\"mgt-icon-box-content\"><h5>LE CLIENT AVANT TOUT<\/h5><\/p>\n<p class=\"p1\"><span style=\"font-size: 14pt\">Ce n'est pas le produit que nous devons donner, mais un ensemble de satisfactions.<\/span><\/p>\n<p><\/div><div class=\"clearfix\"><\/div><\/div><\/div><\/div><\/div><\/div>\n<\/div>","protected":false},"excerpt":{"rendered":"IL NOSTRO CREDO Amiamo le chiusure ma siamo spinti soprattutto dalle aperture che ci indirizzano verso continue evoluzioni tecnologiche dei nostri prodotti. spostare l\u2019attenzione dallo scontato, per riconoscere ad ogni...","protected":false},"author":1,"featured_media":0,"parent":0,"menu_order":0,"comment_status":"closed","ping_status":"closed","template":"","meta":{"footnotes":""},"categories":[],"tags":[],"class_list":["post-6610","page","type-page","status-publish","hentry"],"yoast_head":"<!-- This site is optimized with the Yoast SEO plugin v25.4 - https:\/\/yoast.com\/wordpress\/plugins\/seo\/ -->\n<title>GUIDATI DA - Moreschi<\/title>\n<meta name=\"robots\" content=\"index, follow, max-snippet:-1, max-image-preview:large, max-video-preview:-1\" \/>\n<link rel=\"canonical\" href=\"https:\/\/www.moreschisrl.it\/fr\/guidati-da\/\" \/>\n<meta property=\"og:locale\" content=\"fr_FR\" \/>\n<meta property=\"og:type\" content=\"article\" \/>\n<meta property=\"og:title\" content=\"GUIDATI DA - Moreschi\" \/>\n<meta property=\"og:url\" content=\"https:\/\/www.moreschisrl.it\/fr\/guidati-da\/\" \/>\n<meta property=\"og:site_name\" content=\"Moreschi\" \/>\n<meta property=\"article:modified_time\" content=\"2020-08-24T10:33:14+00:00\" \/>\n<meta property=\"og:image\" content=\"https:\/\/www.moreschisrl.it\/wp-content\/uploads\/2020\/09\/Soluzioni-Moreschi-Portoni-internazionale.jpg\" \/>\n\t<meta property=\"og:image:width\" content=\"1920\" \/>\n\t<meta property=\"og:image:height\" content=\"1080\" \/>\n\t<meta property=\"og:image:type\" content=\"image\/jpeg\" \/>\n<meta name=\"twitter:card\" content=\"summary_large_image\" \/>\n<meta name=\"twitter:label1\" content=\"Dur\u00e9e de lecture estim\u00e9e\" \/>\n\t<meta name=\"twitter:data1\" content=\"2 minutes\" \/>\n<script type=\"application\/ld+json\" class=\"yoast-schema-graph\">{\"@context\":\"https:\/\/schema.org\",\"@graph\":[{\"@type\":\"WebPage\",\"@id\":\"https:\/\/www.moreschisrl.it\/guidati-da\/\",\"url\":\"https:\/\/www.moreschisrl.it\/guidati-da\/\",\"name\":\"GUIDATI DA - Moreschi\",\"isPartOf\":{\"@id\":\"https:\/\/www.moreschisrl.it\/#website\"},\"datePublished\":\"2020-03-20T13:38:35+00:00\",\"dateModified\":\"2020-08-24T10:33:14+00:00\",\"breadcrumb\":{\"@id\":\"https:\/\/www.moreschisrl.it\/guidati-da\/#breadcrumb\"},\"inLanguage\":\"fr-FR\",\"potentialAction\":[{\"@type\":\"ReadAction\",\"target\":[\"https:\/\/www.moreschisrl.it\/guidati-da\/\"]}]},{\"@type\":\"BreadcrumbList\",\"@id\":\"https:\/\/www.moreschisrl.it\/guidati-da\/#breadcrumb\",\"itemListElement\":[{\"@type\":\"ListItem\",\"position\":1,\"name\":\"Home\",\"item\":\"https:\/\/www.moreschisrl.it\/\"},{\"@type\":\"ListItem\",\"position\":2,\"name\":\"GUIDATI DA\"}]},{\"@type\":\"WebSite\",\"@id\":\"https:\/\/www.moreschisrl.it\/#website\",\"url\":\"https:\/\/www.moreschisrl.it\/\",\"name\":\"Moreschi\",\"description\":\"\",\"potentialAction\":[{\"@type\":\"SearchAction\",\"target\":{\"@type\":\"EntryPoint\",\"urlTemplate\":\"https:\/\/www.moreschisrl.it\/?s={search_term_string}\"},\"query-input\":{\"@type\":\"PropertyValueSpecification\",\"valueRequired\":true,\"valueName\":\"search_term_string\"}}],\"inLanguage\":\"fr-FR\"}]}<\/script>\n<!-- \/ Yoast SEO plugin. -->","yoast_head_json":{"title":"GUIDATI DA - Moreschi","robots":{"index":"index","follow":"follow","max-snippet":"max-snippet:-1","max-image-preview":"max-image-preview:large","max-video-preview":"max-video-preview:-1"},"canonical":"https:\/\/www.moreschisrl.it\/fr\/guidati-da\/","og_locale":"fr_FR","og_type":"article","og_title":"GUIDATI DA - Moreschi","og_url":"https:\/\/www.moreschisrl.it\/fr\/guidati-da\/","og_site_name":"Moreschi","article_modified_time":"2020-08-24T10:33:14+00:00","og_image":[{"width":1920,"height":1080,"url":"https:\/\/www.moreschisrl.it\/wp-content\/uploads\/2020\/09\/Soluzioni-Moreschi-Portoni-internazionale.jpg","type":"image\/jpeg"}],"twitter_card":"summary_large_image","twitter_misc":{"Dur\u00e9e de lecture estim\u00e9e":"2 minutes"},"schema":{"@context":"https:\/\/schema.org","@graph":[{"@type":"WebPage","@id":"https:\/\/www.moreschisrl.it\/guidati-da\/","url":"https:\/\/www.moreschisrl.it\/guidati-da\/","name":"GUIDATI DA - Moreschi","isPartOf":{"@id":"https:\/\/www.moreschisrl.it\/#website"},"datePublished":"2020-03-20T13:38:35+00:00","dateModified":"2020-08-24T10:33:14+00:00","breadcrumb":{"@id":"https:\/\/www.moreschisrl.it\/guidati-da\/#breadcrumb"},"inLanguage":"fr-FR","potentialAction":[{"@type":"ReadAction","target":["https:\/\/www.moreschisrl.it\/guidati-da\/"]}]},{"@type":"BreadcrumbList","@id":"https:\/\/www.moreschisrl.it\/guidati-da\/#breadcrumb","itemListElement":[{"@type":"ListItem","position":1,"name":"Home","item":"https:\/\/www.moreschisrl.it\/"},{"@type":"ListItem","position":2,"name":"GUIDATI DA"}]},{"@type":"WebSite","@id":"https:\/\/www.moreschisrl.it\/#website","url":"https:\/\/www.moreschisrl.it\/","name":"Moreschi","description":"","potentialAction":[{"@type":"SearchAction","target":{"@type":"EntryPoint","urlTemplate":"https:\/\/www.moreschisrl.it\/?s={search_term_string}"},"query-input":{"@type":"PropertyValueSpecification","valueRequired":true,"valueName":"search_term_string"}}],"inLanguage":"fr-FR"}]}},"_links":{"self":[{"href":"https:\/\/www.moreschisrl.it\/fr\/wp-json\/wp\/v2\/pages\/6610","targetHints":{"allow":["GET"]}}],"collection":[{"href":"https:\/\/www.moreschisrl.it\/fr\/wp-json\/wp\/v2\/pages"}],"about":[{"href":"https:\/\/www.moreschisrl.it\/fr\/wp-json\/wp\/v2\/types\/page"}],"author":[{"embeddable":true,"href":"https:\/\/www.moreschisrl.it\/fr\/wp-json\/wp\/v2\/users\/1"}],"replies":[{"embeddable":true,"href":"https:\/\/www.moreschisrl.it\/fr\/wp-json\/wp\/v2\/comments?post=6610"}],"version-history":[{"count":12,"href":"https:\/\/www.moreschisrl.it\/fr\/wp-json\/wp\/v2\/pages\/6610\/revisions"}],"predecessor-version":[{"id":6613,"href":"https:\/\/www.moreschisrl.it\/fr\/wp-json\/wp\/v2\/pages\/6610\/revisions\/6613"}],"wp:attachment":[{"href":"https:\/\/www.moreschisrl.it\/fr\/wp-json\/wp\/v2\/media?parent=6610"}],"wp:term":[{"taxonomy":"category","embeddable":true,"href":"https:\/\/www.moreschisrl.it\/fr\/wp-json\/wp\/v2\/categories?post=6610"},{"taxonomy":"post_tag","embeddable":true,"href":"https:\/\/www.moreschisrl.it\/fr\/wp-json\/wp\/v2\/tags?post=6610"}],"curies":[{"name":"wp","href":"https:\/\/api.w.org\/{rel}","templated":true}]}}