{"id":625,"date":"2016-04-11T13:07:48","date_gmt":"2016-04-11T13:07:48","guid":{"rendered":"https:\/\/wp.magnium-themes.com\/thebuilt\/thebuilt-8\/?page_id=625"},"modified":"2022-09-30T13:42:12","modified_gmt":"2022-09-30T13:42:12","slug":"clean-porte-rapide-per-camere-bianche","status":"publish","type":"page","link":"https:\/\/www.moreschisrl.it\/fr\/solutions\/portes-rapides-pour-salles-blanches\/clean-portes-rapides-pour-salles-blanches\/","title":{"rendered":"CLEAN - Portes rapides pour salles blanches"},"content":{"rendered":"<div class=\"wpb-content-wrapper\"><div class=\"vc_row wpb_row vc_row-fluid\"><div class=\"wpb_column vc_column_container vc_col-sm-6\"><div class=\"vc_column-inner vc_custom_1460641256688\"><div class=\"wpb_wrapper\"><style scoped='scoped'>.mgt-promo-block-36261014417.mgt-promo-block .mgt-promo-block-content h2 {font-size: 30px;line-height: normal!important;}<\/style><div class=\"mgt-promo-block black-text text-size-normal no-darken mgt-promo-block-36261014417 wpb_content_element\" data-style=\"width: 100%; height: 400px;\"><div class=\"mgt-promo-block-content\"><div class=\"mgt-promo-block-content-inside vc_custom_1611156884538\">\n<h4>Roll-up porte - Domaine d'application en classe 6 - ISO 14644 -1<\/h4>\n<h2 style=\"text-align: left\"><strong>CLEAN - Portes rapides pour salles blanches<\/strong><\/h2>\n<p style=\"text-align: left\">Con\u00e7us et construits par Moreschi, ils r\u00e9pondent aux crit\u00e8res stricts des industries pharmaceutique, biotechnologique , m\u00e9dicale, cosm\u00e9tique, \u00e9lectronique, a\u00e9rospatiale et automobile.<br \/>\nIn grado di fornire un&#8217;ottima tenuta all&#8217;aria e con un&#8217;elevata velocit\u00e0 di funzionamento, minimizza il passaggio delle impurit\u00e0 tra gli ambienti.\n<\/div><\/div><\/div><\/div><\/div><\/div><div class=\"wpb_column vc_column_container vc_col-sm-6\"><div class=\"vc_column-inner vc_custom_1586781398625\"><div class=\"wpb_wrapper\"><style scoped='scoped'>.mgt-promo-block-36261014317.mgt-promo-block .mgt-promo-block-content h2 {font-size: 30px;line-height: normal!important;}<\/style><div class=\"mgt-promo-block black-text cover-image text-size-normal no-darken mgt-promo-block-36261014317 wpb_content_element\" data-style=\"background-color: #f5f5f5;background-image: url(https:\/\/www.moreschisrl.it\/wp-content\/uploads\/2020\/04\/11A-CLEAN.jpg);background-repeat: no-repeat;width: 100%; height: 400px;\"><div class=\"mgt-promo-block-content\"><div class=\"mgt-promo-block-content-inside\"><\/div><\/div><\/div><\/div><\/div><\/div><\/div><div class=\"vc_row wpb_row vc_row-fluid vc_custom_1586767141809\"><div class=\"wpb_column vc_column_container vc_col-sm-12\"><div class=\"vc_column-inner vc_custom_1586764740774\"><div class=\"wpb_wrapper\"><div class=\"wpb_images_carousel wpb_content_element vc_clearfix\">\n\t<div class=\"wpb_wrapper\">\n\t\t\t\t<div id=\"vc_images-carousel-1-1776600540\" data-ride=\"vc_carousel\" data-wrap=\"false\" style=\"width: 100%;\" data-interval=\"0\" data-auto-height=\"yes\" data-mode=\"horizontal\" data-partial=\"false\" data-per-view=\"3\" data-hide-on-end=\"true\" class=\"vc_slide vc_images_carousel\">\n\t\t\t\t\t\t<!-- Wrapper for slides -->\n\t\t\t<div class=\"vc_carousel-inner\">\n\t\t\t\t<div class=\"vc_carousel-slideline\">\n\t\t\t\t\t<div class=\"vc_carousel-slideline-inner\">\n\t\t\t\t\t\t\t\t\t\t\t\t\t\t\t\t\t\t\t\t<div class=\"vc_item\">\n\t\t\t\t\t\t\t\t<div class=\"vc_inner\">\n\t\t\t\t\t\t\t\t\t\t\t\t\t\t\t\t\t\t\t<img loading=\"lazy\" decoding=\"async\" width=\"450\" height=\"350\" src=\"https:\/\/www.moreschisrl.it\/wp-content\/uploads\/2020\/04\/41A-CLEAN.jpg\" class=\"attachment-full\" alt=\"\" title=\"41A-CLEAN\" srcset=\"https:\/\/www.moreschisrl.it\/wp-content\/uploads\/2020\/04\/41A-CLEAN.jpg 450w, https:\/\/www.moreschisrl.it\/wp-content\/uploads\/2020\/04\/41A-CLEAN-300x233.jpg 300w\" sizes=\"auto, (max-width: 450px) 100vw, 450px\" \/>\t\t\t\t\t\t\t\t\t\t\t\t\t\t\t\t\t<\/div>\n\t\t\t\t\t\t\t<\/div>\n\t\t\t\t\t\t\t\t\t\t\t\t\t\t\t\t\t\t\t\t<div class=\"vc_item\">\n\t\t\t\t\t\t\t\t<div class=\"vc_inner\">\n\t\t\t\t\t\t\t\t\t\t\t\t\t\t\t\t\t\t\t<img loading=\"lazy\" decoding=\"async\" width=\"450\" height=\"350\" src=\"https:\/\/www.moreschisrl.it\/wp-content\/uploads\/2020\/04\/31A-CLEAN.jpg\" class=\"attachment-full\" alt=\"\" title=\"31A CLEAN\" srcset=\"https:\/\/www.moreschisrl.it\/wp-content\/uploads\/2020\/04\/31A-CLEAN.jpg 450w, https:\/\/www.moreschisrl.it\/wp-content\/uploads\/2020\/04\/31A-CLEAN-300x233.jpg 300w\" sizes=\"auto, (max-width: 450px) 100vw, 450px\" \/>\t\t\t\t\t\t\t\t\t\t\t\t\t\t\t\t\t<\/div>\n\t\t\t\t\t\t\t<\/div>\n\t\t\t\t\t\t\t\t\t\t\t\t\t\t\t\t\t\t\t\t<div class=\"vc_item\">\n\t\t\t\t\t\t\t\t<div class=\"vc_inner\">\n\t\t\t\t\t\t\t\t\t\t\t\t\t\t\t\t\t\t\t<img loading=\"lazy\" decoding=\"async\" width=\"450\" height=\"350\" src=\"https:\/\/www.moreschisrl.it\/wp-content\/uploads\/2020\/04\/21A-CLEAN.jpg\" class=\"attachment-full\" alt=\"\" title=\"21A CLEAN\" srcset=\"https:\/\/www.moreschisrl.it\/wp-content\/uploads\/2020\/04\/21A-CLEAN.jpg 450w, https:\/\/www.moreschisrl.it\/wp-content\/uploads\/2020\/04\/21A-CLEAN-300x233.jpg 300w\" sizes=\"auto, (max-width: 450px) 100vw, 450px\" \/>\t\t\t\t\t\t\t\t\t\t\t\t\t\t\t\t\t<\/div>\n\t\t\t\t\t\t\t<\/div>\n\t\t\t\t\t\t\t\t\t\t\t<\/div>\n\t\t\t\t<\/div>\n\t\t\t<\/div>\n\t\t\t\t\t<\/div>\n\t<\/div>\n<\/div>\n<\/div><\/div><\/div><\/div><div class=\"vc_row wpb_row vc_row-fluid\"><div class=\"wpb_column vc_column_container vc_col-sm-12\"><div class=\"vc_column-inner\"><div class=\"wpb_wrapper\"><div class=\"mgt-header-block clearfix text-left text-black wpb_content_element  mgt-header-block-style-1 mgt-header-texttransform-none  vc_custom_1586765175287\"><h3 class=\"mgt-header-block-title\">INFORMATIONS TECHNIQUES SUR LE PRODUIT<\/h3><div class=\"mgt-header-line\"><\/div><\/div>\n\t<div class=\"wpb_text_column wpb_content_element\" >\n\t\t<div class=\"wpb_wrapper\">\n\t\t\t<div class=\"page\" title=\"Page 16\">\n<div class=\"layoutArea\">\n<div class=\"column\">\n<p style=\"text-align: justify;\" class=\"translation-block\">Structure: \nT\u00f4le cintr\u00e9e avec finition peinte en blanc standard RAL9010. Protections amovibles pour l'entretien.<\/p>\n<p>&nbsp;<\/p>\n<p style=\"text-align: justify;\" class=\"translation-block\">Couverture: \nTissu antistatique approuv\u00e9 par la FDA. Couleurs standard (similaire RAL): gris (7038), bleu (5005). Le socle inf\u00e9rieur est en t\u00f4le avec une finition peinte en blanc standard RAL9010 et un joint d'\u00e9tanch\u00e9it\u00e9.<\/p>\n<p>&nbsp;<\/p>\n<p style=\"text-align: justify;\" class=\"translation-block\">Motorisation: \nGroupe moto-r\u00e9ducteur \u00e0 vis sans fin ext\u00e9rieur \u00e0 la structure recouvert d'un carter. Vitesse nominale jusqu'\u00e0 1,25 m \/ sec. Unit\u00e9 de contr\u00f4le avec inverseur externe qui vous permet de programmer le mouvement du tissu avec des rampes d'acc\u00e9l\u00e9ration et de freinage et un contr\u00f4le de vitesse.<\/p>\n<p>&nbsp;<\/p>\n<p style=\"text-align: justify;\" class=\"translation-block\">S\u00e9curit\u00e9: \nBarri\u00e8res photocellules<\/p>\n<\/div>\n<\/div>\n<p>&nbsp;<\/p>\n<p>Temp\u00e9rature de fonctionnement + 4 \u00b0 C et +40 \u00b0 C<\/p>\n<p>Perte d'air avec des valeurs de pression diff\u00e9rentielle de 50 Pa   &lt; 12 m \u00b3 \/ m \u00b2 * h   EN12426<\/p>\n<p>Alimentation monophas\u00e9e 220V<\/p>\n<p>Norme CE EN13241-1<\/p>\n<p><strong>Options:<\/strong><\/p>\n<p>Tissu antistatique couleur Bleu ciel (5015) Lisse<br \/>\nCouleur structure sur demande en couleur RAL<br \/>\nStructure en acier inoxydable<br \/>\nSection de hublot h.500mm<br \/>\nFabriqu\u00e9 avec des composants UL<br \/>\nUPS<\/p>\n<\/div>\n\n\t\t<\/div>\n\t<\/div>\n<\/div><\/div><\/div><\/div><div class=\"vc_row wpb_row vc_row-fluid\"><div class=\"wpb_column vc_column_container vc_col-sm-12\"><div class=\"vc_column-inner\"><div class=\"wpb_wrapper\"><div class=\"vc_separator wpb_content_element vc_separator_align_center vc_sep_width_100 vc_sep_pos_align_center vc_separator_no_text vc_sep_color_grey wpb_content_element  wpb_content_element\" ><span class=\"vc_sep_holder vc_sep_holder_l\"><span class=\"vc_sep_line\"><\/span><\/span><span class=\"vc_sep_holder vc_sep_holder_r\"><span class=\"vc_sep_line\"><\/span><\/span>\n<\/div><\/div><\/div><\/div><\/div><div class=\"vc_row wpb_row vc_row-fluid\"><div class=\"wpb_column vc_column_container vc_col-sm-6\"><div class=\"vc_column-inner\"><div class=\"wpb_wrapper\"><div class=\"mgt-header-block clearfix text-left text-black wpb_content_element  mgt-header-block-style-1 mgt-header-texttransform-none  vc_custom_1586765376493\"><h3 class=\"mgt-header-block-title\">T\u00c9L\u00c9CHARGER LA FICHE TECHNIQUE<\/h3><div class=\"mgt-header-line\"><\/div><\/div>\n\t<div class=\"wpb_single_image wpb_content_element vc_align_center\">\n\t\t\n\t\t<figure class=\"wpb_wrapper vc_figure\">\n\t\t\t<div class=\"vc_single_image-wrapper   vc_box_border_grey\"><img loading=\"lazy\" decoding=\"async\" width=\"450\" height=\"350\" src=\"https:\/\/www.moreschisrl.it\/wp-content\/uploads\/2020\/04\/10-1A-CLEAN.jpg\" class=\"vc_single_image-img attachment-full\" alt=\"\" title=\"10-1A-CLEAN\" srcset=\"https:\/\/www.moreschisrl.it\/wp-content\/uploads\/2020\/04\/10-1A-CLEAN.jpg 450w, https:\/\/www.moreschisrl.it\/wp-content\/uploads\/2020\/04\/10-1A-CLEAN-300x233.jpg 300w\" sizes=\"auto, (max-width: 450px) 100vw, 450px\" \/><\/div>\n\t\t<\/figure>\n\t<\/div>\n<div class=\"vc_row wpb_row vc_inner vc_row-fluid\"><div class=\"wpb_column vc_column_container vc_col-sm-6\"><div class=\"vc_column-inner\"><div class=\"wpb_wrapper\">\n\t<div class=\"wpb_raw_code wpb_raw_html wpb_content_element\" >\n\t\t<div class=\"wpb_wrapper\">\n\t\t\t<div class=\"widget-download-link-wrapper\">\n<div class=\"widget-download-icon\"><i class=\"fa fa-file-pdf-o\"><\/i>\n<\/div>\n<div class=\"widget-download-details\">\n<div class=\"widget-download-title\"><a href=\"https:\/\/www.moreschisrl.it\/pdf\/prodotti\/clean-porte-rapide-camere-bianche.pdf\" target=\"_blank\">FICHE TECHNIQUE<\/a><\/div>\n<\/div>\n<\/div>\n\n\t\t<\/div>\n\t<\/div>\n<\/div><\/div><\/div><div class=\"wpb_column vc_column_container vc_col-sm-6\"><div class=\"vc_column-inner\"><div class=\"wpb_wrapper\">\n\t<div class=\"wpb_raw_code wpb_raw_html wpb_content_element\" >\n\t\t<div class=\"wpb_wrapper\">\n\t\t\t<div class=\"widget-download-link-wrapper\">\n<div class=\"widget-download-icon\"><i class=\"fa fa-file-pdf-o\"><\/i>\n<\/div>\n<div class=\"widget-download-details\">\n<div class=\"widget-download-title\"><a href=\"https:\/\/www.moreschisrl.it\/wp-content\/uploads\/2022\/09\/CLEAN-DOOR-CAMERE-BIANCHE-DEPLIANT.pdf\" target=\"_blank\">CATALOGUE PRODUIT<\/a><\/div>\n<\/div>\n<\/div>\n\n\t\t<\/div>\n\t<\/div>\n<\/div><\/div><\/div><\/div><\/div><\/div><\/div><div class=\"wpb_column vc_column_container vc_col-sm-6\"><div class=\"vc_column-inner\"><div class=\"wpb_wrapper\"><div class=\"mgt-header-block clearfix text-left text-black wpb_content_element  mgt-header-block-style-1 mgt-header-texttransform-none  vc_custom_1586766065086\"><h3 class=\"mgt-header-block-title\">SP\u00c9CIFICATIONS<\/h3><div class=\"mgt-header-line\"><\/div><\/div>\n\t<div class=\"wpb_text_column wpb_content_element\" >\n\t\t<div class=\"wpb_wrapper\">\n\t\t\t<p>Un design raffin\u00e9 combin\u00e9 \u00e0 une structure solide garantissent une propret\u00e9 maximale dans les salles blanches.<\/p>\n\n\t\t<\/div>\n\t<\/div>\n<div class=\"vc_tta-container\" data-vc-action=\"collapse\"><div class=\"vc_general vc_tta vc_tta-accordion vc_tta-color-black vc_tta-style-classic vc_tta-shape-rounded vc_tta-o-shape-group vc_tta-controls-align-default\"><div class=\"vc_tta-panels-container\"><div class=\"vc_tta-panels\"><div class=\"vc_tta-panel vc_active\" id=\"1460465137169-8fa3dffe-29f8\" data-vc-content=\".vc_tta-panel-body\"><div class=\"vc_tta-panel-heading\"><h4 class=\"vc_tta-panel-title vc_tta-controls-icon-position-right\"><a href=\"#1460465137169-8fa3dffe-29f8\" data-vc-accordion data-vc-container=\".vc_tta-container\"><span class=\"vc_tta-title-text\">DIMENSIONS<\/span><i class=\"vc_tta-controls-icon vc_tta-controls-icon-plus\"><\/i><\/a><\/h4><\/div><div class=\"vc_tta-panel-body\">\n\t<div class=\"wpb_text_column wpb_content_element\" >\n\t\t<div class=\"wpb_wrapper\">\n\t\t\t<div class=\"page\" title=\"Page 18\">\n<div class=\"layoutArea\">\n<div class=\"column\">\n<p>Dimensions standard maximales r\u00e9alisables : L 2850 mm x H 3000 mm<\/p>\n<\/div>\n<\/div>\n<\/div>\n\n\t\t<\/div>\n\t<\/div>\n<\/div><\/div><div class=\"vc_tta-panel\" id=\"1460465137231-ccbe90e5-99f5\" data-vc-content=\".vc_tta-panel-body\"><div class=\"vc_tta-panel-heading\"><h4 class=\"vc_tta-panel-title vc_tta-controls-icon-position-right\"><a href=\"#1460465137231-ccbe90e5-99f5\" data-vc-accordion data-vc-container=\".vc_tta-container\"><span class=\"vc_tta-title-text\">COULEURS<\/span><i class=\"vc_tta-controls-icon vc_tta-controls-icon-plus\"><\/i><\/a><\/h4><\/div><div class=\"vc_tta-panel-body\">\n\t<div class=\"wpb_text_column wpb_content_element\" >\n\t\t<div class=\"wpb_wrapper\">\n\t\t\t<div class=\"page\" title=\"Page 18\">\n<div class=\"layoutArea\">\n<div class=\"column\">\n<p>Couleurs standard (similaire RAL): gris (7038) antistatique, bleu (5005) antistatique<\/p>\n<\/div>\n<\/div>\n<\/div>\n\n\t\t<\/div>\n\t<\/div>\n<\/div><\/div><div class=\"vc_tta-panel\" id=\"1460465338888-dfc970d8-6647\" data-vc-content=\".vc_tta-panel-body\"><div class=\"vc_tta-panel-heading\"><h4 class=\"vc_tta-panel-title vc_tta-controls-icon-position-right\"><a href=\"#1460465338888-dfc970d8-6647\" data-vc-accordion data-vc-container=\".vc_tta-container\"><span class=\"vc_tta-title-text\">ADAPT\u00c9 POUR<\/span><i class=\"vc_tta-controls-icon vc_tta-controls-icon-plus\"><\/i><\/a><\/h4><\/div><div class=\"vc_tta-panel-body\">\n\t<div class=\"wpb_text_column wpb_content_element\" >\n\t\t<div class=\"wpb_wrapper\">\n\t\t\t<div class=\"page\" title=\"Page 18\">\n<div class=\"layoutArea\">\n<div class=\"column\">\n<div class=\"page\" title=\"Page 18\">\n<div class=\"layoutArea\">\n<div class=\"column\">\n<p>Adapt\u00e9 pour usage int\u00e9rieur.<\/p>\n<\/div>\n<\/div>\n<\/div>\n<\/div>\n<\/div>\n<\/div>\n\n\t\t<\/div>\n\t<\/div>\n<\/div><\/div><\/div><\/div><\/div><\/div><\/div><\/div><\/div><\/div><div class=\"vc_row wpb_row vc_row-fluid\"><div class=\"wpb_column vc_column_container vc_col-sm-12\"><div class=\"vc_column-inner\"><div class=\"wpb_wrapper\"><div class=\"vc_separator wpb_content_element vc_separator_align_center vc_sep_width_100 vc_sep_pos_align_center vc_separator_no_text vc_sep_color_grey wpb_content_element  wpb_content_element\" ><span class=\"vc_sep_holder vc_sep_holder_l\"><span class=\"vc_sep_line\"><\/span><\/span><span class=\"vc_sep_holder vc_sep_holder_r\"><span class=\"vc_sep_line\"><\/span><\/span>\n<\/div><\/div><\/div><\/div><\/div><div data-vc-parallax=\"1.5\" data-vc-parallax-o-fade=\"on\" data-vc-parallax-image=\"https:\/\/www.moreschisrl.it\/wp-content\/uploads\/2020\/03\/moreschi-contatti-soluzioni.jpg\" class=\"vc_row wpb_row vc_row-fluid vc_custom_1588325574861 vc_general vc_parallax vc_parallax-content-moving-fade js-vc_parallax-o-fade\"><div class=\"wpb_column vc_column_container vc_col-sm-12\"><div class=\"vc_column-inner\"><div class=\"wpb_wrapper\"><div class=\"mgt-cta-block clearfix parallax white-text without-text wpb_content_element\" data-style=\"background-color: ;\"><div class=\"mgt-button-wrapper mgt-button-wrapper-align-right mgt-button-wrapper-display-newline mgt-button-top-margin-disable\"><a class=\"btn hvr-bounce-to-right mgt-button mgt-style-solid-invert mgt-size-normal mgt-align-right mgt-display-newline mgt-text-size-normal mgt-button-icon-position-left mgt-text-transform-uppercase\" href=\"https:\/\/www.moreschisrl.it\/fr\/richiedi-contatto\/\">NOUS CONTACTER<\/a><\/div><h5 class=\"mgt-cta-block-header\">Souhaitez-vous avoir plus d'informations sur ce produit?<\/h5><\/div><\/div><\/div><\/div><\/div><div data-vc-full-width=\"true\" data-vc-full-width-init=\"false\" data-vc-stretch-content=\"true\" class=\"vc_row wpb_row vc_row-fluid vc_custom_1586766193548\"><div class=\"wpb_column vc_column_container vc_col-sm-2\"><div class=\"vc_column-inner\"><div class=\"wpb_wrapper\"><\/div><\/div><\/div><div class=\"wpb_column vc_column_container vc_col-sm-8\"><div class=\"vc_column-inner\"><div class=\"wpb_wrapper\"><div class=\"mgt-cta-block clearfix black-text with-text no-side-paddings wpb_content_element\" data-style=\"background-color: #eeeeee;\"><div class=\"mgt-button-wrapper mgt-button-wrapper-align-right mgt-button-wrapper-display-newline mgt-button-top-margin-disable\"><a class=\"btn hvr-default mgt-button mgt-style-solid mgt-size-large mgt-align-right mgt-display-newline mgt-text-size-normal mgt-button-icon-position-left mgt-text-transform-uppercase\" href=\"https:\/\/www.moreschisrl.it\/fr\/soluzioni\/\">TOUTES LES SOLUTIONS<\/a><\/div><h5 class=\"mgt-cta-block-header\">D\u00c9COUVREZ LES AUTRES SOLUTIONS<\/h5><div class=\"mgt-cta-block-content\"><\/p>\n<div class=\"page\" title=\"Page 12\">\n<div class=\"layoutArea\">\n<div class=\"column\">\n<p>Voir toutes les solutions propos\u00e9es par Moreschi.<\/p>\n<\/div>\n<\/div>\n<\/div>\n<p><\/div><\/div><\/div><\/div><\/div><div class=\"wpb_column vc_column_container vc_col-sm-2\"><div class=\"vc_column-inner\"><div class=\"wpb_wrapper\"><\/div><\/div><\/div><\/div><div class=\"vc_row-full-width\"><\/div>\n<\/div>","protected":false},"excerpt":{"rendered":"Porta avvolgimento \u2013 Classe 8 \u2013 ISO 14644 CLEAN - Porte rapide per camere bianche Progettate e realizzate dalla Moreschi, rispondono ai severi criteri degli ambienti dell'industria farmaceutica, della biotecnologia...","protected":false},"author":1,"featured_media":0,"parent":6694,"menu_order":0,"comment_status":"closed","ping_status":"closed","template":"","meta":{"footnotes":""},"categories":[92],"tags":[],"class_list":["post-625","page","type-page","status-publish","hentry","category-01-porte-rapide-per-camere-bianche"],"yoast_head":"<!-- This site is optimized with the Yoast SEO plugin v25.4 - https:\/\/yoast.com\/wordpress\/plugins\/seo\/ -->\n<title>CLEAN - Porte rapide per camere bianche - Moreschi<\/title>\n<meta name=\"robots\" content=\"index, follow, max-snippet:-1, max-image-preview:large, max-video-preview:-1\" \/>\n<link rel=\"canonical\" href=\"https:\/\/www.moreschisrl.it\/fr\/soluzioni\/porte-rapide-per-camere-bianche\/clean-porte-rapide-per-camere-bianche\/\" \/>\n<meta property=\"og:locale\" content=\"fr_FR\" \/>\n<meta property=\"og:type\" content=\"article\" \/>\n<meta property=\"og:title\" content=\"CLEAN - Porte rapide per camere bianche - Moreschi\" \/>\n<meta property=\"og:url\" content=\"https:\/\/www.moreschisrl.it\/fr\/soluzioni\/porte-rapide-per-camere-bianche\/clean-porte-rapide-per-camere-bianche\/\" \/>\n<meta property=\"og:site_name\" content=\"Moreschi\" \/>\n<meta property=\"article:modified_time\" content=\"2022-09-30T13:42:12+00:00\" \/>\n<meta property=\"og:image\" content=\"https:\/\/www.moreschisrl.it\/wp-content\/uploads\/2020\/09\/Soluzioni-Moreschi-Portoni-internazionale.jpg\" \/>\n\t<meta property=\"og:image:width\" content=\"1920\" \/>\n\t<meta property=\"og:image:height\" content=\"1080\" \/>\n\t<meta property=\"og:image:type\" content=\"image\/jpeg\" \/>\n<meta name=\"twitter:card\" content=\"summary_large_image\" \/>\n<meta name=\"twitter:label1\" content=\"Dur\u00e9e de lecture estim\u00e9e\" \/>\n\t<meta name=\"twitter:data1\" content=\"5 minutes\" \/>\n<script type=\"application\/ld+json\" class=\"yoast-schema-graph\">{\"@context\":\"https:\/\/schema.org\",\"@graph\":[{\"@type\":\"WebPage\",\"@id\":\"https:\/\/www.moreschisrl.it\/soluzioni\/porte-rapide-per-camere-bianche\/clean-porte-rapide-per-camere-bianche\/\",\"url\":\"https:\/\/www.moreschisrl.it\/soluzioni\/porte-rapide-per-camere-bianche\/clean-porte-rapide-per-camere-bianche\/\",\"name\":\"CLEAN - Porte rapide per camere bianche - Moreschi\",\"isPartOf\":{\"@id\":\"https:\/\/www.moreschisrl.it\/#website\"},\"datePublished\":\"2016-04-11T13:07:48+00:00\",\"dateModified\":\"2022-09-30T13:42:12+00:00\",\"breadcrumb\":{\"@id\":\"https:\/\/www.moreschisrl.it\/soluzioni\/porte-rapide-per-camere-bianche\/clean-porte-rapide-per-camere-bianche\/#breadcrumb\"},\"inLanguage\":\"fr-FR\",\"potentialAction\":[{\"@type\":\"ReadAction\",\"target\":[\"https:\/\/www.moreschisrl.it\/soluzioni\/porte-rapide-per-camere-bianche\/clean-porte-rapide-per-camere-bianche\/\"]}]},{\"@type\":\"BreadcrumbList\",\"@id\":\"https:\/\/www.moreschisrl.it\/soluzioni\/porte-rapide-per-camere-bianche\/clean-porte-rapide-per-camere-bianche\/#breadcrumb\",\"itemListElement\":[{\"@type\":\"ListItem\",\"position\":1,\"name\":\"Home\",\"item\":\"https:\/\/www.moreschisrl.it\/\"},{\"@type\":\"ListItem\",\"position\":2,\"name\":\"SOLUZIONI\",\"item\":\"https:\/\/www.moreschisrl.it\/soluzioni\/\"},{\"@type\":\"ListItem\",\"position\":3,\"name\":\"PORTE RAPIDE PER CAMERE BIANCHE\",\"item\":\"https:\/\/www.moreschisrl.it\/soluzioni\/porte-rapide-per-camere-bianche\/\"},{\"@type\":\"ListItem\",\"position\":4,\"name\":\"CLEAN &#8211; Porte rapide per camere bianche\"}]},{\"@type\":\"WebSite\",\"@id\":\"https:\/\/www.moreschisrl.it\/#website\",\"url\":\"https:\/\/www.moreschisrl.it\/\",\"name\":\"Moreschi\",\"description\":\"\",\"potentialAction\":[{\"@type\":\"SearchAction\",\"target\":{\"@type\":\"EntryPoint\",\"urlTemplate\":\"https:\/\/www.moreschisrl.it\/?s={search_term_string}\"},\"query-input\":{\"@type\":\"PropertyValueSpecification\",\"valueRequired\":true,\"valueName\":\"search_term_string\"}}],\"inLanguage\":\"fr-FR\"}]}<\/script>\n<!-- \/ Yoast SEO plugin. -->","yoast_head_json":{"title":"CLEAN - Porte rapide per camere bianche - Moreschi","robots":{"index":"index","follow":"follow","max-snippet":"max-snippet:-1","max-image-preview":"max-image-preview:large","max-video-preview":"max-video-preview:-1"},"canonical":"https:\/\/www.moreschisrl.it\/fr\/soluzioni\/porte-rapide-per-camere-bianche\/clean-porte-rapide-per-camere-bianche\/","og_locale":"fr_FR","og_type":"article","og_title":"CLEAN - Porte rapide per camere bianche - Moreschi","og_url":"https:\/\/www.moreschisrl.it\/fr\/soluzioni\/porte-rapide-per-camere-bianche\/clean-porte-rapide-per-camere-bianche\/","og_site_name":"Moreschi","article_modified_time":"2022-09-30T13:42:12+00:00","og_image":[{"width":1920,"height":1080,"url":"https:\/\/www.moreschisrl.it\/wp-content\/uploads\/2020\/09\/Soluzioni-Moreschi-Portoni-internazionale.jpg","type":"image\/jpeg"}],"twitter_card":"summary_large_image","twitter_misc":{"Dur\u00e9e de lecture estim\u00e9e":"5 minutes"},"schema":{"@context":"https:\/\/schema.org","@graph":[{"@type":"WebPage","@id":"https:\/\/www.moreschisrl.it\/soluzioni\/porte-rapide-per-camere-bianche\/clean-porte-rapide-per-camere-bianche\/","url":"https:\/\/www.moreschisrl.it\/soluzioni\/porte-rapide-per-camere-bianche\/clean-porte-rapide-per-camere-bianche\/","name":"CLEAN - Porte rapide per camere bianche - Moreschi","isPartOf":{"@id":"https:\/\/www.moreschisrl.it\/#website"},"datePublished":"2016-04-11T13:07:48+00:00","dateModified":"2022-09-30T13:42:12+00:00","breadcrumb":{"@id":"https:\/\/www.moreschisrl.it\/soluzioni\/porte-rapide-per-camere-bianche\/clean-porte-rapide-per-camere-bianche\/#breadcrumb"},"inLanguage":"fr-FR","potentialAction":[{"@type":"ReadAction","target":["https:\/\/www.moreschisrl.it\/soluzioni\/porte-rapide-per-camere-bianche\/clean-porte-rapide-per-camere-bianche\/"]}]},{"@type":"BreadcrumbList","@id":"https:\/\/www.moreschisrl.it\/soluzioni\/porte-rapide-per-camere-bianche\/clean-porte-rapide-per-camere-bianche\/#breadcrumb","itemListElement":[{"@type":"ListItem","position":1,"name":"Home","item":"https:\/\/www.moreschisrl.it\/"},{"@type":"ListItem","position":2,"name":"SOLUZIONI","item":"https:\/\/www.moreschisrl.it\/soluzioni\/"},{"@type":"ListItem","position":3,"name":"PORTE RAPIDE PER CAMERE BIANCHE","item":"https:\/\/www.moreschisrl.it\/soluzioni\/porte-rapide-per-camere-bianche\/"},{"@type":"ListItem","position":4,"name":"CLEAN &#8211; Porte rapide per camere bianche"}]},{"@type":"WebSite","@id":"https:\/\/www.moreschisrl.it\/#website","url":"https:\/\/www.moreschisrl.it\/","name":"Moreschi","description":"","potentialAction":[{"@type":"SearchAction","target":{"@type":"EntryPoint","urlTemplate":"https:\/\/www.moreschisrl.it\/?s={search_term_string}"},"query-input":{"@type":"PropertyValueSpecification","valueRequired":true,"valueName":"search_term_string"}}],"inLanguage":"fr-FR"}]}},"_links":{"self":[{"href":"https:\/\/www.moreschisrl.it\/fr\/wp-json\/wp\/v2\/pages\/625","targetHints":{"allow":["GET"]}}],"collection":[{"href":"https:\/\/www.moreschisrl.it\/fr\/wp-json\/wp\/v2\/pages"}],"about":[{"href":"https:\/\/www.moreschisrl.it\/fr\/wp-json\/wp\/v2\/types\/page"}],"author":[{"embeddable":true,"href":"https:\/\/www.moreschisrl.it\/fr\/wp-json\/wp\/v2\/users\/1"}],"replies":[{"embeddable":true,"href":"https:\/\/www.moreschisrl.it\/fr\/wp-json\/wp\/v2\/comments?post=625"}],"version-history":[{"count":100,"href":"https:\/\/www.moreschisrl.it\/fr\/wp-json\/wp\/v2\/pages\/625\/revisions"}],"predecessor-version":[{"id":9812,"href":"https:\/\/www.moreschisrl.it\/fr\/wp-json\/wp\/v2\/pages\/625\/revisions\/9812"}],"up":[{"embeddable":true,"href":"https:\/\/www.moreschisrl.it\/fr\/wp-json\/wp\/v2\/pages\/6694"}],"wp:attachment":[{"href":"https:\/\/www.moreschisrl.it\/fr\/wp-json\/wp\/v2\/media?parent=625"}],"wp:term":[{"taxonomy":"category","embeddable":true,"href":"https:\/\/www.moreschisrl.it\/fr\/wp-json\/wp\/v2\/categories?post=625"},{"taxonomy":"post_tag","embeddable":true,"href":"https:\/\/www.moreschisrl.it\/fr\/wp-json\/wp\/v2\/tags?post=625"}],"curies":[{"name":"wp","href":"https:\/\/api.w.org\/{rel}","templated":true}]}}