{"id":5359,"date":"2020-03-11T14:28:32","date_gmt":"2020-03-11T14:28:32","guid":{"rendered":"https:\/\/www.moreschisrl.it\/?page_id=5359"},"modified":"2025-05-05T13:18:24","modified_gmt":"2025-05-05T13:18:24","slug":"soluzioni","status":"publish","type":"page","link":"https:\/\/www.moreschisrl.it\/fr\/solutions\/","title":{"rendered":"SOLUTIONS"},"content":{"rendered":"<div class=\"wpb-content-wrapper\"><div class=\"vc_row wpb_row vc_row-fluid\"><div class=\"wpb_column vc_column_container vc_col-sm-4\"><div class=\"vc_column-inner vc_custom_1584264257509\"><div class=\"wpb_wrapper\">\n\t<div class=\"wpb_single_image wpb_content_element vc_align_center  wpb_animate_when_almost_visible wpb_fadeIn fadeIn vc_custom_1584264281948\">\n\t\t\n\t\t<figure class=\"wpb_wrapper vc_figure\">\n\t\t\t<div class=\"vc_single_image-wrapper   vc_box_border_grey\"><img loading=\"lazy\" decoding=\"async\" width=\"500\" height=\"250\" src=\"https:\/\/www.moreschisrl.it\/wp-content\/uploads\/2020\/03\/2-AnteprimaGrandiDimensioni.jpg\" class=\"vc_single_image-img attachment-full\" alt=\"\" title=\"2 AnteprimaGrandiDimensioni\" srcset=\"https:\/\/www.moreschisrl.it\/wp-content\/uploads\/2020\/03\/2-AnteprimaGrandiDimensioni.jpg 500w, https:\/\/www.moreschisrl.it\/wp-content\/uploads\/2020\/03\/2-AnteprimaGrandiDimensioni-300x150.jpg 300w\" sizes=\"auto, (max-width: 500px) 100vw, 500px\" \/><\/div>\n\t\t<\/figure>\n\t<\/div>\n\n\t<div class=\"wpb_text_column wpb_content_element wpb_animate_when_almost_visible wpb_left-to-right left-to-right vc_custom_1588113111160\" >\n\t\t<div class=\"wpb_wrapper\">\n\t\t\t<h3 class=\"p1\"><b>PORTES INDUSTRIELLES DE GRANDE DIMENSION<\/b><\/h3>\n<p class=\"p1\"><span style=\"font-size: 13pt;\">Portes pliantes, porte rapide de grande dimension, etc.<\/span><\/p>\n<p><a class=\"btn hvr-default mgt-button mgt-style-solid mgt-size-normal mgt-align-center mgt-display-inline mgt-text-size-normal mgt-button-icon-position-left mgt-text-transform-none\" href=\"https:\/\/www.moreschisrl.it\/fr\/soluzioni\/chiusure-industriali-grandi-dimensioni\/\">En savoir plus<\/a><\/p>\n\n\t\t<\/div>\n\t<\/div>\n<\/div><\/div><\/div><div class=\"wpb_column vc_column_container vc_col-sm-4\"><div class=\"vc_column-inner vc_custom_1584264175447\"><div class=\"wpb_wrapper\">\n\t<div class=\"wpb_single_image wpb_content_element vc_align_center  wpb_animate_when_almost_visible wpb_fadeIn fadeIn vc_custom_1584196362486\">\n\t\t\n\t\t<figure class=\"wpb_wrapper vc_figure\">\n\t\t\t<div class=\"vc_single_image-wrapper   vc_box_border_grey\"><img loading=\"lazy\" decoding=\"async\" width=\"500\" height=\"250\" src=\"https:\/\/www.moreschisrl.it\/wp-content\/uploads\/2020\/03\/moreschi-coibentate.jpg\" class=\"vc_single_image-img attachment-full\" alt=\"\" title=\"moreschi-coibentate\" srcset=\"https:\/\/www.moreschisrl.it\/wp-content\/uploads\/2020\/03\/moreschi-coibentate.jpg 500w, https:\/\/www.moreschisrl.it\/wp-content\/uploads\/2020\/03\/moreschi-coibentate-300x150.jpg 300w\" sizes=\"auto, (max-width: 500px) 100vw, 500px\" \/><\/div>\n\t\t<\/figure>\n\t<\/div>\n\n\t<div class=\"wpb_text_column wpb_content_element wpb_animate_when_almost_visible wpb_left-to-right left-to-right vc_custom_1588113118416\" >\n\t\t<div class=\"wpb_wrapper\">\n\t\t\t<h3 class=\"p1\"><b>PORTES INDUSTRIELLES ISOL\u00c9ES <\/b><\/h3>\n<p class=\"p1\"><span style=\"font-size: 13pt;\">Portes coulissantes, portes battantes, porte \u00e0 enroulement rapide, etc.<\/span><\/p>\n<p><a class=\"btn hvr-default mgt-button mgt-style-solid mgt-size-normal mgt-align-center mgt-display-inline mgt-text-size-normal mgt-button-icon-position-left mgt-text-transform-none\" href=\"https:\/\/www.moreschisrl.it\/fr\/soluzioni\/chiusure-industriali-coibentate\/\">En savoir plus<\/a><\/p>\n\n\t\t<\/div>\n\t<\/div>\n<\/div><\/div><\/div><div class=\"wpb_column vc_column_container vc_col-sm-4\"><div class=\"vc_column-inner vc_custom_1584264189648\"><div class=\"wpb_wrapper\">\n\t<div class=\"wpb_single_image wpb_content_element vc_align_center  wpb_animate_when_almost_visible wpb_fadeIn fadeIn vc_custom_1584264406474\">\n\t\t\n\t\t<figure class=\"wpb_wrapper vc_figure\">\n\t\t\t<div class=\"vc_single_image-wrapper   vc_box_border_grey\"><img loading=\"lazy\" decoding=\"async\" width=\"500\" height=\"250\" src=\"https:\/\/www.moreschisrl.it\/wp-content\/uploads\/2020\/03\/3-AnteprimaCamereBianche.jpg\" class=\"vc_single_image-img attachment-full\" alt=\"\" title=\"3 AnteprimaCamereBianche\" srcset=\"https:\/\/www.moreschisrl.it\/wp-content\/uploads\/2020\/03\/3-AnteprimaCamereBianche.jpg 500w, https:\/\/www.moreschisrl.it\/wp-content\/uploads\/2020\/03\/3-AnteprimaCamereBianche-300x150.jpg 300w\" sizes=\"auto, (max-width: 500px) 100vw, 500px\" \/><\/div>\n\t\t<\/figure>\n\t<\/div>\n\n\t<div class=\"wpb_text_column wpb_content_element wpb_animate_when_almost_visible wpb_left-to-right left-to-right vc_custom_1588113095131\" >\n\t\t<div class=\"wpb_wrapper\">\n\t\t\t<h3 class=\"p1\"><b>PORTES RAPIDES POUR SALLES BLANCHES<\/b><\/h3>\n<p><span style=\"font-size: 13pt;\">Porte \u00e0 enroulement pour salles blanches.<\/span><\/p>\n<p><a class=\"btn hvr-default mgt-button mgt-style-solid mgt-size-normal mgt-align-center mgt-display-inline mgt-text-size-normal mgt-button-icon-position-left mgt-text-transform-none\" href=\"https:\/\/www.moreschisrl.it\/fr\/soluzioni\/porte-rapide-per-camere-bianche\/\">En savoir plus<\/a><\/p>\n\n\t\t<\/div>\n\t<\/div>\n<\/div><\/div><\/div><\/div><div class=\"vc_row wpb_row vc_row-fluid\"><div class=\"wpb_column vc_column_container vc_col-sm-4\"><div class=\"vc_column-inner vc_custom_1584264257509\"><div class=\"wpb_wrapper\">\n\t<div class=\"wpb_single_image wpb_content_element vc_align_center  wpb_animate_when_almost_visible wpb_fadeIn fadeIn vc_custom_1584264563585\">\n\t\t\n\t\t<figure class=\"wpb_wrapper vc_figure\">\n\t\t\t<div class=\"vc_single_image-wrapper   vc_box_border_grey\"><img loading=\"lazy\" decoding=\"async\" width=\"500\" height=\"250\" src=\"https:\/\/www.moreschisrl.it\/wp-content\/uploads\/2020\/03\/4-AnteprimaORS.jpg\" class=\"vc_single_image-img attachment-full\" alt=\"\" title=\"4 AnteprimaORS\" srcset=\"https:\/\/www.moreschisrl.it\/wp-content\/uploads\/2020\/03\/4-AnteprimaORS.jpg 500w, https:\/\/www.moreschisrl.it\/wp-content\/uploads\/2020\/03\/4-AnteprimaORS-300x150.jpg 300w\" sizes=\"auto, (max-width: 500px) 100vw, 500px\" \/><\/div>\n\t\t<\/figure>\n\t<\/div>\n\n\t<div class=\"wpb_text_column wpb_content_element wpb_animate_when_almost_visible wpb_left-to-right left-to-right vc_custom_1602756777726\" >\n\t\t<div class=\"wpb_wrapper\">\n\t\t\t<h3 class=\"p1\"><b>PORTE RAPIDE ORS (Oxygen Reduction System) <\/b><\/h3>\n<p><span style=\"font-size: 13pt;\">Portes rapides pour environnements de r\u00e9duction d'oxyg\u00e8ne<\/span><\/p>\n<p><a class=\"btn hvr-default mgt-button mgt-style-solid mgt-size-normal mgt-align-center mgt-display-inline mgt-text-size-normal mgt-button-icon-position-left mgt-text-transform-none\" href=\"https:\/\/www.moreschisrl.it\/fr\/soluzioni\/porte-rapide-ors-oxygen-reduction-system\/\">En savoir plus<\/a><\/p>\n\n\t\t<\/div>\n\t<\/div>\n<\/div><\/div><\/div><div class=\"wpb_column vc_column_container vc_col-sm-4\"><div class=\"vc_column-inner vc_custom_1584264175447\"><div class=\"wpb_wrapper\">\n\t<div class=\"wpb_single_image wpb_content_element vc_align_center  wpb_animate_when_almost_visible wpb_fadeIn fadeIn vc_custom_1584264706501\">\n\t\t\n\t\t<figure class=\"wpb_wrapper vc_figure\">\n\t\t\t<div class=\"vc_single_image-wrapper   vc_box_border_grey\"><img loading=\"lazy\" decoding=\"async\" width=\"500\" height=\"250\" src=\"https:\/\/www.moreschisrl.it\/wp-content\/uploads\/2020\/03\/7-AnteprimaSezionali.jpg\" class=\"vc_single_image-img attachment-full\" alt=\"\" title=\"7 AnteprimaSezionali\" srcset=\"https:\/\/www.moreschisrl.it\/wp-content\/uploads\/2020\/03\/7-AnteprimaSezionali.jpg 500w, https:\/\/www.moreschisrl.it\/wp-content\/uploads\/2020\/03\/7-AnteprimaSezionali-300x150.jpg 300w\" sizes=\"auto, (max-width: 500px) 100vw, 500px\" \/><\/div>\n\t\t<\/figure>\n\t<\/div>\n\n\t<div class=\"wpb_text_column wpb_content_element wpb_animate_when_almost_visible wpb_left-to-right left-to-right vc_custom_1588113128846\" >\n\t\t<div class=\"wpb_wrapper\">\n\t\t\t<h3 class=\"p1\"><b>PORTES SECTIONNELLES INDUSTRIELLES<\/b><\/h3>\n<p class=\"p1 translation-block\">Porte sectionelle isol\u00e9e, en verre.<\/p>\n<p><a class=\"btn hvr-default mgt-button mgt-style-solid mgt-size-normal mgt-align-center mgt-display-inline mgt-text-size-normal mgt-button-icon-position-left mgt-text-transform-none\" href=\"https:\/\/www.moreschisrl.it\/fr\/soluzioni\/chiusure-industriali-sezionali\/\">En savoir plus<\/a><\/p>\n\n\t\t<\/div>\n\t<\/div>\n<\/div><\/div><\/div><div class=\"wpb_column vc_column_container vc_col-sm-4\"><div class=\"vc_column-inner vc_custom_1584264189648\"><div class=\"wpb_wrapper\">\n\t<div class=\"wpb_single_image wpb_content_element vc_align_center  wpb_animate_when_almost_visible wpb_fadeIn fadeIn vc_custom_1586424379663\">\n\t\t\n\t\t<figure class=\"wpb_wrapper vc_figure\">\n\t\t\t<div class=\"vc_single_image-wrapper   vc_box_border_grey\"><img loading=\"lazy\" decoding=\"async\" width=\"500\" height=\"250\" src=\"https:\/\/www.moreschisrl.it\/wp-content\/uploads\/2020\/04\/Anteprima-tagliafuoco.jpg\" class=\"vc_single_image-img attachment-full\" alt=\"\" title=\"Anteprima-tagliafuoco\" srcset=\"https:\/\/www.moreschisrl.it\/wp-content\/uploads\/2020\/04\/Anteprima-tagliafuoco.jpg 500w, https:\/\/www.moreschisrl.it\/wp-content\/uploads\/2020\/04\/Anteprima-tagliafuoco-300x150.jpg 300w\" sizes=\"auto, (max-width: 500px) 100vw, 500px\" \/><\/div>\n\t\t<\/figure>\n\t<\/div>\n\n\t<div class=\"wpb_text_column wpb_content_element wpb_animate_when_almost_visible wpb_left-to-right left-to-right vc_custom_1588113155609\" >\n\t\t<div class=\"wpb_wrapper\">\n\t\t\t<h3 class=\"p1\"><b>PORTES INDUSTRIELLES COUPE-FEU<\/b><\/h3>\n<p class=\"p1\"><span style=\"font-size: 13pt;\">Porte coulissante coupe-feu, porte pietonne, etc.<\/span><\/p>\n<p><a class=\"btn hvr-default mgt-button mgt-style-solid mgt-size-normal mgt-align-center mgt-display-inline mgt-text-size-normal mgt-button-icon-position-left mgt-text-transform-none\" href=\"https:\/\/www.moreschisrl.it\/fr\/soluzioni\/chiusure-industriali-tagliafuoco\/\">En savoir plus<\/a><\/p>\n\n\t\t<\/div>\n\t<\/div>\n<\/div><\/div><\/div><\/div><div class=\"vc_row wpb_row vc_row-fluid\"><div class=\"wpb_column vc_column_container vc_col-sm-4\"><div class=\"vc_column-inner vc_custom_1584264257509\"><div class=\"wpb_wrapper\">\n\t<div class=\"wpb_single_image wpb_content_element vc_align_center  wpb_animate_when_almost_visible wpb_fadeIn fadeIn vc_custom_1584264772508\">\n\t\t\n\t\t<figure class=\"wpb_wrapper vc_figure\">\n\t\t\t<div class=\"vc_single_image-wrapper   vc_box_border_grey\"><img loading=\"lazy\" decoding=\"async\" width=\"500\" height=\"250\" src=\"https:\/\/www.moreschisrl.it\/wp-content\/uploads\/2020\/03\/9-AnteprimaPorteRapide.jpg\" class=\"vc_single_image-img attachment-full\" alt=\"\" title=\"9 AnteprimaPorteRapide\" srcset=\"https:\/\/www.moreschisrl.it\/wp-content\/uploads\/2020\/03\/9-AnteprimaPorteRapide.jpg 500w, https:\/\/www.moreschisrl.it\/wp-content\/uploads\/2020\/03\/9-AnteprimaPorteRapide-300x150.jpg 300w\" sizes=\"auto, (max-width: 500px) 100vw, 500px\" \/><\/div>\n\t\t<\/figure>\n\t<\/div>\n\n\t<div class=\"wpb_text_column wpb_content_element wpb_animate_when_almost_visible wpb_left-to-right left-to-right vc_custom_1588113172012\" >\n\t\t<div class=\"wpb_wrapper\">\n\t\t\t<h3 class=\"p1\"><b>PORTES RAPIDES INDUSTRIELLES<\/b><\/h3>\n<p class=\"p1\"><span style=\"font-size: 13pt;\">Porte rapide \u00e0 enroulement, \u00e0 empilement, en pvc.<\/span><\/p>\n<p><a class=\"btn hvr-default mgt-button mgt-style-solid mgt-size-normal mgt-align-center mgt-display-inline mgt-text-size-normal mgt-button-icon-position-left mgt-text-transform-none\" href=\"https:\/\/www.moreschisrl.it\/fr\/soluzioni\/chiusure-industriali-porte-rapide\/\">En savoir plus<\/a><\/p>\n\n\t\t<\/div>\n\t<\/div>\n<\/div><\/div><\/div><div class=\"wpb_column vc_column_container vc_col-sm-4\"><div class=\"vc_column-inner vc_custom_1584265196262\"><div class=\"wpb_wrapper\">\n\t<div class=\"wpb_single_image wpb_content_element vc_align_center  wpb_animate_when_almost_visible wpb_fadeIn fadeIn vc_custom_1584264807105\">\n\t\t\n\t\t<figure class=\"wpb_wrapper vc_figure\">\n\t\t\t<div class=\"vc_single_image-wrapper   vc_box_border_grey\"><img loading=\"lazy\" decoding=\"async\" width=\"500\" height=\"250\" src=\"https:\/\/www.moreschisrl.it\/wp-content\/uploads\/2020\/03\/AnteprimaLogistica.jpg\" class=\"vc_single_image-img attachment-full\" alt=\"\" title=\"AnteprimaLogistica\" srcset=\"https:\/\/www.moreschisrl.it\/wp-content\/uploads\/2020\/03\/AnteprimaLogistica.jpg 500w, https:\/\/www.moreschisrl.it\/wp-content\/uploads\/2020\/03\/AnteprimaLogistica-300x150.jpg 300w\" sizes=\"auto, (max-width: 500px) 100vw, 500px\" \/><\/div>\n\t\t<\/figure>\n\t<\/div>\n\n\t<div class=\"wpb_text_column wpb_content_element wpb_animate_when_almost_visible wpb_left-to-right left-to-right vc_custom_1588113178729\" >\n\t\t<div class=\"wpb_wrapper\">\n\t\t\t<h3 class=\"p1\"><b>LOGISTIQUE - POINTS DE CHARGEMENT<\/b><\/h3>\n<p class=\"p1\"><span style=\"font-size: 13pt;\">Rampes et docks<\/span><\/p>\n<p><a class=\"btn hvr-default mgt-button mgt-style-solid mgt-size-normal mgt-align-center mgt-display-inline mgt-text-size-normal mgt-button-icon-position-left mgt-text-transform-none\" href=\"https:\/\/www.moreschisrl.it\/fr\/soluzioni\/logistica-punti-di-carico\/\">En savoir plus<\/a><\/p>\n\n\t\t<\/div>\n\t<\/div>\n<\/div><\/div><\/div><div class=\"wpb_column vc_column_container vc_col-sm-4\"><div class=\"vc_column-inner vc_custom_1584264189648\"><div class=\"wpb_wrapper\">\n\t<div class=\"wpb_single_image wpb_content_element vc_align_center  wpb_animate_when_almost_visible wpb_fadeIn fadeIn vc_custom_1584264841819\">\n\t\t\n\t\t<figure class=\"wpb_wrapper vc_figure\">\n\t\t\t<div class=\"vc_single_image-wrapper   vc_box_border_grey\"><img loading=\"lazy\" decoding=\"async\" width=\"500\" height=\"250\" src=\"https:\/\/www.moreschisrl.it\/wp-content\/uploads\/2020\/03\/11-Anteprima-Calematic.jpg\" class=\"vc_single_image-img attachment-full\" alt=\"\" title=\"11 Anteprima Calematic\" srcset=\"https:\/\/www.moreschisrl.it\/wp-content\/uploads\/2020\/03\/11-Anteprima-Calematic.jpg 500w, https:\/\/www.moreschisrl.it\/wp-content\/uploads\/2020\/03\/11-Anteprima-Calematic-300x150.jpg 300w\" sizes=\"auto, (max-width: 500px) 100vw, 500px\" \/><\/div>\n\t\t<\/figure>\n\t<\/div>\n\n\t<div class=\"wpb_text_column wpb_content_element wpb_animate_when_almost_visible wpb_left-to-right left-to-right vc_custom_1588113184051\" >\n\t\t<div class=\"wpb_wrapper\">\n\t\t\t<h3 class=\"p1\"><b>CALEMATIC<\/b><\/h3>\n<p class=\"p1\"><span style=\"font-size: 13pt;\">Sist\u00e9me de s\u00e9curit\u00e8 Calematic.<\/span><\/p>\n<p><a class=\"btn hvr-default mgt-button mgt-style-solid mgt-size-normal mgt-align-center mgt-display-inline mgt-text-size-normal mgt-button-icon-position-left mgt-text-transform-none\" href=\"https:\/\/www.moreschisrl.it\/fr\/soluzioni\/calematic\/\">En savoir plus<\/a><\/p>\n\n\t\t<\/div>\n\t<\/div>\n<\/div><\/div><\/div><\/div><div class=\"vc_row wpb_row vc_row-fluid\"><div class=\"wpb_column vc_column_container vc_col-sm-4\"><div class=\"vc_column-inner vc_custom_1584264257509\"><div class=\"wpb_wrapper\"><\/div><\/div><\/div><div class=\"wpb_column vc_column_container vc_col-sm-4\"><div class=\"vc_column-inner vc_custom_1584264175447\"><div class=\"wpb_wrapper\"><\/div><\/div><\/div><div class=\"wpb_column vc_column_container vc_col-sm-4\"><div class=\"vc_column-inner vc_custom_1584264189648\"><div class=\"wpb_wrapper\"><\/div><\/div><\/div><\/div><div data-vc-full-width=\"true\" data-vc-full-width-init=\"false\" data-vc-parallax=\"1.5\" data-vc-parallax-o-fade=\"on\" data-vc-parallax-image=\"https:\/\/www.moreschisrl.it\/wp-content\/uploads\/2020\/03\/moreschi-contatti-soluzioni.jpg\" class=\"vc_row wpb_row vc_row-fluid vc_custom_1584711935163 vc_general vc_parallax vc_parallax-content-moving-fade js-vc_parallax-o-fade\"><div class=\"wpb_column vc_column_container vc_col-sm-12\"><div class=\"vc_column-inner\"><div class=\"wpb_wrapper\"><div class=\"mgt-cta-block clearfix parallax white-text with-text wpb_content_element\" data-style=\"background-color: ;\"><div class=\"mgt-button-wrapper mgt-button-wrapper-align-right mgt-button-wrapper-display-newline mgt-button-top-margin-disable\"><a class=\"btn hvr-bounce-to-right mgt-button mgt-style-solid mgt-size-normal mgt-align-right mgt-display-newline mgt-text-size-normal mgt-button-icon-position-left mgt-text-transform-uppercase\" href=\"https:\/\/www.moreschisrl.it\/fr\/richiedi-contatto\/\">NOUS CONTACTER<\/a><\/div><h5 class=\"mgt-cta-block-header\">Souhaitez-vous avoir plus d'informations?<\/h5><div class=\"mgt-cta-block-content\"><\/p>\n<p class=\"p1\">Envoyez-nous un email indiquant vos besoins.<br \/>\nNous vous contacterons d\u00e8s que possible!<\/div><\/div><\/div><\/div><\/div><\/div><div class=\"vc_row-full-width\"><\/div>\n<\/div>","protected":false},"excerpt":{"rendered":"CHIUSURE INDUSTRIALI GRANDI DIMENSIONI Portoni a libro, scorrevoli, porte rapide di grandi dimensioni. SCOPRI DI PI\u00d9 CHIUSURE INDUSTRIALI COIBENTATE Portoni a libro, scorrevoli, a battente, vetrati, inox e corten. SCOPRI...","protected":false},"author":1,"featured_media":0,"parent":0,"menu_order":0,"comment_status":"closed","ping_status":"closed","template":"","meta":{"footnotes":""},"categories":[],"tags":[],"class_list":["post-5359","page","type-page","status-publish","hentry"],"yoast_head":"<!-- This site is optimized with the Yoast SEO plugin v25.4 - https:\/\/yoast.com\/wordpress\/plugins\/seo\/ -->\n<title>SOLUZIONI - Moreschi<\/title>\n<meta name=\"robots\" content=\"index, follow, max-snippet:-1, max-image-preview:large, max-video-preview:-1\" \/>\n<link rel=\"canonical\" href=\"https:\/\/www.moreschisrl.it\/fr\/soluzioni\/\" \/>\n<meta property=\"og:locale\" content=\"fr_FR\" \/>\n<meta property=\"og:type\" content=\"article\" \/>\n<meta property=\"og:title\" content=\"SOLUZIONI - Moreschi\" \/>\n<meta property=\"og:url\" content=\"https:\/\/www.moreschisrl.it\/fr\/soluzioni\/\" \/>\n<meta property=\"og:site_name\" content=\"Moreschi\" \/>\n<meta property=\"article:modified_time\" content=\"2025-05-05T13:18:24+00:00\" \/>\n<meta property=\"og:image\" content=\"https:\/\/www.moreschisrl.it\/wp-content\/uploads\/2020\/09\/Soluzioni-Moreschi-Portoni-internazionale.jpg\" \/>\n\t<meta property=\"og:image:width\" content=\"1920\" \/>\n\t<meta property=\"og:image:height\" content=\"1080\" \/>\n\t<meta property=\"og:image:type\" content=\"image\/jpeg\" \/>\n<meta name=\"twitter:card\" content=\"summary_large_image\" \/>\n<meta name=\"twitter:label1\" content=\"Dur\u00e9e de lecture estim\u00e9e\" \/>\n\t<meta name=\"twitter:data1\" content=\"5 minutes\" \/>\n<script type=\"application\/ld+json\" class=\"yoast-schema-graph\">{\"@context\":\"https:\/\/schema.org\",\"@graph\":[{\"@type\":\"WebPage\",\"@id\":\"https:\/\/www.moreschisrl.it\/soluzioni\/\",\"url\":\"https:\/\/www.moreschisrl.it\/soluzioni\/\",\"name\":\"SOLUZIONI - Moreschi\",\"isPartOf\":{\"@id\":\"https:\/\/www.moreschisrl.it\/#website\"},\"datePublished\":\"2020-03-11T14:28:32+00:00\",\"dateModified\":\"2025-05-05T13:18:24+00:00\",\"breadcrumb\":{\"@id\":\"https:\/\/www.moreschisrl.it\/soluzioni\/#breadcrumb\"},\"inLanguage\":\"fr-FR\",\"potentialAction\":[{\"@type\":\"ReadAction\",\"target\":[\"https:\/\/www.moreschisrl.it\/soluzioni\/\"]}]},{\"@type\":\"BreadcrumbList\",\"@id\":\"https:\/\/www.moreschisrl.it\/soluzioni\/#breadcrumb\",\"itemListElement\":[{\"@type\":\"ListItem\",\"position\":1,\"name\":\"Home\",\"item\":\"https:\/\/www.moreschisrl.it\/\"},{\"@type\":\"ListItem\",\"position\":2,\"name\":\"SOLUZIONI\"}]},{\"@type\":\"WebSite\",\"@id\":\"https:\/\/www.moreschisrl.it\/#website\",\"url\":\"https:\/\/www.moreschisrl.it\/\",\"name\":\"Moreschi\",\"description\":\"\",\"potentialAction\":[{\"@type\":\"SearchAction\",\"target\":{\"@type\":\"EntryPoint\",\"urlTemplate\":\"https:\/\/www.moreschisrl.it\/?s={search_term_string}\"},\"query-input\":{\"@type\":\"PropertyValueSpecification\",\"valueRequired\":true,\"valueName\":\"search_term_string\"}}],\"inLanguage\":\"fr-FR\"}]}<\/script>\n<!-- \/ Yoast SEO plugin. -->","yoast_head_json":{"title":"SOLUZIONI - Moreschi","robots":{"index":"index","follow":"follow","max-snippet":"max-snippet:-1","max-image-preview":"max-image-preview:large","max-video-preview":"max-video-preview:-1"},"canonical":"https:\/\/www.moreschisrl.it\/fr\/soluzioni\/","og_locale":"fr_FR","og_type":"article","og_title":"SOLUZIONI - Moreschi","og_url":"https:\/\/www.moreschisrl.it\/fr\/soluzioni\/","og_site_name":"Moreschi","article_modified_time":"2025-05-05T13:18:24+00:00","og_image":[{"width":1920,"height":1080,"url":"https:\/\/www.moreschisrl.it\/wp-content\/uploads\/2020\/09\/Soluzioni-Moreschi-Portoni-internazionale.jpg","type":"image\/jpeg"}],"twitter_card":"summary_large_image","twitter_misc":{"Dur\u00e9e de lecture estim\u00e9e":"5 minutes"},"schema":{"@context":"https:\/\/schema.org","@graph":[{"@type":"WebPage","@id":"https:\/\/www.moreschisrl.it\/soluzioni\/","url":"https:\/\/www.moreschisrl.it\/soluzioni\/","name":"SOLUZIONI - Moreschi","isPartOf":{"@id":"https:\/\/www.moreschisrl.it\/#website"},"datePublished":"2020-03-11T14:28:32+00:00","dateModified":"2025-05-05T13:18:24+00:00","breadcrumb":{"@id":"https:\/\/www.moreschisrl.it\/soluzioni\/#breadcrumb"},"inLanguage":"fr-FR","potentialAction":[{"@type":"ReadAction","target":["https:\/\/www.moreschisrl.it\/soluzioni\/"]}]},{"@type":"BreadcrumbList","@id":"https:\/\/www.moreschisrl.it\/soluzioni\/#breadcrumb","itemListElement":[{"@type":"ListItem","position":1,"name":"Home","item":"https:\/\/www.moreschisrl.it\/"},{"@type":"ListItem","position":2,"name":"SOLUZIONI"}]},{"@type":"WebSite","@id":"https:\/\/www.moreschisrl.it\/#website","url":"https:\/\/www.moreschisrl.it\/","name":"Moreschi","description":"","potentialAction":[{"@type":"SearchAction","target":{"@type":"EntryPoint","urlTemplate":"https:\/\/www.moreschisrl.it\/?s={search_term_string}"},"query-input":{"@type":"PropertyValueSpecification","valueRequired":true,"valueName":"search_term_string"}}],"inLanguage":"fr-FR"}]}},"_links":{"self":[{"href":"https:\/\/www.moreschisrl.it\/fr\/wp-json\/wp\/v2\/pages\/5359","targetHints":{"allow":["GET"]}}],"collection":[{"href":"https:\/\/www.moreschisrl.it\/fr\/wp-json\/wp\/v2\/pages"}],"about":[{"href":"https:\/\/www.moreschisrl.it\/fr\/wp-json\/wp\/v2\/types\/page"}],"author":[{"embeddable":true,"href":"https:\/\/www.moreschisrl.it\/fr\/wp-json\/wp\/v2\/users\/1"}],"replies":[{"embeddable":true,"href":"https:\/\/www.moreschisrl.it\/fr\/wp-json\/wp\/v2\/comments?post=5359"}],"version-history":[{"count":100,"href":"https:\/\/www.moreschisrl.it\/fr\/wp-json\/wp\/v2\/pages\/5359\/revisions"}],"predecessor-version":[{"id":5833,"href":"https:\/\/www.moreschisrl.it\/fr\/wp-json\/wp\/v2\/pages\/5359\/revisions\/5833"}],"wp:attachment":[{"href":"https:\/\/www.moreschisrl.it\/fr\/wp-json\/wp\/v2\/media?parent=5359"}],"wp:term":[{"taxonomy":"category","embeddable":true,"href":"https:\/\/www.moreschisrl.it\/fr\/wp-json\/wp\/v2\/categories?post=5359"},{"taxonomy":"post_tag","embeddable":true,"href":"https:\/\/www.moreschisrl.it\/fr\/wp-json\/wp\/v2\/tags?post=5359"}],"curies":[{"name":"wp","href":"https:\/\/api.w.org\/{rel}","templated":true}]}}