{"id":5352,"date":"2020-03-11T14:24:34","date_gmt":"2020-03-11T14:24:34","guid":{"rendered":"https:\/\/www.moreschisrl.it\/?page_id=5352"},"modified":"2021-09-13T12:37:50","modified_gmt":"2021-09-13T12:37:50","slug":"team","status":"publish","type":"page","link":"https:\/\/www.moreschisrl.it\/fr\/equipe\/","title":{"rendered":"\u00c9QUIPE"},"content":{"rendered":"<div class=\"wpb-content-wrapper\"><div class=\"vc_row wpb_row vc_row-fluid\"><div class=\"wpb_column vc_column_container vc_col-sm-3\"><div class=\"vc_column-inner\"><div class=\"wpb_wrapper\">\n\t<div class=\"wpb_single_image wpb_content_element vc_align_left  wpb_animate_when_almost_visible wpb_left-to-right left-to-right\">\n\t\t\n\t\t<figure class=\"wpb_wrapper vc_figure\">\n\t\t\t<div class=\"vc_single_image-wrapper   vc_box_border_grey\"><img decoding=\"async\" class=\"vc_single_image-img\" src=\"https:\/\/www.moreschisrl.it\/wp-content\/uploads\/2020\/04\/moreschi-marchio-header-1-100x100.png\" width=\"100\" height=\"100\" alt=\"moreschi-marchio-header\" title=\"moreschi-marchio-header\" loading=\"lazy\" \/><\/div>\n\t\t<\/figure>\n\t<\/div>\n<\/div><\/div><\/div><div class=\"wpb_column vc_column_container vc_col-sm-9\"><div class=\"vc_column-inner\"><div class=\"wpb_wrapper\">\n\t<div class=\"wpb_text_column wpb_content_element wpb_animate_when_almost_visible wpb_left-to-right left-to-right vc_custom_1593530000375\" >\n\t\t<div class=\"wpb_wrapper\">\n\t\t\t<h3 class=\"no_stripe\"><strong>STEFANO MORESCHI<\/strong><\/h3>\n<p class=\"p1\"><a href=\"mailto:stefano.moreschi@moreschisrl.it\">stefano.moreschi@moreschisrl.it<\/a><\/p>\n\n\t\t<\/div>\n\t<\/div>\n<\/div><\/div><\/div><\/div><div class=\"vc_row wpb_row vc_row-fluid\"><div class=\"wpb_column vc_column_container vc_col-sm-3\"><div class=\"vc_column-inner\"><div class=\"wpb_wrapper\">\n\t<div class=\"wpb_single_image wpb_content_element vc_align_left  wpb_animate_when_almost_visible wpb_left-to-right left-to-right\">\n\t\t\n\t\t<figure class=\"wpb_wrapper vc_figure\">\n\t\t\t<div class=\"vc_single_image-wrapper   vc_box_border_grey\"><img decoding=\"async\" class=\"vc_single_image-img\" src=\"https:\/\/www.moreschisrl.it\/wp-content\/uploads\/2020\/04\/moreschi-marchio-header-1-100x100.png\" width=\"100\" height=\"100\" alt=\"moreschi-marchio-header\" title=\"moreschi-marchio-header\" loading=\"lazy\" \/><\/div>\n\t\t<\/figure>\n\t<\/div>\n<\/div><\/div><\/div><div class=\"wpb_column vc_column_container vc_col-sm-9\"><div class=\"vc_column-inner\"><div class=\"wpb_wrapper\">\n\t<div class=\"wpb_text_column wpb_content_element wpb_animate_when_almost_visible wpb_left-to-right left-to-right vc_custom_1631536603287\" >\n\t\t<div class=\"wpb_wrapper\">\n\t\t\t<h3 class=\"no_stripe\"><strong>SEBASTIANO MORESCHI<\/strong><\/h3>\n<p class=\"p1\"><a href=\"mailto:seba.moreschi@moreschisrl.it\">seba.moreschi@moreschisrl.it<\/a><\/p>\n\n\t\t<\/div>\n\t<\/div>\n<\/div><\/div><\/div><\/div><div class=\"vc_row wpb_row vc_row-fluid\"><div class=\"wpb_column vc_column_container vc_col-sm-3\"><div class=\"vc_column-inner\"><div class=\"wpb_wrapper\">\n\t<div class=\"wpb_single_image wpb_content_element vc_align_left  wpb_animate_when_almost_visible wpb_left-to-right left-to-right\">\n\t\t\n\t\t<figure class=\"wpb_wrapper vc_figure\">\n\t\t\t<div class=\"vc_single_image-wrapper   vc_box_border_grey\"><img decoding=\"async\" class=\"vc_single_image-img\" src=\"https:\/\/www.moreschisrl.it\/wp-content\/uploads\/2020\/04\/moreschi-marchio-header-1-100x100.png\" width=\"100\" height=\"100\" alt=\"moreschi-marchio-header\" title=\"moreschi-marchio-header\" loading=\"lazy\" \/><\/div>\n\t\t<\/figure>\n\t<\/div>\n<\/div><\/div><\/div><div class=\"wpb_column vc_column_container vc_col-sm-9\"><div class=\"vc_column-inner\"><div class=\"wpb_wrapper\">\n\t<div class=\"wpb_text_column wpb_content_element wpb_animate_when_almost_visible wpb_left-to-right left-to-right vc_custom_1593530024068\" >\n\t\t<div class=\"wpb_wrapper\">\n\t\t\t<h3 class=\"no_stripe\"><strong>BUREAU COMMERCIAL<\/strong><\/h3>\n<p class=\"p1\"><a href=\"mailto:commerciale@moreschisrl.it\">commerciale@moreschisrl.it<\/a><\/p>\n\n\t\t<\/div>\n\t<\/div>\n<\/div><\/div><\/div><\/div><div class=\"vc_row wpb_row vc_row-fluid\"><div class=\"wpb_column vc_column_container vc_col-sm-3\"><div class=\"vc_column-inner\"><div class=\"wpb_wrapper\">\n\t<div class=\"wpb_single_image wpb_content_element vc_align_left  wpb_animate_when_almost_visible wpb_left-to-right left-to-right\">\n\t\t\n\t\t<figure class=\"wpb_wrapper vc_figure\">\n\t\t\t<div class=\"vc_single_image-wrapper   vc_box_border_grey\"><img decoding=\"async\" class=\"vc_single_image-img\" src=\"https:\/\/www.moreschisrl.it\/wp-content\/uploads\/2020\/04\/moreschi-marchio-header-1-100x100.png\" width=\"100\" height=\"100\" alt=\"moreschi-marchio-header\" title=\"moreschi-marchio-header\" loading=\"lazy\" \/><\/div>\n\t\t<\/figure>\n\t<\/div>\n<\/div><\/div><\/div><div class=\"wpb_column vc_column_container vc_col-sm-9\"><div class=\"vc_column-inner\"><div class=\"wpb_wrapper\">\n\t<div class=\"wpb_text_column wpb_content_element wpb_animate_when_almost_visible wpb_left-to-right left-to-right vc_custom_1593530031010\" >\n\t\t<div class=\"wpb_wrapper\">\n\t\t\t<h3 class=\"no_stripe\"><strong>BUREAU COMMERCIAL<\/strong><\/h3>\n<p class=\"p1\"><a href=\"mailto:export.department@moreschisrl.com\">export.department@moreschisrl.com<\/a><\/p>\n\n\t\t<\/div>\n\t<\/div>\n<\/div><\/div><\/div><\/div><div class=\"vc_row wpb_row vc_row-fluid\"><div class=\"wpb_column vc_column_container vc_col-sm-3\"><div class=\"vc_column-inner\"><div class=\"wpb_wrapper\">\n\t<div class=\"wpb_single_image wpb_content_element vc_align_left  wpb_animate_when_almost_visible wpb_left-to-right left-to-right\">\n\t\t\n\t\t<figure class=\"wpb_wrapper vc_figure\">\n\t\t\t<div class=\"vc_single_image-wrapper   vc_box_border_grey\"><img decoding=\"async\" class=\"vc_single_image-img\" src=\"https:\/\/www.moreschisrl.it\/wp-content\/uploads\/2020\/04\/moreschi-marchio-header-1-100x100.png\" width=\"100\" height=\"100\" alt=\"moreschi-marchio-header\" title=\"moreschi-marchio-header\" loading=\"lazy\" \/><\/div>\n\t\t<\/figure>\n\t<\/div>\n<\/div><\/div><\/div><div class=\"wpb_column vc_column_container vc_col-sm-9\"><div class=\"vc_column-inner\"><div class=\"wpb_wrapper\">\n\t<div class=\"wpb_text_column wpb_content_element wpb_animate_when_almost_visible wpb_left-to-right left-to-right vc_custom_1584194464236\" >\n\t\t<div class=\"wpb_wrapper\">\n\t\t\t<h3 class=\"p1\"><b>BUREAU TECHNIQUE <\/b><\/h3>\n<p class=\"p1\"><a href=\"mailto:tecnico@moreschisrl.it\">tecnico@moreschisrl.it<\/a><\/p>\n\n\t\t<\/div>\n\t<\/div>\n<\/div><\/div><\/div><\/div><div class=\"vc_row wpb_row vc_row-fluid\"><div class=\"wpb_column vc_column_container vc_col-sm-3\"><div class=\"vc_column-inner\"><div class=\"wpb_wrapper\">\n\t<div class=\"wpb_single_image wpb_content_element vc_align_left  wpb_animate_when_almost_visible wpb_left-to-right left-to-right\">\n\t\t\n\t\t<figure class=\"wpb_wrapper vc_figure\">\n\t\t\t<div class=\"vc_single_image-wrapper   vc_box_border_grey\"><img decoding=\"async\" class=\"vc_single_image-img\" src=\"https:\/\/www.moreschisrl.it\/wp-content\/uploads\/2020\/04\/moreschi-marchio-header-1-100x100.png\" width=\"100\" height=\"100\" alt=\"moreschi-marchio-header\" title=\"moreschi-marchio-header\" loading=\"lazy\" \/><\/div>\n\t\t<\/figure>\n\t<\/div>\n<\/div><\/div><\/div><div class=\"wpb_column vc_column_container vc_col-sm-9\"><div class=\"vc_column-inner\"><div class=\"wpb_wrapper\">\n\t<div class=\"wpb_text_column wpb_content_element wpb_animate_when_almost_visible wpb_left-to-right left-to-right vc_custom_1631536582722\" >\n\t\t<div class=\"wpb_wrapper\">\n\t\t\t<h3 class=\"p1\"><b>SERVICE DES ACHATS <\/b><\/h3>\n<p class=\"p1\"><a href=\"mailto:ufficio.acqusti@moreschisrl.it\">ufficio.acqusti@moreschisrl.it<\/a><\/p>\n\n\t\t<\/div>\n\t<\/div>\n<\/div><\/div><\/div><\/div><div class=\"vc_row wpb_row vc_row-fluid\"><div class=\"wpb_column vc_column_container vc_col-sm-3\"><div class=\"vc_column-inner\"><div class=\"wpb_wrapper\">\n\t<div class=\"wpb_single_image wpb_content_element vc_align_left  wpb_animate_when_almost_visible wpb_left-to-right left-to-right\">\n\t\t\n\t\t<figure class=\"wpb_wrapper vc_figure\">\n\t\t\t<div class=\"vc_single_image-wrapper   vc_box_border_grey\"><img decoding=\"async\" class=\"vc_single_image-img\" src=\"https:\/\/www.moreschisrl.it\/wp-content\/uploads\/2020\/04\/moreschi-marchio-header-1-100x100.png\" width=\"100\" height=\"100\" alt=\"moreschi-marchio-header\" title=\"moreschi-marchio-header\" loading=\"lazy\" \/><\/div>\n\t\t<\/figure>\n\t<\/div>\n<\/div><\/div><\/div><div class=\"wpb_column vc_column_container vc_col-sm-9\"><div class=\"vc_column-inner\"><div class=\"wpb_wrapper\">\n\t<div class=\"wpb_text_column wpb_content_element wpb_animate_when_almost_visible wpb_left-to-right left-to-right vc_custom_1584194791939\" >\n\t\t<div class=\"wpb_wrapper\">\n\t\t\t<h3 class=\"p1\"><b>MAINTENANCE <\/b><\/h3>\n<p class=\"p1\"><a href=\"mailto:assistenza@moreschisrl.it\">assistenza@moreschisrl.it<\/a><\/p>\n\n\t\t<\/div>\n\t<\/div>\n<\/div><\/div><\/div><\/div><div class=\"vc_row wpb_row vc_row-fluid\"><div class=\"wpb_column vc_column_container vc_col-sm-3\"><div class=\"vc_column-inner\"><div class=\"wpb_wrapper\">\n\t<div class=\"wpb_single_image wpb_content_element vc_align_left  wpb_animate_when_almost_visible wpb_left-to-right left-to-right\">\n\t\t\n\t\t<figure class=\"wpb_wrapper vc_figure\">\n\t\t\t<div class=\"vc_single_image-wrapper   vc_box_border_grey\"><img decoding=\"async\" class=\"vc_single_image-img\" src=\"https:\/\/www.moreschisrl.it\/wp-content\/uploads\/2020\/04\/moreschi-marchio-header-1-100x100.png\" width=\"100\" height=\"100\" alt=\"moreschi-marchio-header\" title=\"moreschi-marchio-header\" loading=\"lazy\" \/><\/div>\n\t\t<\/figure>\n\t<\/div>\n<\/div><\/div><\/div><div class=\"wpb_column vc_column_container vc_col-sm-9\"><div class=\"vc_column-inner\"><div class=\"wpb_wrapper\">\n\t<div class=\"wpb_text_column wpb_content_element wpb_animate_when_almost_visible wpb_left-to-right left-to-right vc_custom_1584194820689\" >\n\t\t<div class=\"wpb_wrapper\">\n\t\t\t<h3 class=\"p1\"><b>ADMINISTRATION <\/b><\/h3>\n<p class=\"p1\"><a href=\"mailto:amministrazione@moreschisrl.it\">amministrazione@moreschisrl.it<\/a><\/p>\n\n\t\t<\/div>\n\t<\/div>\n<\/div><\/div><\/div><\/div><div class=\"vc_row wpb_row vc_row-fluid\"><div class=\"wpb_column vc_column_container vc_col-sm-3\"><div class=\"vc_column-inner\"><div class=\"wpb_wrapper\">\n\t<div class=\"wpb_single_image wpb_content_element vc_align_left  wpb_animate_when_almost_visible wpb_left-to-right left-to-right\">\n\t\t\n\t\t<figure class=\"wpb_wrapper vc_figure\">\n\t\t\t<div class=\"vc_single_image-wrapper   vc_box_border_grey\"><img decoding=\"async\" class=\"vc_single_image-img\" src=\"https:\/\/www.moreschisrl.it\/wp-content\/uploads\/2020\/04\/moreschi-marchio-header-1-100x100.png\" width=\"100\" height=\"100\" alt=\"moreschi-marchio-header\" title=\"moreschi-marchio-header\" loading=\"lazy\" \/><\/div>\n\t\t<\/figure>\n\t<\/div>\n<\/div><\/div><\/div><div class=\"wpb_column vc_column_container vc_col-sm-9\"><div class=\"vc_column-inner\"><div class=\"wpb_wrapper\">\n\t<div class=\"wpb_text_column wpb_content_element wpb_animate_when_almost_visible wpb_left-to-right left-to-right vc_custom_1584194852945\" >\n\t\t<div class=\"wpb_wrapper\">\n\t\t\t<h3 class=\"p1\"><b>LOGISTIQUE <\/b><\/h3>\n<p class=\"p1\"><a href=\"mailto:logistica@moreschisrl.it\">logistica@moreschisrl.it<\/a><\/p>\n\n\t\t<\/div>\n\t<\/div>\n<\/div><\/div><\/div><\/div><div class=\"vc_row wpb_row vc_row-fluid\"><div class=\"wpb_column vc_column_container vc_col-sm-3\"><div class=\"vc_column-inner\"><div class=\"wpb_wrapper\">\n\t<div class=\"wpb_single_image wpb_content_element vc_align_left  wpb_animate_when_almost_visible wpb_left-to-right left-to-right\">\n\t\t\n\t\t<figure class=\"wpb_wrapper vc_figure\">\n\t\t\t<div class=\"vc_single_image-wrapper   vc_box_border_grey\"><img decoding=\"async\" class=\"vc_single_image-img\" src=\"https:\/\/www.moreschisrl.it\/wp-content\/uploads\/2020\/04\/moreschi-marchio-header-1-100x100.png\" width=\"100\" height=\"100\" alt=\"moreschi-marchio-header\" title=\"moreschi-marchio-header\" loading=\"lazy\" \/><\/div>\n\t\t<\/figure>\n\t<\/div>\n<\/div><\/div><\/div><div class=\"wpb_column vc_column_container vc_col-sm-9\"><div class=\"vc_column-inner\"><div class=\"wpb_wrapper\">\n\t<div class=\"wpb_text_column wpb_content_element wpb_animate_when_almost_visible wpb_left-to-right left-to-right vc_custom_1584194881501\" >\n\t\t<div class=\"wpb_wrapper\">\n\t\t\t<h3 class=\"p1\"><b>SECR\u00c9TARIAT <\/b><\/h3>\n<p class=\"p2\"><a href=\"mailto:info@moreschisrl.it\">info@moreschisrl.it<\/a><\/p>\n\n\t\t<\/div>\n\t<\/div>\n<\/div><\/div><\/div><\/div><div class=\"vc_row wpb_row vc_row-fluid\"><div class=\"wpb_column vc_column_container vc_col-sm-3\"><div class=\"vc_column-inner\"><div class=\"wpb_wrapper\">\n\t<div class=\"wpb_single_image wpb_content_element vc_align_left  wpb_animate_when_almost_visible wpb_left-to-right left-to-right\">\n\t\t\n\t\t<figure class=\"wpb_wrapper vc_figure\">\n\t\t\t<div class=\"vc_single_image-wrapper   vc_box_border_grey\"><img decoding=\"async\" class=\"vc_single_image-img\" src=\"https:\/\/www.moreschisrl.it\/wp-content\/uploads\/2020\/04\/moreschi-marchio-header-1-100x100.png\" width=\"100\" height=\"100\" alt=\"moreschi-marchio-header\" title=\"moreschi-marchio-header\" loading=\"lazy\" \/><\/div>\n\t\t<\/figure>\n\t<\/div>\n<\/div><\/div><\/div><div class=\"wpb_column vc_column_container vc_col-sm-9\"><div class=\"vc_column-inner\"><div class=\"wpb_wrapper\">\n\t<div class=\"wpb_text_column wpb_content_element wpb_animate_when_almost_visible wpb_left-to-right left-to-right vc_custom_1631536543393\" >\n\t\t<div class=\"wpb_wrapper\">\n\t\t\t<h3 class=\"p1\"><b>TRAVAILLER AVEC NOUS <\/b><\/h3>\n<p class=\"p1\">Dans un contexte dynamique et en constante \u00e9volution, nous sommes toujours \u00e0 la recherche de nouvelles personnalit\u00e9s comp\u00e9tentes et entreprenantes avec un sens aigu des responsabilit\u00e9s et une orientation r\u00e9sultats. Envoyez-nous votre CV \u00e0 l'adresse mail <a href=\"mailto:info@moreschisrl.it\"><span class=\"s1\">info@moreschisrl.it <\/span><\/a><\/p>\n\n\t\t<\/div>\n\t<\/div>\n<\/div><\/div><\/div><\/div>\n<\/div>","protected":false},"excerpt":{"rendered":"STEFANO MORESCHI stefano.moreschi@moreschisrl.it SEBASTIANO MORESCHI seba.moreschi@moreschisrl.it UFFICIO COMMERCIALE ITALIA commerciale@moreschisrl.it UFFICIO COMMERCIALE ESTERO export.department@moreschisrl.com UFFICIO TECNICO tecnico@moreschisrl.it UFFICIO ACQUISTI ufficio.acqusti@moreschisrl.it ASSISTENZA assistenza@moreschisrl.it AMMINISTRAZIONE amministrazione@moreschisrl.it LOGISTICA logistica@moreschisrl.it SEGRETERIA info@moreschisrl.it LAVORA CON...","protected":false},"author":1,"featured_media":0,"parent":0,"menu_order":0,"comment_status":"closed","ping_status":"closed","template":"","meta":{"footnotes":""},"categories":[],"tags":[],"class_list":["post-5352","page","type-page","status-publish","hentry"],"yoast_head":"<!-- This site is optimized with the Yoast SEO plugin v25.4 - https:\/\/yoast.com\/wordpress\/plugins\/seo\/ -->\n<title>TEAM - Moreschi<\/title>\n<meta name=\"robots\" content=\"index, follow, max-snippet:-1, max-image-preview:large, max-video-preview:-1\" \/>\n<link rel=\"canonical\" href=\"https:\/\/www.moreschisrl.it\/fr\/team\/\" \/>\n<meta property=\"og:locale\" content=\"fr_FR\" \/>\n<meta property=\"og:type\" content=\"article\" \/>\n<meta property=\"og:title\" content=\"TEAM - Moreschi\" \/>\n<meta property=\"og:url\" content=\"https:\/\/www.moreschisrl.it\/fr\/team\/\" \/>\n<meta property=\"og:site_name\" content=\"Moreschi\" \/>\n<meta property=\"article:modified_time\" content=\"2021-09-13T12:37:50+00:00\" \/>\n<meta property=\"og:image\" content=\"https:\/\/www.moreschisrl.it\/wp-content\/uploads\/2020\/09\/Soluzioni-Moreschi-Portoni-internazionale.jpg\" \/>\n\t<meta property=\"og:image:width\" content=\"1920\" \/>\n\t<meta property=\"og:image:height\" content=\"1080\" \/>\n\t<meta property=\"og:image:type\" content=\"image\/jpeg\" \/>\n<meta name=\"twitter:card\" content=\"summary_large_image\" \/>\n<meta name=\"twitter:label1\" content=\"Dur\u00e9e de lecture estim\u00e9e\" \/>\n\t<meta name=\"twitter:data1\" content=\"3 minutes\" \/>\n<script type=\"application\/ld+json\" class=\"yoast-schema-graph\">{\"@context\":\"https:\/\/schema.org\",\"@graph\":[{\"@type\":\"WebPage\",\"@id\":\"https:\/\/www.moreschisrl.it\/team\/\",\"url\":\"https:\/\/www.moreschisrl.it\/team\/\",\"name\":\"TEAM - Moreschi\",\"isPartOf\":{\"@id\":\"https:\/\/www.moreschisrl.it\/#website\"},\"datePublished\":\"2020-03-11T14:24:34+00:00\",\"dateModified\":\"2021-09-13T12:37:50+00:00\",\"breadcrumb\":{\"@id\":\"https:\/\/www.moreschisrl.it\/team\/#breadcrumb\"},\"inLanguage\":\"fr-FR\",\"potentialAction\":[{\"@type\":\"ReadAction\",\"target\":[\"https:\/\/www.moreschisrl.it\/team\/\"]}]},{\"@type\":\"BreadcrumbList\",\"@id\":\"https:\/\/www.moreschisrl.it\/team\/#breadcrumb\",\"itemListElement\":[{\"@type\":\"ListItem\",\"position\":1,\"name\":\"Home\",\"item\":\"https:\/\/www.moreschisrl.it\/\"},{\"@type\":\"ListItem\",\"position\":2,\"name\":\"TEAM\"}]},{\"@type\":\"WebSite\",\"@id\":\"https:\/\/www.moreschisrl.it\/#website\",\"url\":\"https:\/\/www.moreschisrl.it\/\",\"name\":\"Moreschi\",\"description\":\"\",\"potentialAction\":[{\"@type\":\"SearchAction\",\"target\":{\"@type\":\"EntryPoint\",\"urlTemplate\":\"https:\/\/www.moreschisrl.it\/?s={search_term_string}\"},\"query-input\":{\"@type\":\"PropertyValueSpecification\",\"valueRequired\":true,\"valueName\":\"search_term_string\"}}],\"inLanguage\":\"fr-FR\"}]}<\/script>\n<!-- \/ Yoast SEO plugin. -->","yoast_head_json":{"title":"TEAM - Moreschi","robots":{"index":"index","follow":"follow","max-snippet":"max-snippet:-1","max-image-preview":"max-image-preview:large","max-video-preview":"max-video-preview:-1"},"canonical":"https:\/\/www.moreschisrl.it\/fr\/team\/","og_locale":"fr_FR","og_type":"article","og_title":"TEAM - Moreschi","og_url":"https:\/\/www.moreschisrl.it\/fr\/team\/","og_site_name":"Moreschi","article_modified_time":"2021-09-13T12:37:50+00:00","og_image":[{"width":1920,"height":1080,"url":"https:\/\/www.moreschisrl.it\/wp-content\/uploads\/2020\/09\/Soluzioni-Moreschi-Portoni-internazionale.jpg","type":"image\/jpeg"}],"twitter_card":"summary_large_image","twitter_misc":{"Dur\u00e9e de lecture estim\u00e9e":"3 minutes"},"schema":{"@context":"https:\/\/schema.org","@graph":[{"@type":"WebPage","@id":"https:\/\/www.moreschisrl.it\/team\/","url":"https:\/\/www.moreschisrl.it\/team\/","name":"TEAM - Moreschi","isPartOf":{"@id":"https:\/\/www.moreschisrl.it\/#website"},"datePublished":"2020-03-11T14:24:34+00:00","dateModified":"2021-09-13T12:37:50+00:00","breadcrumb":{"@id":"https:\/\/www.moreschisrl.it\/team\/#breadcrumb"},"inLanguage":"fr-FR","potentialAction":[{"@type":"ReadAction","target":["https:\/\/www.moreschisrl.it\/team\/"]}]},{"@type":"BreadcrumbList","@id":"https:\/\/www.moreschisrl.it\/team\/#breadcrumb","itemListElement":[{"@type":"ListItem","position":1,"name":"Home","item":"https:\/\/www.moreschisrl.it\/"},{"@type":"ListItem","position":2,"name":"TEAM"}]},{"@type":"WebSite","@id":"https:\/\/www.moreschisrl.it\/#website","url":"https:\/\/www.moreschisrl.it\/","name":"Moreschi","description":"","potentialAction":[{"@type":"SearchAction","target":{"@type":"EntryPoint","urlTemplate":"https:\/\/www.moreschisrl.it\/?s={search_term_string}"},"query-input":{"@type":"PropertyValueSpecification","valueRequired":true,"valueName":"search_term_string"}}],"inLanguage":"fr-FR"}]}},"_links":{"self":[{"href":"https:\/\/www.moreschisrl.it\/fr\/wp-json\/wp\/v2\/pages\/5352","targetHints":{"allow":["GET"]}}],"collection":[{"href":"https:\/\/www.moreschisrl.it\/fr\/wp-json\/wp\/v2\/pages"}],"about":[{"href":"https:\/\/www.moreschisrl.it\/fr\/wp-json\/wp\/v2\/types\/page"}],"author":[{"embeddable":true,"href":"https:\/\/www.moreschisrl.it\/fr\/wp-json\/wp\/v2\/users\/1"}],"replies":[{"embeddable":true,"href":"https:\/\/www.moreschisrl.it\/fr\/wp-json\/wp\/v2\/comments?post=5352"}],"version-history":[{"count":31,"href":"https:\/\/www.moreschisrl.it\/fr\/wp-json\/wp\/v2\/pages\/5352\/revisions"}],"predecessor-version":[{"id":9683,"href":"https:\/\/www.moreschisrl.it\/fr\/wp-json\/wp\/v2\/pages\/5352\/revisions\/9683"}],"wp:attachment":[{"href":"https:\/\/www.moreschisrl.it\/fr\/wp-json\/wp\/v2\/media?parent=5352"}],"wp:term":[{"taxonomy":"category","embeddable":true,"href":"https:\/\/www.moreschisrl.it\/fr\/wp-json\/wp\/v2\/categories?post=5352"},{"taxonomy":"post_tag","embeddable":true,"href":"https:\/\/www.moreschisrl.it\/fr\/wp-json\/wp\/v2\/tags?post=5352"}],"curies":[{"name":"wp","href":"https:\/\/api.w.org\/{rel}","templated":true}]}}