{"id":3,"date":"2020-02-06T11:10:52","date_gmt":"2020-02-06T11:10:52","guid":{"rendered":"https:\/\/www.moreschisrl.it\/?page_id=3"},"modified":"2020-04-23T22:22:07","modified_gmt":"2020-04-23T22:22:07","slug":"privacy-policy","status":"publish","type":"page","link":"https:\/\/www.moreschisrl.it\/fr\/privacy-policy\/","title":{"rendered":"Privacy Policy"},"content":{"rendered":"<div class=\"wpb-content-wrapper\"><div class=\"vc_row wpb_row vc_row-fluid\"><div class=\"wpb_column vc_column_container vc_col-sm-12\"><div class=\"vc_column-inner\"><div class=\"wpb_wrapper\">\n\t<div class=\"wpb_text_column wpb_content_element\" >\n\t\t<div class=\"wpb_wrapper\">\n\t\t\t<p><strong>INFORMAZIONI IMPORTANTI RELATIVE ALLA PRIVACY E AL TRATTAMENTO DEI DATI PERSONALI<\/strong><\/p>\n<p>&nbsp;<\/p>\n<p>Di seguito puoi trovare le informazioni relative al trattamento dei dati personali di coloro che interagiscono con il nostro sito www.moreschisrl.com sia attraverso l&#8217;invio e la ricezione di richieste e informazioni e semplicemente navigando in esso.<\/p>\n<p>&nbsp;<\/p>\n<p>Questa nota informativa \u00e8 espressa ai sensi del Decreto Legislativo n. 196\/2003 (Codice in materia di protezione dei dati personali) e del regolamento UE GDPR (679\/2016) applicato dal Garante della Privacy in merito anche all&#8217;uso dei cookie, in conformit\u00e0 con le leggi europee.<\/p>\n<p>&nbsp;<\/p>\n<p>Le informazioni fornite di seguito sono da intendersi come relative solo al nostro sito www.moreschisrl.com e non includono siti web esterni visitati tramite link presenti nei contenuti.<\/p>\n<p>&nbsp;<\/p>\n<p><strong>Titolare dei dati<\/strong><\/p>\n<p>Moreschi Srl \u00e8 il titolare dei dati personali forniti. La societ\u00e0 ha sede legale e operativa in via Borelli 10, Milano. Il trattamento dei dati connessi ai servizi forniti da questo sito Web sar\u00e0 effettuato presso i nostri uffici da personale incaricato da Moreschi Srl, garantendo cos\u00ec la sicurezza e la segretezza dei dati.<\/p>\n<p>&nbsp;<\/p>\n<p><strong>Fonti di dati, basi giuridiche e finalit\u00e0 del trattamento<\/strong><\/p>\n<p>&nbsp;<\/p>\n<p>I Suoi Dati sono trattati per le seguenti finalit\u00e0\u0300 e basi giuridiche:<\/p>\n<ol>\n<li><strong> senza Suo previo consenso per le finalit\u00e0\u0300 di servizio e, in particolare, per: <\/strong><\/li>\n<\/ol>\n<ul>\n<li>L\u2019adempimento di impegni precontrattuali, in particolare per:\n<ul>\n<li>Gestire una richiesta di contatto da parte Sua;<\/li>\n<li>La gestione dei rapporti precontrattuali e contrattuali;<\/li>\n<li>L\u2019invio di comunicazioni di servizio.<\/li>\n<\/ul>\n<\/li>\n<li>Il perseguimento di un legittimo interesse del Titolare, in particolare:\n<ul>\n<li>L\u2019esercizio dei diritti del Titolare in sede giudiziaria e la gestione degli eventuali contenziosi;<\/li>\n<li>La prevenzione e repressione di atti illeciti;<\/li>\n<li>InviarLe, se gi\u00e0\u0300 nostro cliente, comunicazioni commerciali all\u2019indirizzo email da Lei fornito relative a servizi e prodotti del Titolare analoghi a quelli di cui ha gi\u00e0___0\u0300 usufruito.<\/li>\n<\/ul>\n<\/li>\n<\/ul>\n<ol>\n<li><strong> solo previo Suo consenso, per finalit\u00e0\u0300 di marketing<\/strong>, ossia per informarLa con chiamate telefoniche ed email anche automatiche delle iniziative e offerte commerciali del Titolare.<\/li>\n<li><strong> solo previo Suo consenso esplicito, inviarLe email con ebook<\/strong>, o link ad ebook; <strong>non verranno inviate altre<\/strong> email.<\/li>\n<\/ol>\n<p>&nbsp;<\/p>\n<ol>\n<li><strong> Strumenti dedicati al corretto funzionamento del nostro sito web<\/strong> possono acquisire i dati degli utenti durante la normale navigazione del sito (dati la cui trasmissione \u00e8 conforme ai protocolli di comunicazione di Internet) che tuttavia non \u00e8 direttamente associato agli utenti. L&#8217;indirizzo IP, il nome del dominio e il tipo di browser utilizzato dal computer per accedere al sito Web, l&#8217;ora e la modalit\u00e0 della richiesta, la dimensione del file nella risposta, il codice numerico che indica il tipo di risposta data dal server (riuscito, errore, ecc.) e altri parametri relativi al sistema operativo e all&#8217;ambiente IT utilizzato sono tra questi dati.<\/li>\n<\/ol>\n<p>Questi dati vengono raccolti solo per ottenere informazioni statistiche su come viene utilizzato il sito Web e se funziona correttamente e sono anonimi, cio\u00e8 non consente all&#8217;entit\u00e0 che li raccoglie di scoprire chi \u00e8 l&#8217;utente.<\/p>\n<p>Questi dati possono essere utilizzati per l&#8217;accertamento di responsabilit\u00e0 in caso di reati informatici ai danni del sito.<\/p>\n<p>&nbsp;<\/p>\n<p>Ogni email inviata secondo le finalit\u00e0 indicate nei punti A-B-C le permetter\u00e0\u0300 di rifiutare ulteriori invii, cliccando sull\u2019apposito link al suo interno<em>.<\/em><\/p>\n<p>&nbsp;<\/p>\n<p><strong>Modalit\u00e0 di trattamento<\/strong><\/p>\n<p>Sia la navigazione che i dati personali sono raccolti e trattati in formato elettronico come indicato nell&#8217;art.4 n.2) del GDPR e solo per il tempo necessario a realizzare lo scopo per il quale sono stati raccolti. Misure di sicurezza speciali sono implementate, come da legge, per evitare la sua perdita, l&#8217;uso illegale e l&#8217;accesso non autorizzato.<\/p>\n<p>&nbsp;<\/p>\n<p><strong>Comunicazione e condivisione di dati<\/strong><\/p>\n<p>Dati personali condivisi volontariamente con Moreschi Srl tramite moduli o e-mail sono condivisi con terze parti solo se ci\u00f2 si rivela necessario per gestire le richieste degli utenti.<\/p>\n<p>I fornitori di hosting potrebbero avere accesso ai dati per motivi tecnici urgenti che richiedono una risposta rapida per evitare problemi di funzionalit\u00e0 e sicurezza. I dati di navigazione non sono condivisi con terze parti.<\/p>\n<p>&nbsp;<\/p>\n<p><strong>Conservazione dei Dati <\/strong><\/p>\n<p>Il Titolare tratta i Dati per il tempo necessario per adempiere alle finalit\u00e0\u0300 di cui sopra e per non oltre due anni dalla raccolta per le finalit\u00e0\u0300 di marketing.<\/p>\n<p>&nbsp;<\/p>\n<p><strong>Consenso al trattamento<\/strong><\/p>\n<p>L&#8217;utente \u00e8 libero di scegliere se fornire dati personali tramite moduli o e-mail. Tuttavia, l&#8217;omissione di fornire tali dati pu\u00f2 comportare l&#8217;impossibilit\u00e0 di rispondere alla sua richiesta di informazioni oppure di fornire servizi ed offerte personalizzate.<\/p>\n<p>&nbsp;<\/p>\n<p>Per quanto riguarda la navigazione nel sito, i dati personali non sono richiesti ma la raccolta di dati di navigazione \u00e8 implicita. Tuttavia, \u00e8 possibile che l&#8217;utente neghi il proprio consenso al trattamento dei cookie (vedere la sezione &#8220;Come disabilitare i cookie&#8221;).<\/p>\n<p>&nbsp;<\/p>\n<p><strong>Diritti degli utenti<\/strong><\/p>\n<p>E &#8216;importante che tu sappia che il Codice in materia di protezione dei dati personali (D.Lgs. 196\/2003) conferisce agli utenti determinati diritti, in conformit\u00e0 con l&#8217;art. 7 del Codice e art. 15 GDPR.<\/p>\n<p>L&#8217;utente ha il diritto di sapere:<\/p>\n<ol>\n<li>La fonte dei dati personali forniti;<\/li>\n<li>Lo scopo e le modalit\u00e0 del trattamento;<\/li>\n<li>Il metodo applicato al trattamento se quest&#8217;ultimo viene effettuato tramite dispositivi elettronici;<\/li>\n<li>I dati identificativi dell&#8217;amministratore delegato della societ\u00e0, dei responsabili, delle persone o delle categorie professionali con cui i dati possono essere condivisi o che possono essere scoperti;<\/li>\n<\/ol>\n<p>&nbsp;<\/p>\n<p>L&#8217;utente ha il diritto di ottenere dall&#8217;amministratore delegato o dallo staff responsabile dell&#8217;azienda, con effetto immediato:<\/p>\n<ol>\n<li>L&#8217;aggiornamento, la correzione e, se interessato, l&#8217;aggiornamento di tali dati;<\/li>\n<li>La cancellazione, la trasformazione in forma anonima o il blocco dei dati trattati in violazione di legge, compresi quelli di cui non \u00e8 necessaria la conservazione in relazione agli scopi per i quali i dati sono stati raccolti e \/ o trattati;<\/li>\n<li>La certezza che le operazioni di cui ai punti precedenti siano state comunicate anche a quelle parti con le quali i dati sono stati condivisi. Tale diritto \u00e8 emendato nei casi in cui tale comunicazione si riveli impossibile o la sua esecuzione implichi un significato sproporzionato rispetto al diritto ad essere esercitato;<\/li>\n<\/ol>\n<p>&nbsp;<\/p>\n<p>Il diritto di opporsi, in parte o completamente:<\/p>\n<ol>\n<li>Il trattamento di dati personali per motivi legittimi, anche di quelli trattati in conformit\u00e0 dello scopo per il quale sono stati raccolti;<\/li>\n<li>Il trattamento dei dati personali utilizzati per l&#8217;invio di materiale pubblicitario o per la vendita diretta, nonch\u00e9 ricerche di mercato.<\/li>\n<\/ol>\n<p>&nbsp;<\/p>\n<p>Richieste speciali devono essere fatte a Moreschi Srl come titolare e responsabile del trattamento, scrivendo a info@moreschisrl.it.<\/p>\n<p>&nbsp;<\/p>\n<p><strong>Uso dei cookie<\/strong><\/p>\n<p>Il nostro sito utilizza i cookie. I cookie sono piccoli file di informazioni creati quando si naviga in un sito Web e sono memorizzati nel browser, prima di essere trasferiti sul sito Web ogni volta che si ritorna su di esso.<\/p>\n<p>Utilizziamo esclusivamente cookie tecnici e analitici e non cookie di profilazione volti a monitorare gli utenti mentre navigano per studiare le loro abitudini e preferenze sul Web al fine di inviare annunci personalizzati.<\/p>\n<p>I cookie tecnici sono necessari per il corretto funzionamento di alcune aree del sito Web e includono cookie permanenti e di sola sessione; senza di essi, l&#8217;intero sito Web o parti di esso potrebbero non funzionare correttamente. I cookie in questa categoria vengono sempre inviati dal nostro dominio.<\/p>\n<p>I cookie analitici vengono utilizzati per raccogliere informazioni su come viene utilizzato il sito. Sono la base per l&#8217;analisi statistica, per migliorare e semplificare le funzioni del sito Web e per monitorare il corretto funzionamento del sito web. Questo tipo di cookie raccoglie informazioni anonime sull&#8217;attivit\u00e0 dell&#8217;utente sul sito, su come gli utenti hanno raggiunto il sito e sulle pagine visitate. Moreschi Srl utilizza Google Analytics di Google, Inc. per generare statistiche sull&#8217;utilizzo del sito; Google Analytics utilizza i cookie che non memorizzano i dati personali. Le informazioni derivate dall&#8217;uso dei cookie su come i clienti utilizzano il sito Web (inclusi gli indirizzi IP) saranno trasmessi e archiviati sui server di Google nella societ\u00e0 stessa. Google fornisce Moreschi Srl con dati in forma aggregata e mai collegati all&#8217;identit\u00e0 dell&#8217;utente, attraverso report e altri servizi. Google non trasferisce queste informazioni a terzi se non richiesto dalla legge. Un&#8217;eccezione potrebbe essere di terzi che gestiscono questi dati per conto di Google. In ogni caso, Google afferma nelle sue informazioni che non assocer\u00e0 gli indirizzi IP a nessun altro dato posseduto.<\/p>\n<p>&nbsp;<\/p>\n<p>Per leggere le informazioni sulla privacy fornite da Google e in merito a Google Analytics, visitare il seguente sito Web https:\/\/www.google.com\/intl\/en\/analytics\/privacyoverview.html<\/p>\n<p>Il nostro sito Web contiene anche cookie di terze parti, ovvero cookie provenienti da altri siti Web e conservati in vari elementi nelle nostre pagine Web (icone di social network che consentono agli utenti di condividere contenuti, immagini, video). I cookie in questa categoria vengono quindi inviati dai domini di altri siti web che offrono queste funzioni e non vengono forniti o letti da Moreschi Srl. Queste terze parti sono quindi autorizzate a utilizzare i dati raccolti per i propri scopi. Per ulteriori informazioni sui cookie e su come queste parti trattano i dati, si prega di seguire i link qui sotto.<\/p>\n<p>&nbsp;<\/p>\n<p>Facebook https:\/\/www.facebook.com\/about\/privacy\/<br \/>Twitter https:\/\/twitter.com\/privacy<br \/>Google+ https:\/\/www.google.com\/policies\/privacy\/<br \/>YouTube https:\/\/www.google.com\/policies\/privacy\/(Google privacy policy applicable to YouTube services)<br \/>Linkedin https:\/\/www.linkedin.com\/legal\/privacy-policy?trk=hb_ft_priv<br \/>Instagram https:\/\/help.instagram.com\/155833707900388<\/p>\n<p>&nbsp;<\/p>\n<p><strong>Come disabilitare i cookie<\/strong><\/p>\n<p>Ai siti Web non \u00e8 richiesto esplicitamente di chiedere il consenso degli utenti a utilizzare cookie tecnici e analitici. Infatti, utilizzando il sito Web di Moreschi Srl, si acconsente al trattamento dei dati nei modi e agli scopi indicati in questa informativa.<\/p>\n<p>Tuttavia, gli utenti hanno la possibilit\u00e0 di rifiutare il consenso all&#8217;utilizzo di diversi cookie. La navigazione nel sito Web sar\u00e0 comunque possibile, ma poich\u00e9 alcune funzioni non saranno pi\u00f9 attive, gli utenti potrebbero riscontrare problemi in determinate situazioni, ad esempio quando utilizzano siti Web di e-commerce.<\/p>\n<p>Gli utenti possono disabilitare vari tipi di cookie selezionando le impostazioni appropriate sul proprio browser, rendendo cos\u00ec possibile rifiutare i cookie o eliminarli alla fine di ogni sessione. Di seguito sono riportati i collegamenti con le istruzioni su come disabilitare i cookie sui browser pi\u00f9 diffusi.<\/p>\n<p>Internet Explorer: https:\/\/windows.microsoft.com\/it-IT\/windows7\/Block-enable-or-allow-cookies<br \/>Google Chrome: https:\/\/support.google.com\/chrome\/bin\/answer.py?hl=it-IT&amp;answer=95647&amp;p=cpn_cookies<br \/>Mozilla Firefox: https:\/\/support.mozilla.org\/it\/kb\/Bloccare%20i%20cookie?redirectlocale=en-US&amp;redirectslug=Blocking+cookies<br \/>Apple Safari: https:\/\/support.apple.com\/it-it\/HT1677<\/p>\n<p>&nbsp;<\/p>\n<p>\u00c8 possibile disabilitare solo i cookie di Google Analytics utilizzando il componente aggiuntivo di opt-out fornito da Google senza costi aggiuntivi per i browser pi\u00f9 diffusi.<\/p>\n\n\t\t<\/div>\n\t<\/div>\n<\/div><\/div><\/div><\/div><\/div>","protected":false},"excerpt":{"rendered":"INFORMAZIONI IMPORTANTI RELATIVE ALLA PRIVACY E AL TRATTAMENTO DEI DATI PERSONALI &nbsp; Di seguito puoi trovare le informazioni relative al trattamento dei dati personali di coloro che interagiscono con il...","protected":false},"author":1,"featured_media":0,"parent":0,"menu_order":0,"comment_status":"closed","ping_status":"open","template":"","meta":{"footnotes":""},"categories":[],"tags":[],"class_list":["post-3","page","type-page","status-publish","hentry"],"yoast_head":"<!-- This site is optimized with the Yoast SEO plugin v25.4 - https:\/\/yoast.com\/wordpress\/plugins\/seo\/ -->\n<title>Privacy Policy - Moreschi<\/title>\n<meta name=\"robots\" content=\"index, follow, max-snippet:-1, max-image-preview:large, max-video-preview:-1\" \/>\n<link rel=\"canonical\" href=\"https:\/\/www.moreschisrl.it\/fr\/privacy-policy\/\" \/>\n<meta property=\"og:locale\" content=\"fr_FR\" \/>\n<meta property=\"og:type\" content=\"article\" \/>\n<meta property=\"og:title\" content=\"Privacy Policy - Moreschi\" \/>\n<meta property=\"og:url\" content=\"https:\/\/www.moreschisrl.it\/fr\/privacy-policy\/\" \/>\n<meta property=\"og:site_name\" content=\"Moreschi\" \/>\n<meta property=\"article:modified_time\" content=\"2020-04-23T22:22:07+00:00\" \/>\n<meta property=\"og:image\" content=\"https:\/\/www.moreschisrl.it\/wp-content\/uploads\/2020\/09\/Soluzioni-Moreschi-Portoni-internazionale.jpg\" \/>\n\t<meta property=\"og:image:width\" content=\"1920\" \/>\n\t<meta property=\"og:image:height\" content=\"1080\" \/>\n\t<meta property=\"og:image:type\" content=\"image\/jpeg\" \/>\n<meta name=\"twitter:card\" content=\"summary_large_image\" \/>\n<meta name=\"twitter:label1\" content=\"Dur\u00e9e de lecture estim\u00e9e\" \/>\n\t<meta name=\"twitter:data1\" content=\"9 minutes\" \/>\n<script type=\"application\/ld+json\" class=\"yoast-schema-graph\">{\"@context\":\"https:\/\/schema.org\",\"@graph\":[{\"@type\":\"WebPage\",\"@id\":\"https:\/\/www.moreschisrl.it\/privacy-policy\/\",\"url\":\"https:\/\/www.moreschisrl.it\/privacy-policy\/\",\"name\":\"Privacy Policy - Moreschi\",\"isPartOf\":{\"@id\":\"https:\/\/www.moreschisrl.it\/#website\"},\"datePublished\":\"2020-02-06T11:10:52+00:00\",\"dateModified\":\"2020-04-23T22:22:07+00:00\",\"breadcrumb\":{\"@id\":\"https:\/\/www.moreschisrl.it\/privacy-policy\/#breadcrumb\"},\"inLanguage\":\"fr-FR\",\"potentialAction\":[{\"@type\":\"ReadAction\",\"target\":[\"https:\/\/www.moreschisrl.it\/privacy-policy\/\"]}]},{\"@type\":\"BreadcrumbList\",\"@id\":\"https:\/\/www.moreschisrl.it\/privacy-policy\/#breadcrumb\",\"itemListElement\":[{\"@type\":\"ListItem\",\"position\":1,\"name\":\"Home\",\"item\":\"https:\/\/www.moreschisrl.it\/\"},{\"@type\":\"ListItem\",\"position\":2,\"name\":\"Privacy Policy\"}]},{\"@type\":\"WebSite\",\"@id\":\"https:\/\/www.moreschisrl.it\/#website\",\"url\":\"https:\/\/www.moreschisrl.it\/\",\"name\":\"Moreschi\",\"description\":\"\",\"potentialAction\":[{\"@type\":\"SearchAction\",\"target\":{\"@type\":\"EntryPoint\",\"urlTemplate\":\"https:\/\/www.moreschisrl.it\/?s={search_term_string}\"},\"query-input\":{\"@type\":\"PropertyValueSpecification\",\"valueRequired\":true,\"valueName\":\"search_term_string\"}}],\"inLanguage\":\"fr-FR\"}]}<\/script>\n<!-- \/ Yoast SEO plugin. -->","yoast_head_json":{"title":"Privacy Policy - Moreschi","robots":{"index":"index","follow":"follow","max-snippet":"max-snippet:-1","max-image-preview":"max-image-preview:large","max-video-preview":"max-video-preview:-1"},"canonical":"https:\/\/www.moreschisrl.it\/fr\/privacy-policy\/","og_locale":"fr_FR","og_type":"article","og_title":"Privacy Policy - Moreschi","og_url":"https:\/\/www.moreschisrl.it\/fr\/privacy-policy\/","og_site_name":"Moreschi","article_modified_time":"2020-04-23T22:22:07+00:00","og_image":[{"width":1920,"height":1080,"url":"https:\/\/www.moreschisrl.it\/wp-content\/uploads\/2020\/09\/Soluzioni-Moreschi-Portoni-internazionale.jpg","type":"image\/jpeg"}],"twitter_card":"summary_large_image","twitter_misc":{"Dur\u00e9e de lecture estim\u00e9e":"9 minutes"},"schema":{"@context":"https:\/\/schema.org","@graph":[{"@type":"WebPage","@id":"https:\/\/www.moreschisrl.it\/privacy-policy\/","url":"https:\/\/www.moreschisrl.it\/privacy-policy\/","name":"Privacy Policy - Moreschi","isPartOf":{"@id":"https:\/\/www.moreschisrl.it\/#website"},"datePublished":"2020-02-06T11:10:52+00:00","dateModified":"2020-04-23T22:22:07+00:00","breadcrumb":{"@id":"https:\/\/www.moreschisrl.it\/privacy-policy\/#breadcrumb"},"inLanguage":"fr-FR","potentialAction":[{"@type":"ReadAction","target":["https:\/\/www.moreschisrl.it\/privacy-policy\/"]}]},{"@type":"BreadcrumbList","@id":"https:\/\/www.moreschisrl.it\/privacy-policy\/#breadcrumb","itemListElement":[{"@type":"ListItem","position":1,"name":"Home","item":"https:\/\/www.moreschisrl.it\/"},{"@type":"ListItem","position":2,"name":"Privacy Policy"}]},{"@type":"WebSite","@id":"https:\/\/www.moreschisrl.it\/#website","url":"https:\/\/www.moreschisrl.it\/","name":"Moreschi","description":"","potentialAction":[{"@type":"SearchAction","target":{"@type":"EntryPoint","urlTemplate":"https:\/\/www.moreschisrl.it\/?s={search_term_string}"},"query-input":{"@type":"PropertyValueSpecification","valueRequired":true,"valueName":"search_term_string"}}],"inLanguage":"fr-FR"}]}},"_links":{"self":[{"href":"https:\/\/www.moreschisrl.it\/fr\/wp-json\/wp\/v2\/pages\/3","targetHints":{"allow":["GET"]}}],"collection":[{"href":"https:\/\/www.moreschisrl.it\/fr\/wp-json\/wp\/v2\/pages"}],"about":[{"href":"https:\/\/www.moreschisrl.it\/fr\/wp-json\/wp\/v2\/types\/page"}],"author":[{"embeddable":true,"href":"https:\/\/www.moreschisrl.it\/fr\/wp-json\/wp\/v2\/users\/1"}],"replies":[{"embeddable":true,"href":"https:\/\/www.moreschisrl.it\/fr\/wp-json\/wp\/v2\/comments?post=3"}],"version-history":[{"count":2,"href":"https:\/\/www.moreschisrl.it\/fr\/wp-json\/wp\/v2\/pages\/3\/revisions"}],"predecessor-version":[{"id":8233,"href":"https:\/\/www.moreschisrl.it\/fr\/wp-json\/wp\/v2\/pages\/3\/revisions\/8233"}],"wp:attachment":[{"href":"https:\/\/www.moreschisrl.it\/fr\/wp-json\/wp\/v2\/media?parent=3"}],"wp:term":[{"taxonomy":"category","embeddable":true,"href":"https:\/\/www.moreschisrl.it\/fr\/wp-json\/wp\/v2\/categories?post=3"},{"taxonomy":"post_tag","embeddable":true,"href":"https:\/\/www.moreschisrl.it\/fr\/wp-json\/wp\/v2\/tags?post=3"}],"curies":[{"name":"wp","href":"https:\/\/api.w.org\/{rel}","templated":true}]}}