{"id":10784,"date":"2025-07-24T09:57:50","date_gmt":"2025-07-24T09:57:50","guid":{"rendered":"https:\/\/www.moreschisrl.it\/?page_id=10784"},"modified":"2025-07-24T10:00:27","modified_gmt":"2025-07-24T10:00:27","slug":"nestle-sa","status":"publish","type":"page","link":"https:\/\/www.moreschisrl.it\/fr\/nestle-sa\/","title":{"rendered":"Nestl\u00e8 SA"},"content":{"rendered":"<div class=\"wpb-content-wrapper\"><div class=\"vc_row wpb_row vc_row-fluid\"><div class=\"wpb_column vc_column_container vc_col-sm-12\"><div class=\"vc_column-inner\"><div class=\"wpb_wrapper\"><div class=\"wpb_images_carousel wpb_content_element vc_clearfix\">\n\t<div class=\"wpb_wrapper\">\n\t\t\t\t<div id=\"vc_images-carousel-1-1776590271\" data-ride=\"vc_carousel\" data-wrap=\"true\" style=\"width: 100%;\" data-interval=\"4000\" data-auto-height=\"yes\" data-mode=\"horizontal\" data-partial=\"false\" data-per-view=\"1\" data-hide-on-end=\"false\" class=\"vc_slide vc_images_carousel\">\n\t\t\t\t\t\t<!-- Wrapper for slides -->\n\t\t\t<div class=\"vc_carousel-inner\">\n\t\t\t\t<div class=\"vc_carousel-slideline\">\n\t\t\t\t\t<div class=\"vc_carousel-slideline-inner\">\n\t\t\t\t\t\t\t\t\t\t\t\t\t\t\t\t\t\t\t\t<div class=\"vc_item\">\n\t\t\t\t\t\t\t\t<div class=\"vc_inner\">\n\t\t\t\t\t\t\t\t\t\t\t\t\t\t\t\t\t\t\t<img loading=\"lazy\" decoding=\"async\" width=\"1170\" height=\"768\" src=\"https:\/\/www.moreschisrl.it\/wp-content\/uploads\/2020\/03\/moreschi-neste-gallery-1.jpg\" class=\"attachment-full\" alt=\"\" title=\"moreschi-neste-gallery-1\" srcset=\"https:\/\/www.moreschisrl.it\/wp-content\/uploads\/2020\/03\/moreschi-neste-gallery-1.jpg 1170w, https:\/\/www.moreschisrl.it\/wp-content\/uploads\/2020\/03\/moreschi-neste-gallery-1-300x197.jpg 300w, https:\/\/www.moreschisrl.it\/wp-content\/uploads\/2020\/03\/moreschi-neste-gallery-1-1024x672.jpg 1024w, https:\/\/www.moreschisrl.it\/wp-content\/uploads\/2020\/03\/moreschi-neste-gallery-1-768x504.jpg 768w, https:\/\/www.moreschisrl.it\/wp-content\/uploads\/2020\/03\/moreschi-neste-gallery-1-600x394.jpg 600w\" sizes=\"auto, (max-width: 1170px) 100vw, 1170px\" \/>\t\t\t\t\t\t\t\t\t\t\t\t\t\t\t\t\t<\/div>\n\t\t\t\t\t\t\t<\/div>\n\t\t\t\t\t\t\t\t\t\t\t\t\t\t\t\t\t\t\t\t<div class=\"vc_item\">\n\t\t\t\t\t\t\t\t<div class=\"vc_inner\">\n\t\t\t\t\t\t\t\t\t\t\t\t\t\t\t\t\t\t\t<img loading=\"lazy\" decoding=\"async\" width=\"1170\" height=\"768\" src=\"https:\/\/www.moreschisrl.it\/wp-content\/uploads\/2020\/03\/moreschi-neste-gallery-2.jpg\" class=\"attachment-full\" alt=\"\" title=\"moreschi-neste-gallery-2\" srcset=\"https:\/\/www.moreschisrl.it\/wp-content\/uploads\/2020\/03\/moreschi-neste-gallery-2.jpg 1170w, https:\/\/www.moreschisrl.it\/wp-content\/uploads\/2020\/03\/moreschi-neste-gallery-2-300x197.jpg 300w, https:\/\/www.moreschisrl.it\/wp-content\/uploads\/2020\/03\/moreschi-neste-gallery-2-1024x672.jpg 1024w, https:\/\/www.moreschisrl.it\/wp-content\/uploads\/2020\/03\/moreschi-neste-gallery-2-768x504.jpg 768w, https:\/\/www.moreschisrl.it\/wp-content\/uploads\/2020\/03\/moreschi-neste-gallery-2-600x394.jpg 600w\" sizes=\"auto, (max-width: 1170px) 100vw, 1170px\" \/>\t\t\t\t\t\t\t\t\t\t\t\t\t\t\t\t\t<\/div>\n\t\t\t\t\t\t\t<\/div>\n\t\t\t\t\t\t\t\t\t\t\t\t\t\t\t\t\t\t\t\t<div class=\"vc_item\">\n\t\t\t\t\t\t\t\t<div class=\"vc_inner\">\n\t\t\t\t\t\t\t\t\t\t\t\t\t\t\t\t\t\t\t<img loading=\"lazy\" decoding=\"async\" width=\"1170\" height=\"768\" src=\"https:\/\/www.moreschisrl.it\/wp-content\/uploads\/2020\/03\/moreschi-neste-gallery-3.jpg\" class=\"attachment-full\" alt=\"\" title=\"moreschi-neste-gallery-3\" srcset=\"https:\/\/www.moreschisrl.it\/wp-content\/uploads\/2020\/03\/moreschi-neste-gallery-3.jpg 1170w, https:\/\/www.moreschisrl.it\/wp-content\/uploads\/2020\/03\/moreschi-neste-gallery-3-300x197.jpg 300w, https:\/\/www.moreschisrl.it\/wp-content\/uploads\/2020\/03\/moreschi-neste-gallery-3-1024x672.jpg 1024w, https:\/\/www.moreschisrl.it\/wp-content\/uploads\/2020\/03\/moreschi-neste-gallery-3-768x504.jpg 768w, https:\/\/www.moreschisrl.it\/wp-content\/uploads\/2020\/03\/moreschi-neste-gallery-3-600x394.jpg 600w\" sizes=\"auto, (max-width: 1170px) 100vw, 1170px\" \/>\t\t\t\t\t\t\t\t\t\t\t\t\t\t\t\t\t<\/div>\n\t\t\t\t\t\t\t<\/div>\n\t\t\t\t\t\t\t\t\t\t\t\t\t\t\t\t\t\t\t\t<div class=\"vc_item\">\n\t\t\t\t\t\t\t\t<div class=\"vc_inner\">\n\t\t\t\t\t\t\t\t\t\t\t\t\t\t\t\t\t\t\t<img loading=\"lazy\" decoding=\"async\" width=\"1170\" height=\"768\" src=\"https:\/\/www.moreschisrl.it\/wp-content\/uploads\/2020\/03\/moreschi-neste-gallery-4.jpg\" class=\"attachment-full\" alt=\"\" title=\"moreschi-neste-gallery-4\" srcset=\"https:\/\/www.moreschisrl.it\/wp-content\/uploads\/2020\/03\/moreschi-neste-gallery-4.jpg 1170w, https:\/\/www.moreschisrl.it\/wp-content\/uploads\/2020\/03\/moreschi-neste-gallery-4-300x197.jpg 300w, https:\/\/www.moreschisrl.it\/wp-content\/uploads\/2020\/03\/moreschi-neste-gallery-4-1024x672.jpg 1024w, https:\/\/www.moreschisrl.it\/wp-content\/uploads\/2020\/03\/moreschi-neste-gallery-4-768x504.jpg 768w, https:\/\/www.moreschisrl.it\/wp-content\/uploads\/2020\/03\/moreschi-neste-gallery-4-600x394.jpg 600w\" sizes=\"auto, (max-width: 1170px) 100vw, 1170px\" \/>\t\t\t\t\t\t\t\t\t\t\t\t\t\t\t\t\t<\/div>\n\t\t\t\t\t\t\t<\/div>\n\t\t\t\t\t\t\t\t\t\t\t<\/div>\n\t\t\t\t<\/div>\n\t\t\t<\/div>\n\t\t\t\t\t\t\t<!-- Controls -->\n\t\t\t\t<a class=\"vc_left vc_carousel-control\" href=\"#vc_images-carousel-1-1776590271\" data-slide=\"prev\">\n\t\t\t\t\t<span class=\"icon-prev\"><\/span>\n\t\t\t\t<\/a>\n\t\t\t\t<a class=\"vc_right vc_carousel-control\" href=\"#vc_images-carousel-1-1776590271\" data-slide=\"next\">\n\t\t\t\t\t<span class=\"icon-next\"><\/span>\n\t\t\t\t<\/a>\n\t\t\t\t\t<\/div>\n\t<\/div>\n<\/div>\n<\/div><\/div><\/div><\/div><div class=\"vc_row wpb_row vc_row-fluid vc_custom_1462525906878\"><div class=\"wpb_column vc_column_container vc_col-sm-6\"><div class=\"vc_column-inner\"><div class=\"wpb_wrapper\"><div class=\"mgt-header-block clearfix text-left text-black wpb_animate_when_almost_visible wpb_top-to-bottom wpb_content_element  mgt-header-block-style-2 mgt-header-texttransform-header\"><h2 class=\"mgt-header-block-title\">SOLUTION<\/h2><div class=\"mgt-header-line\"><\/div><\/div>\n\t<div class=\"wpb_text_column wpb_content_element\" >\n\t\t<div class=\"wpb_wrapper\">\n\t\t\t<p class=\"p1\">Conception, production et installation de portes et portails pour un nouveau b\u00e2timent de 40 000 m\u00e8tres carr\u00e9s pour la production de chocolat et d\u00e9riv\u00e9s.<\/p>\n<p class=\"p1\">Il abrite \u00e9galement le secteur Recherche et D\u00e9veloppement, les services de production, ainsi que les bureaux de direction et de commercialisation.<\/p>\n\n\t\t<\/div>\n\t<\/div>\n<\/div><\/div><\/div><div class=\"wpb_column vc_column_container vc_col-sm-6\"><div class=\"vc_column-inner\"><div class=\"wpb_wrapper\"><div class=\"mgt-header-block clearfix text-left text-black wpb_animate_when_almost_visible wpb_top-to-bottom wpb_content_element  mgt-header-block-style-2 mgt-header-texttransform-header\"><h2 class=\"mgt-header-block-title\">DESCRIPTION:<\/h2><div class=\"mgt-header-line\"><\/div><\/div>\n\t<div class=\"wpb_text_column wpb_content_element\" >\n\t\t<div class=\"wpb_wrapper\">\n\t\t\t<p class=\"p1\"><strong>Client:<\/strong> Nestl\u00e8 SA<\/p>\n<p class=\"p1\"><strong>Projet:<\/strong> Nouvelles installations de production et bureaux<\/p>\n<p class=\"p1\"><strong>Ville:<\/strong> Lagos - Nig\u00e9ria<\/p>\n<p class=\"p1\"><strong>Ann\u00e9e de construction:<\/strong> 2011 -2014-2017<\/p>\n<p class=\"p1\">Type de produit install\u00e9: Portes sectionnelles, portes pliantes, portes rapides, portes et portes coupe-feu.<\/p>\n\n\t\t<\/div>\n\t<\/div>\n<\/div><\/div><\/div><\/div>\n<\/div>","protected":false},"excerpt":{"rendered":"SOLUZIONE Progettazione, produzione ed installazione di porte e portoni per nuovo building di 40.000 metri quadrati per la produzione di cioccolato e derivati. Lo stesso, ospita il settore di Ricerca...","protected":false},"author":1,"featured_media":0,"parent":0,"menu_order":0,"comment_status":"closed","ping_status":"closed","template":"","meta":{"footnotes":""},"categories":[],"tags":[113],"class_list":["post-10784","page","type-page","status-publish","hentry","tag-the-work-we-love"],"yoast_head":"<!-- This site is optimized with the Yoast SEO plugin v25.4 - https:\/\/yoast.com\/wordpress\/plugins\/seo\/ -->\n<title>Nestl\u00e8 SA - Moreschi<\/title>\n<meta name=\"robots\" content=\"index, follow, max-snippet:-1, max-image-preview:large, max-video-preview:-1\" \/>\n<link rel=\"canonical\" href=\"https:\/\/www.moreschisrl.it\/fr\/nestle-sa\/\" \/>\n<meta property=\"og:locale\" content=\"fr_FR\" \/>\n<meta property=\"og:type\" content=\"article\" \/>\n<meta property=\"og:title\" content=\"Nestl\u00e8 SA - Moreschi\" \/>\n<meta property=\"og:url\" content=\"https:\/\/www.moreschisrl.it\/fr\/nestle-sa\/\" \/>\n<meta property=\"og:site_name\" content=\"Moreschi\" \/>\n<meta property=\"article:modified_time\" content=\"2025-07-24T10:00:27+00:00\" \/>\n<meta property=\"og:image\" content=\"https:\/\/www.moreschisrl.it\/wp-content\/uploads\/2020\/09\/Soluzioni-Moreschi-Portoni-internazionale.jpg\" \/>\n\t<meta property=\"og:image:width\" content=\"1920\" \/>\n\t<meta property=\"og:image:height\" content=\"1080\" \/>\n\t<meta property=\"og:image:type\" content=\"image\/jpeg\" \/>\n<meta name=\"twitter:card\" content=\"summary_large_image\" \/>\n<meta name=\"twitter:label1\" content=\"Dur\u00e9e de lecture estim\u00e9e\" \/>\n\t<meta name=\"twitter:data1\" content=\"1 minute\" \/>\n<script type=\"application\/ld+json\" class=\"yoast-schema-graph\">{\"@context\":\"https:\/\/schema.org\",\"@graph\":[{\"@type\":\"WebPage\",\"@id\":\"https:\/\/www.moreschisrl.it\/nestle-sa\/\",\"url\":\"https:\/\/www.moreschisrl.it\/nestle-sa\/\",\"name\":\"Nestl\u00e8 SA - Moreschi\",\"isPartOf\":{\"@id\":\"https:\/\/www.moreschisrl.it\/#website\"},\"datePublished\":\"2025-07-24T09:57:50+00:00\",\"dateModified\":\"2025-07-24T10:00:27+00:00\",\"breadcrumb\":{\"@id\":\"https:\/\/www.moreschisrl.it\/nestle-sa\/#breadcrumb\"},\"inLanguage\":\"fr-FR\",\"potentialAction\":[{\"@type\":\"ReadAction\",\"target\":[\"https:\/\/www.moreschisrl.it\/nestle-sa\/\"]}]},{\"@type\":\"BreadcrumbList\",\"@id\":\"https:\/\/www.moreschisrl.it\/nestle-sa\/#breadcrumb\",\"itemListElement\":[{\"@type\":\"ListItem\",\"position\":1,\"name\":\"Home\",\"item\":\"https:\/\/www.moreschisrl.it\/\"},{\"@type\":\"ListItem\",\"position\":2,\"name\":\"Nestl\u00e8 SA\"}]},{\"@type\":\"WebSite\",\"@id\":\"https:\/\/www.moreschisrl.it\/#website\",\"url\":\"https:\/\/www.moreschisrl.it\/\",\"name\":\"Moreschi\",\"description\":\"\",\"potentialAction\":[{\"@type\":\"SearchAction\",\"target\":{\"@type\":\"EntryPoint\",\"urlTemplate\":\"https:\/\/www.moreschisrl.it\/?s={search_term_string}\"},\"query-input\":{\"@type\":\"PropertyValueSpecification\",\"valueRequired\":true,\"valueName\":\"search_term_string\"}}],\"inLanguage\":\"fr-FR\"}]}<\/script>\n<!-- \/ Yoast SEO plugin. -->","yoast_head_json":{"title":"Nestl\u00e8 SA - Moreschi","robots":{"index":"index","follow":"follow","max-snippet":"max-snippet:-1","max-image-preview":"max-image-preview:large","max-video-preview":"max-video-preview:-1"},"canonical":"https:\/\/www.moreschisrl.it\/fr\/nestle-sa\/","og_locale":"fr_FR","og_type":"article","og_title":"Nestl\u00e8 SA - Moreschi","og_url":"https:\/\/www.moreschisrl.it\/fr\/nestle-sa\/","og_site_name":"Moreschi","article_modified_time":"2025-07-24T10:00:27+00:00","og_image":[{"width":1920,"height":1080,"url":"https:\/\/www.moreschisrl.it\/wp-content\/uploads\/2020\/09\/Soluzioni-Moreschi-Portoni-internazionale.jpg","type":"image\/jpeg"}],"twitter_card":"summary_large_image","twitter_misc":{"Dur\u00e9e de lecture estim\u00e9e":"1 minute"},"schema":{"@context":"https:\/\/schema.org","@graph":[{"@type":"WebPage","@id":"https:\/\/www.moreschisrl.it\/nestle-sa\/","url":"https:\/\/www.moreschisrl.it\/nestle-sa\/","name":"Nestl\u00e8 SA - Moreschi","isPartOf":{"@id":"https:\/\/www.moreschisrl.it\/#website"},"datePublished":"2025-07-24T09:57:50+00:00","dateModified":"2025-07-24T10:00:27+00:00","breadcrumb":{"@id":"https:\/\/www.moreschisrl.it\/nestle-sa\/#breadcrumb"},"inLanguage":"fr-FR","potentialAction":[{"@type":"ReadAction","target":["https:\/\/www.moreschisrl.it\/nestle-sa\/"]}]},{"@type":"BreadcrumbList","@id":"https:\/\/www.moreschisrl.it\/nestle-sa\/#breadcrumb","itemListElement":[{"@type":"ListItem","position":1,"name":"Home","item":"https:\/\/www.moreschisrl.it\/"},{"@type":"ListItem","position":2,"name":"Nestl\u00e8 SA"}]},{"@type":"WebSite","@id":"https:\/\/www.moreschisrl.it\/#website","url":"https:\/\/www.moreschisrl.it\/","name":"Moreschi","description":"","potentialAction":[{"@type":"SearchAction","target":{"@type":"EntryPoint","urlTemplate":"https:\/\/www.moreschisrl.it\/?s={search_term_string}"},"query-input":{"@type":"PropertyValueSpecification","valueRequired":true,"valueName":"search_term_string"}}],"inLanguage":"fr-FR"}]}},"_links":{"self":[{"href":"https:\/\/www.moreschisrl.it\/fr\/wp-json\/wp\/v2\/pages\/10784","targetHints":{"allow":["GET"]}}],"collection":[{"href":"https:\/\/www.moreschisrl.it\/fr\/wp-json\/wp\/v2\/pages"}],"about":[{"href":"https:\/\/www.moreschisrl.it\/fr\/wp-json\/wp\/v2\/types\/page"}],"author":[{"embeddable":true,"href":"https:\/\/www.moreschisrl.it\/fr\/wp-json\/wp\/v2\/users\/1"}],"replies":[{"embeddable":true,"href":"https:\/\/www.moreschisrl.it\/fr\/wp-json\/wp\/v2\/comments?post=10784"}],"version-history":[{"count":2,"href":"https:\/\/www.moreschisrl.it\/fr\/wp-json\/wp\/v2\/pages\/10784\/revisions"}],"predecessor-version":[{"id":10786,"href":"https:\/\/www.moreschisrl.it\/fr\/wp-json\/wp\/v2\/pages\/10784\/revisions\/10786"}],"wp:attachment":[{"href":"https:\/\/www.moreschisrl.it\/fr\/wp-json\/wp\/v2\/media?parent=10784"}],"wp:term":[{"taxonomy":"category","embeddable":true,"href":"https:\/\/www.moreschisrl.it\/fr\/wp-json\/wp\/v2\/categories?post=10784"},{"taxonomy":"post_tag","embeddable":true,"href":"https:\/\/www.moreschisrl.it\/fr\/wp-json\/wp\/v2\/tags?post=10784"}],"curies":[{"name":"wp","href":"https:\/\/api.w.org\/{rel}","templated":true}]}}