{"id":10769,"date":"2025-07-24T09:52:28","date_gmt":"2025-07-24T09:52:28","guid":{"rendered":"https:\/\/www.moreschisrl.it\/?page_id=10769"},"modified":"2025-07-24T09:52:28","modified_gmt":"2025-07-24T09:52:28","slug":"clos-culombu","status":"publish","type":"page","link":"https:\/\/www.moreschisrl.it\/fr\/clos-culombu\/","title":{"rendered":"CLOS CULOMBU"},"content":{"rendered":"<div class=\"wpb-content-wrapper\"><div class=\"vc_row wpb_row vc_row-fluid\"><div class=\"wpb_column vc_column_container vc_col-sm-12\"><div class=\"vc_column-inner\"><div class=\"wpb_wrapper\"><div class=\"wpb_images_carousel wpb_content_element vc_clearfix\">\n\t<div class=\"wpb_wrapper\">\n\t\t\t\t<div id=\"vc_images-carousel-1-1777645696\" data-ride=\"vc_carousel\" data-wrap=\"true\" style=\"width: 100%;\" data-interval=\"4000\" data-auto-height=\"yes\" data-mode=\"horizontal\" data-partial=\"false\" data-per-view=\"1\" data-hide-on-end=\"false\" class=\"vc_slide vc_images_carousel\">\n\t\t\t\t\t\t<!-- Wrapper for slides -->\n\t\t\t<div class=\"vc_carousel-inner\">\n\t\t\t\t<div class=\"vc_carousel-slideline\">\n\t\t\t\t\t<div class=\"vc_carousel-slideline-inner\">\n\t\t\t\t\t\t\t\t\t\t\t\t\t\t\t\t\t\t\t\t<div class=\"vc_item\">\n\t\t\t\t\t\t\t\t<div class=\"vc_inner\">\n\t\t\t\t\t\t\t\t\t\t\t\t\t\t\t\t\t\t\t<img loading=\"lazy\" decoding=\"async\" width=\"1200\" height=\"1600\" src=\"https:\/\/www.moreschisrl.it\/wp-content\/uploads\/2023\/07\/Clos-Culombo-3.jpg\" class=\"attachment-full\" alt=\"\" title=\"Clos Culombo (3)\" srcset=\"https:\/\/www.moreschisrl.it\/wp-content\/uploads\/2023\/07\/Clos-Culombo-3.jpg 1200w, https:\/\/www.moreschisrl.it\/wp-content\/uploads\/2023\/07\/Clos-Culombo-3-225x300.jpg 225w, https:\/\/www.moreschisrl.it\/wp-content\/uploads\/2023\/07\/Clos-Culombo-3-768x1024.jpg 768w, https:\/\/www.moreschisrl.it\/wp-content\/uploads\/2023\/07\/Clos-Culombo-3-1152x1536.jpg 1152w\" sizes=\"auto, (max-width: 1200px) 100vw, 1200px\" \/>\t\t\t\t\t\t\t\t\t\t\t\t\t\t\t\t\t<\/div>\n\t\t\t\t\t\t\t<\/div>\n\t\t\t\t\t\t\t\t\t\t\t\t\t\t\t\t\t\t\t\t<div class=\"vc_item\">\n\t\t\t\t\t\t\t\t<div class=\"vc_inner\">\n\t\t\t\t\t\t\t\t\t\t\t\t\t\t\t\t\t\t\t<img loading=\"lazy\" decoding=\"async\" width=\"1600\" height=\"1200\" src=\"https:\/\/www.moreschisrl.it\/wp-content\/uploads\/2023\/07\/Clos-Culombo-5.jpg\" class=\"attachment-full\" alt=\"\" title=\"Clos Culombo (5)\" srcset=\"https:\/\/www.moreschisrl.it\/wp-content\/uploads\/2023\/07\/Clos-Culombo-5.jpg 1600w, https:\/\/www.moreschisrl.it\/wp-content\/uploads\/2023\/07\/Clos-Culombo-5-300x225.jpg 300w, https:\/\/www.moreschisrl.it\/wp-content\/uploads\/2023\/07\/Clos-Culombo-5-1024x768.jpg 1024w, https:\/\/www.moreschisrl.it\/wp-content\/uploads\/2023\/07\/Clos-Culombo-5-768x576.jpg 768w, https:\/\/www.moreschisrl.it\/wp-content\/uploads\/2023\/07\/Clos-Culombo-5-1536x1152.jpg 1536w\" sizes=\"auto, (max-width: 1600px) 100vw, 1600px\" \/>\t\t\t\t\t\t\t\t\t\t\t\t\t\t\t\t\t<\/div>\n\t\t\t\t\t\t\t<\/div>\n\t\t\t\t\t\t\t\t\t\t\t\t\t\t\t\t\t\t\t\t<div class=\"vc_item\">\n\t\t\t\t\t\t\t\t<div class=\"vc_inner\">\n\t\t\t\t\t\t\t\t\t\t\t\t\t\t\t\t\t\t\t<img loading=\"lazy\" decoding=\"async\" width=\"1059\" height=\"835\" src=\"https:\/\/www.moreschisrl.it\/wp-content\/uploads\/2023\/07\/Clos-Culombo-8.jpg\" class=\"attachment-full\" alt=\"\" title=\"Clos Culombo (8)\" srcset=\"https:\/\/www.moreschisrl.it\/wp-content\/uploads\/2023\/07\/Clos-Culombo-8.jpg 1059w, https:\/\/www.moreschisrl.it\/wp-content\/uploads\/2023\/07\/Clos-Culombo-8-300x237.jpg 300w, https:\/\/www.moreschisrl.it\/wp-content\/uploads\/2023\/07\/Clos-Culombo-8-1024x807.jpg 1024w, https:\/\/www.moreschisrl.it\/wp-content\/uploads\/2023\/07\/Clos-Culombo-8-768x606.jpg 768w\" sizes=\"auto, (max-width: 1059px) 100vw, 1059px\" \/>\t\t\t\t\t\t\t\t\t\t\t\t\t\t\t\t\t<\/div>\n\t\t\t\t\t\t\t<\/div>\n\t\t\t\t\t\t\t\t\t\t\t\t\t\t\t\t\t\t\t\t<div class=\"vc_item\">\n\t\t\t\t\t\t\t\t<div class=\"vc_inner\">\n\t\t\t\t\t\t\t\t\t\t\t\t\t\t\t\t\t\t\t<img loading=\"lazy\" decoding=\"async\" width=\"1097\" height=\"826\" src=\"https:\/\/www.moreschisrl.it\/wp-content\/uploads\/2023\/07\/Clos-Culombo-9.jpg\" class=\"attachment-full\" alt=\"\" title=\"Clos Culombo (9)\" srcset=\"https:\/\/www.moreschisrl.it\/wp-content\/uploads\/2023\/07\/Clos-Culombo-9.jpg 1097w, https:\/\/www.moreschisrl.it\/wp-content\/uploads\/2023\/07\/Clos-Culombo-9-300x226.jpg 300w, https:\/\/www.moreschisrl.it\/wp-content\/uploads\/2023\/07\/Clos-Culombo-9-1024x771.jpg 1024w, https:\/\/www.moreschisrl.it\/wp-content\/uploads\/2023\/07\/Clos-Culombo-9-768x578.jpg 768w\" sizes=\"auto, (max-width: 1097px) 100vw, 1097px\" \/>\t\t\t\t\t\t\t\t\t\t\t\t\t\t\t\t\t<\/div>\n\t\t\t\t\t\t\t<\/div>\n\t\t\t\t\t\t\t\t\t\t\t\t\t\t\t\t\t\t\t\t<div class=\"vc_item\">\n\t\t\t\t\t\t\t\t<div class=\"vc_inner\">\n\t\t\t\t\t\t\t\t\t\t\t\t\t\t\t\t\t\t\t<img loading=\"lazy\" decoding=\"async\" width=\"1106\" height=\"822\" src=\"https:\/\/www.moreschisrl.it\/wp-content\/uploads\/2023\/07\/Clos-Culombo-10.jpg\" class=\"attachment-full\" alt=\"\" title=\"Clos Culombo (10)\" srcset=\"https:\/\/www.moreschisrl.it\/wp-content\/uploads\/2023\/07\/Clos-Culombo-10.jpg 1106w, https:\/\/www.moreschisrl.it\/wp-content\/uploads\/2023\/07\/Clos-Culombo-10-300x223.jpg 300w, https:\/\/www.moreschisrl.it\/wp-content\/uploads\/2023\/07\/Clos-Culombo-10-1024x761.jpg 1024w, https:\/\/www.moreschisrl.it\/wp-content\/uploads\/2023\/07\/Clos-Culombo-10-768x571.jpg 768w\" sizes=\"auto, (max-width: 1106px) 100vw, 1106px\" \/>\t\t\t\t\t\t\t\t\t\t\t\t\t\t\t\t\t<\/div>\n\t\t\t\t\t\t\t<\/div>\n\t\t\t\t\t\t\t\t\t\t\t\t\t\t\t\t\t\t\t\t<div class=\"vc_item\">\n\t\t\t\t\t\t\t\t<div class=\"vc_inner\">\n\t\t\t\t\t\t\t\t\t\t\t\t\t\t\t\t\t\t\t<img loading=\"lazy\" decoding=\"async\" width=\"1122\" height=\"761\" src=\"https:\/\/www.moreschisrl.it\/wp-content\/uploads\/2023\/07\/clos-culombu-low.jpg\" class=\"attachment-full\" alt=\"\" title=\"clos-culombu-low\" srcset=\"https:\/\/www.moreschisrl.it\/wp-content\/uploads\/2023\/07\/clos-culombu-low.jpg 1122w, https:\/\/www.moreschisrl.it\/wp-content\/uploads\/2023\/07\/clos-culombu-low-300x203.jpg 300w, https:\/\/www.moreschisrl.it\/wp-content\/uploads\/2023\/07\/clos-culombu-low-1024x695.jpg 1024w, https:\/\/www.moreschisrl.it\/wp-content\/uploads\/2023\/07\/clos-culombu-low-768x521.jpg 768w\" sizes=\"auto, (max-width: 1122px) 100vw, 1122px\" \/>\t\t\t\t\t\t\t\t\t\t\t\t\t\t\t\t\t<\/div>\n\t\t\t\t\t\t\t<\/div>\n\t\t\t\t\t\t\t\t\t\t\t\t\t\t\t\t\t\t\t\t<div class=\"vc_item\">\n\t\t\t\t\t\t\t\t<div class=\"vc_inner\">\n\t\t\t\t\t\t\t\t\t\t\t\t\t\t\t\t\t\t\t<img loading=\"lazy\" decoding=\"async\" width=\"1200\" height=\"1600\" src=\"https:\/\/www.moreschisrl.it\/wp-content\/uploads\/2023\/07\/Clos-Culombo-33.jpg\" class=\"attachment-full\" alt=\"\" title=\"Clos Culombo (33)\" srcset=\"https:\/\/www.moreschisrl.it\/wp-content\/uploads\/2023\/07\/Clos-Culombo-33.jpg 1200w, https:\/\/www.moreschisrl.it\/wp-content\/uploads\/2023\/07\/Clos-Culombo-33-225x300.jpg 225w, https:\/\/www.moreschisrl.it\/wp-content\/uploads\/2023\/07\/Clos-Culombo-33-768x1024.jpg 768w, https:\/\/www.moreschisrl.it\/wp-content\/uploads\/2023\/07\/Clos-Culombo-33-1152x1536.jpg 1152w\" sizes=\"auto, (max-width: 1200px) 100vw, 1200px\" \/>\t\t\t\t\t\t\t\t\t\t\t\t\t\t\t\t\t<\/div>\n\t\t\t\t\t\t\t<\/div>\n\t\t\t\t\t\t\t\t\t\t\t\t\t\t\t\t\t\t\t\t<div class=\"vc_item\">\n\t\t\t\t\t\t\t\t<div class=\"vc_inner\">\n\t\t\t\t\t\t\t\t\t\t\t\t\t\t\t\t\t\t\t<img loading=\"lazy\" decoding=\"async\" width=\"1600\" height=\"1200\" src=\"https:\/\/www.moreschisrl.it\/wp-content\/uploads\/2023\/07\/Clos-Culombo-32.jpg\" class=\"attachment-full\" alt=\"\" title=\"Clos Culombo (32)\" srcset=\"https:\/\/www.moreschisrl.it\/wp-content\/uploads\/2023\/07\/Clos-Culombo-32.jpg 1600w, https:\/\/www.moreschisrl.it\/wp-content\/uploads\/2023\/07\/Clos-Culombo-32-300x225.jpg 300w, https:\/\/www.moreschisrl.it\/wp-content\/uploads\/2023\/07\/Clos-Culombo-32-1024x768.jpg 1024w, https:\/\/www.moreschisrl.it\/wp-content\/uploads\/2023\/07\/Clos-Culombo-32-768x576.jpg 768w, https:\/\/www.moreschisrl.it\/wp-content\/uploads\/2023\/07\/Clos-Culombo-32-1536x1152.jpg 1536w\" sizes=\"auto, (max-width: 1600px) 100vw, 1600px\" \/>\t\t\t\t\t\t\t\t\t\t\t\t\t\t\t\t\t<\/div>\n\t\t\t\t\t\t\t<\/div>\n\t\t\t\t\t\t\t\t\t\t\t\t\t\t\t\t\t\t\t\t<div class=\"vc_item\">\n\t\t\t\t\t\t\t\t<div class=\"vc_inner\">\n\t\t\t\t\t\t\t\t\t\t\t\t\t\t\t\t\t\t\t<img loading=\"lazy\" decoding=\"async\" width=\"1600\" height=\"1200\" src=\"https:\/\/www.moreschisrl.it\/wp-content\/uploads\/2023\/07\/Clos-Culombo-29.jpg\" class=\"attachment-full\" alt=\"\" title=\"Clos Culombo (29)\" srcset=\"https:\/\/www.moreschisrl.it\/wp-content\/uploads\/2023\/07\/Clos-Culombo-29.jpg 1600w, https:\/\/www.moreschisrl.it\/wp-content\/uploads\/2023\/07\/Clos-Culombo-29-300x225.jpg 300w, https:\/\/www.moreschisrl.it\/wp-content\/uploads\/2023\/07\/Clos-Culombo-29-1024x768.jpg 1024w, https:\/\/www.moreschisrl.it\/wp-content\/uploads\/2023\/07\/Clos-Culombo-29-768x576.jpg 768w, https:\/\/www.moreschisrl.it\/wp-content\/uploads\/2023\/07\/Clos-Culombo-29-1536x1152.jpg 1536w\" sizes=\"auto, (max-width: 1600px) 100vw, 1600px\" \/>\t\t\t\t\t\t\t\t\t\t\t\t\t\t\t\t\t<\/div>\n\t\t\t\t\t\t\t<\/div>\n\t\t\t\t\t\t\t\t\t\t\t\t\t\t\t\t\t\t\t\t<div class=\"vc_item\">\n\t\t\t\t\t\t\t\t<div class=\"vc_inner\">\n\t\t\t\t\t\t\t\t\t\t\t\t\t\t\t\t\t\t\t<img loading=\"lazy\" decoding=\"async\" width=\"1600\" height=\"1200\" src=\"https:\/\/www.moreschisrl.it\/wp-content\/uploads\/2023\/07\/Clos-Culombo-23.jpg\" class=\"attachment-full\" alt=\"\" title=\"Clos Culombo (23)\" srcset=\"https:\/\/www.moreschisrl.it\/wp-content\/uploads\/2023\/07\/Clos-Culombo-23.jpg 1600w, https:\/\/www.moreschisrl.it\/wp-content\/uploads\/2023\/07\/Clos-Culombo-23-300x225.jpg 300w, https:\/\/www.moreschisrl.it\/wp-content\/uploads\/2023\/07\/Clos-Culombo-23-1024x768.jpg 1024w, https:\/\/www.moreschisrl.it\/wp-content\/uploads\/2023\/07\/Clos-Culombo-23-768x576.jpg 768w, https:\/\/www.moreschisrl.it\/wp-content\/uploads\/2023\/07\/Clos-Culombo-23-1536x1152.jpg 1536w\" sizes=\"auto, (max-width: 1600px) 100vw, 1600px\" \/>\t\t\t\t\t\t\t\t\t\t\t\t\t\t\t\t\t<\/div>\n\t\t\t\t\t\t\t<\/div>\n\t\t\t\t\t\t\t\t\t\t\t\t\t\t\t\t\t\t\t\t<div class=\"vc_item\">\n\t\t\t\t\t\t\t\t<div class=\"vc_inner\">\n\t\t\t\t\t\t\t\t\t\t\t\t\t\t\t\t\t\t\t<img loading=\"lazy\" decoding=\"async\" width=\"1600\" height=\"1200\" src=\"https:\/\/www.moreschisrl.it\/wp-content\/uploads\/2023\/07\/Clos-Culombo-20.jpg\" class=\"attachment-full\" alt=\"\" title=\"Clos Culombo (20)\" srcset=\"https:\/\/www.moreschisrl.it\/wp-content\/uploads\/2023\/07\/Clos-Culombo-20.jpg 1600w, https:\/\/www.moreschisrl.it\/wp-content\/uploads\/2023\/07\/Clos-Culombo-20-300x225.jpg 300w, https:\/\/www.moreschisrl.it\/wp-content\/uploads\/2023\/07\/Clos-Culombo-20-1024x768.jpg 1024w, https:\/\/www.moreschisrl.it\/wp-content\/uploads\/2023\/07\/Clos-Culombo-20-768x576.jpg 768w, https:\/\/www.moreschisrl.it\/wp-content\/uploads\/2023\/07\/Clos-Culombo-20-1536x1152.jpg 1536w\" sizes=\"auto, (max-width: 1600px) 100vw, 1600px\" \/>\t\t\t\t\t\t\t\t\t\t\t\t\t\t\t\t\t<\/div>\n\t\t\t\t\t\t\t<\/div>\n\t\t\t\t\t\t\t\t\t\t\t\t\t\t\t\t\t\t\t\t<div class=\"vc_item\">\n\t\t\t\t\t\t\t\t<div class=\"vc_inner\">\n\t\t\t\t\t\t\t\t\t\t\t\t\t\t\t\t\t\t\t<img loading=\"lazy\" decoding=\"async\" width=\"1600\" height=\"1200\" src=\"https:\/\/www.moreschisrl.it\/wp-content\/uploads\/2023\/07\/Clos-Culombo-15.jpg\" class=\"attachment-full\" alt=\"\" title=\"Clos Culombo (15)\" srcset=\"https:\/\/www.moreschisrl.it\/wp-content\/uploads\/2023\/07\/Clos-Culombo-15.jpg 1600w, https:\/\/www.moreschisrl.it\/wp-content\/uploads\/2023\/07\/Clos-Culombo-15-300x225.jpg 300w, https:\/\/www.moreschisrl.it\/wp-content\/uploads\/2023\/07\/Clos-Culombo-15-1024x768.jpg 1024w, https:\/\/www.moreschisrl.it\/wp-content\/uploads\/2023\/07\/Clos-Culombo-15-768x576.jpg 768w, https:\/\/www.moreschisrl.it\/wp-content\/uploads\/2023\/07\/Clos-Culombo-15-1536x1152.jpg 1536w\" sizes=\"auto, (max-width: 1600px) 100vw, 1600px\" \/>\t\t\t\t\t\t\t\t\t\t\t\t\t\t\t\t\t<\/div>\n\t\t\t\t\t\t\t<\/div>\n\t\t\t\t\t\t\t\t\t\t\t<\/div>\n\t\t\t\t<\/div>\n\t\t\t<\/div>\n\t\t\t\t\t\t\t<!-- Controls -->\n\t\t\t\t<a class=\"vc_left vc_carousel-control\" href=\"#vc_images-carousel-1-1777645696\" data-slide=\"prev\">\n\t\t\t\t\t<span class=\"icon-prev\"><\/span>\n\t\t\t\t<\/a>\n\t\t\t\t<a class=\"vc_right vc_carousel-control\" href=\"#vc_images-carousel-1-1777645696\" data-slide=\"next\">\n\t\t\t\t\t<span class=\"icon-next\"><\/span>\n\t\t\t\t<\/a>\n\t\t\t\t\t<\/div>\n\t<\/div>\n<\/div>\n<\/div><\/div><\/div><\/div><div class=\"vc_row wpb_row vc_row-fluid vc_custom_1462525906878\"><div class=\"wpb_column vc_column_container vc_col-sm-6\"><div class=\"vc_column-inner\"><div class=\"wpb_wrapper\"><div class=\"mgt-header-block clearfix text-left text-black wpb_animate_when_almost_visible wpb_top-to-bottom wpb_content_element  mgt-header-block-style-2 mgt-header-texttransform-header\"><h2 class=\"mgt-header-block-title\">SOLUTION<\/h2><div class=\"mgt-header-line\"><\/div><\/div>\n\t<div class=\"wpb_text_column wpb_content_element\" >\n\t\t<div class=\"wpb_wrapper\">\n\t\t\t<p>Dans le cadre d'une r\u00e9novation partielle de la cave, les portes pliantes traditionnelles isol\u00e9es et pr\u00e9-peintes ont trouv\u00e9 leur place, ainsi que la solution en acier et en verre. Dans le chai nouvellement construit o\u00f9 les nouvelles barriques ont \u00e9t\u00e9 positionn\u00e9es, l'architecte a fortement voulu une coupe traditionnelle avec des portes en acier CORTEN.<\/p>\n<p>Un effet r\u00e9solument tourn\u00e9 vers un aspect artistique \u00e9galement li\u00e9 au contexte de la cave, avec une attention aux r\u00e8gles de sant\u00e9 et d'hygi\u00e8ne et \u00e0 l'isolation thermique des pi\u00e8ces.<\/p>\n\n\t\t<\/div>\n\t<\/div>\n<\/div><\/div><\/div><div class=\"wpb_column vc_column_container vc_col-sm-6\"><div class=\"vc_column-inner\"><div class=\"wpb_wrapper\"><div class=\"mgt-header-block clearfix text-left text-black wpb_animate_when_almost_visible wpb_top-to-bottom wpb_content_element  mgt-header-block-style-2 mgt-header-texttransform-header\"><h2 class=\"mgt-header-block-title\">DESCRIPTION:<\/h2><div class=\"mgt-header-line\"><\/div><\/div>\n\t<div class=\"wpb_text_column wpb_content_element\" >\n\t\t<div class=\"wpb_wrapper\">\n\t\t\t<p class=\"p1\"><strong>Client:<\/strong> Clos Culombu<\/p>\n<p class=\"p1\"><strong>Projet:<\/strong> Nouvelles portes<\/p>\n<p class=\"p1\"><strong>Ville:<\/strong> Corsica \u2013 Calv\u00ec<\/p>\n<p class=\"p1\"><strong>Ann\u00e9e de construction:<\/strong> 2020<\/p>\n<p class=\"p1\"><strong>Type de produit install\u00e9:<\/strong>\u00a0Portes pliantes isol\u00e9es en acier CORTEN, Portes en acier et verre, Portes isol\u00e9es en acier pr\u00e9laqu\u00e9<\/p>\n<p>&nbsp;<\/p>\n<p><img \/><\/p>\n\n\t\t<\/div>\n\t<\/div>\n<\/div><\/div><\/div><\/div>\n<\/div>","protected":false},"excerpt":{"rendered":"SOLUZIONE Nel contesto di una ristrutturazione parziale della cantina, hanno trovato la giusta collocazione portoni tradizioni ad impacco coibentati e preverniciati oltre alla soluzione in acciaio e vetro. \u00a0\u00a0Nella cantina...","protected":false},"author":1,"featured_media":0,"parent":0,"menu_order":0,"comment_status":"closed","ping_status":"closed","template":"","meta":{"footnotes":""},"categories":[],"tags":[],"class_list":["post-10769","page","type-page","status-publish","hentry"],"yoast_head":"<!-- This site is optimized with the Yoast SEO plugin v25.4 - https:\/\/yoast.com\/wordpress\/plugins\/seo\/ -->\n<title>CLOS CULOMBU - Moreschi<\/title>\n<meta name=\"robots\" content=\"index, follow, max-snippet:-1, max-image-preview:large, max-video-preview:-1\" \/>\n<link rel=\"canonical\" href=\"https:\/\/www.moreschisrl.it\/fr\/clos-culombu\/\" \/>\n<meta property=\"og:locale\" content=\"fr_FR\" \/>\n<meta property=\"og:type\" content=\"article\" \/>\n<meta property=\"og:title\" content=\"CLOS CULOMBU - Moreschi\" \/>\n<meta property=\"og:url\" content=\"https:\/\/www.moreschisrl.it\/fr\/clos-culombu\/\" \/>\n<meta property=\"og:site_name\" content=\"Moreschi\" \/>\n<meta property=\"og:image\" content=\"https:\/\/www.moreschisrl.it\/wp-content\/uploads\/2020\/09\/Soluzioni-Moreschi-Portoni-internazionale.jpg\" \/>\n\t<meta property=\"og:image:width\" content=\"1920\" \/>\n\t<meta property=\"og:image:height\" content=\"1080\" \/>\n\t<meta property=\"og:image:type\" content=\"image\/jpeg\" \/>\n<meta name=\"twitter:card\" content=\"summary_large_image\" \/>\n<meta name=\"twitter:label1\" content=\"Dur\u00e9e de lecture estim\u00e9e\" \/>\n\t<meta name=\"twitter:data1\" content=\"1 minute\" \/>\n<script type=\"application\/ld+json\" class=\"yoast-schema-graph\">{\"@context\":\"https:\/\/schema.org\",\"@graph\":[{\"@type\":\"WebPage\",\"@id\":\"https:\/\/www.moreschisrl.it\/clos-culombu\/\",\"url\":\"https:\/\/www.moreschisrl.it\/clos-culombu\/\",\"name\":\"CLOS CULOMBU - Moreschi\",\"isPartOf\":{\"@id\":\"https:\/\/www.moreschisrl.it\/#website\"},\"datePublished\":\"2025-07-24T09:52:28+00:00\",\"breadcrumb\":{\"@id\":\"https:\/\/www.moreschisrl.it\/clos-culombu\/#breadcrumb\"},\"inLanguage\":\"fr-FR\",\"potentialAction\":[{\"@type\":\"ReadAction\",\"target\":[\"https:\/\/www.moreschisrl.it\/clos-culombu\/\"]}]},{\"@type\":\"BreadcrumbList\",\"@id\":\"https:\/\/www.moreschisrl.it\/clos-culombu\/#breadcrumb\",\"itemListElement\":[{\"@type\":\"ListItem\",\"position\":1,\"name\":\"Home\",\"item\":\"https:\/\/www.moreschisrl.it\/\"},{\"@type\":\"ListItem\",\"position\":2,\"name\":\"CLOS CULOMBU\"}]},{\"@type\":\"WebSite\",\"@id\":\"https:\/\/www.moreschisrl.it\/#website\",\"url\":\"https:\/\/www.moreschisrl.it\/\",\"name\":\"Moreschi\",\"description\":\"\",\"potentialAction\":[{\"@type\":\"SearchAction\",\"target\":{\"@type\":\"EntryPoint\",\"urlTemplate\":\"https:\/\/www.moreschisrl.it\/?s={search_term_string}\"},\"query-input\":{\"@type\":\"PropertyValueSpecification\",\"valueRequired\":true,\"valueName\":\"search_term_string\"}}],\"inLanguage\":\"fr-FR\"}]}<\/script>\n<!-- \/ Yoast SEO plugin. -->","yoast_head_json":{"title":"CLOS CULOMBU - Moreschi","robots":{"index":"index","follow":"follow","max-snippet":"max-snippet:-1","max-image-preview":"max-image-preview:large","max-video-preview":"max-video-preview:-1"},"canonical":"https:\/\/www.moreschisrl.it\/fr\/clos-culombu\/","og_locale":"fr_FR","og_type":"article","og_title":"CLOS CULOMBU - Moreschi","og_url":"https:\/\/www.moreschisrl.it\/fr\/clos-culombu\/","og_site_name":"Moreschi","og_image":[{"width":1920,"height":1080,"url":"https:\/\/www.moreschisrl.it\/wp-content\/uploads\/2020\/09\/Soluzioni-Moreschi-Portoni-internazionale.jpg","type":"image\/jpeg"}],"twitter_card":"summary_large_image","twitter_misc":{"Dur\u00e9e de lecture estim\u00e9e":"1 minute"},"schema":{"@context":"https:\/\/schema.org","@graph":[{"@type":"WebPage","@id":"https:\/\/www.moreschisrl.it\/clos-culombu\/","url":"https:\/\/www.moreschisrl.it\/clos-culombu\/","name":"CLOS CULOMBU - Moreschi","isPartOf":{"@id":"https:\/\/www.moreschisrl.it\/#website"},"datePublished":"2025-07-24T09:52:28+00:00","breadcrumb":{"@id":"https:\/\/www.moreschisrl.it\/clos-culombu\/#breadcrumb"},"inLanguage":"fr-FR","potentialAction":[{"@type":"ReadAction","target":["https:\/\/www.moreschisrl.it\/clos-culombu\/"]}]},{"@type":"BreadcrumbList","@id":"https:\/\/www.moreschisrl.it\/clos-culombu\/#breadcrumb","itemListElement":[{"@type":"ListItem","position":1,"name":"Home","item":"https:\/\/www.moreschisrl.it\/"},{"@type":"ListItem","position":2,"name":"CLOS CULOMBU"}]},{"@type":"WebSite","@id":"https:\/\/www.moreschisrl.it\/#website","url":"https:\/\/www.moreschisrl.it\/","name":"Moreschi","description":"","potentialAction":[{"@type":"SearchAction","target":{"@type":"EntryPoint","urlTemplate":"https:\/\/www.moreschisrl.it\/?s={search_term_string}"},"query-input":{"@type":"PropertyValueSpecification","valueRequired":true,"valueName":"search_term_string"}}],"inLanguage":"fr-FR"}]}},"_links":{"self":[{"href":"https:\/\/www.moreschisrl.it\/fr\/wp-json\/wp\/v2\/pages\/10769","targetHints":{"allow":["GET"]}}],"collection":[{"href":"https:\/\/www.moreschisrl.it\/fr\/wp-json\/wp\/v2\/pages"}],"about":[{"href":"https:\/\/www.moreschisrl.it\/fr\/wp-json\/wp\/v2\/types\/page"}],"author":[{"embeddable":true,"href":"https:\/\/www.moreschisrl.it\/fr\/wp-json\/wp\/v2\/users\/1"}],"replies":[{"embeddable":true,"href":"https:\/\/www.moreschisrl.it\/fr\/wp-json\/wp\/v2\/comments?post=10769"}],"version-history":[{"count":2,"href":"https:\/\/www.moreschisrl.it\/fr\/wp-json\/wp\/v2\/pages\/10769\/revisions"}],"predecessor-version":[{"id":10771,"href":"https:\/\/www.moreschisrl.it\/fr\/wp-json\/wp\/v2\/pages\/10769\/revisions\/10771"}],"wp:attachment":[{"href":"https:\/\/www.moreschisrl.it\/fr\/wp-json\/wp\/v2\/media?parent=10769"}],"wp:term":[{"taxonomy":"category","embeddable":true,"href":"https:\/\/www.moreschisrl.it\/fr\/wp-json\/wp\/v2\/categories?post=10769"},{"taxonomy":"post_tag","embeddable":true,"href":"https:\/\/www.moreschisrl.it\/fr\/wp-json\/wp\/v2\/tags?post=10769"}],"curies":[{"name":"wp","href":"https:\/\/api.w.org\/{rel}","templated":true}]}}