{"id":10747,"date":"2025-07-24T09:34:24","date_gmt":"2025-07-24T09:34:24","guid":{"rendered":"https:\/\/www.moreschisrl.it\/?page_id=10747"},"modified":"2025-07-24T09:41:24","modified_gmt":"2025-07-24T09:41:24","slug":"moreschi-decoration-special","status":"publish","type":"page","link":"https:\/\/www.moreschisrl.it\/fr\/moreschi-decoration-special\/","title":{"rendered":"MORESCHI DECORATION &#038; SPECIAL"},"content":{"rendered":"<div class=\"wpb-content-wrapper\"><div class=\"vc_row wpb_row vc_row-fluid\"><div class=\"wpb_column vc_column_container vc_col-sm-12\"><div class=\"vc_column-inner\"><div class=\"wpb_wrapper\"><div class=\"wpb_images_carousel wpb_content_element vc_clearfix\">\n\t<div class=\"wpb_wrapper\">\n\t\t\t\t<div id=\"vc_images-carousel-1-1776503648\" data-ride=\"vc_carousel\" data-wrap=\"true\" style=\"width: 100%;\" data-interval=\"4000\" data-auto-height=\"yes\" data-mode=\"horizontal\" data-partial=\"false\" data-per-view=\"1\" data-hide-on-end=\"false\" class=\"vc_slide vc_images_carousel\">\n\t\t\t\t\t\t<!-- Wrapper for slides -->\n\t\t\t<div class=\"vc_carousel-inner\">\n\t\t\t\t<div class=\"vc_carousel-slideline\">\n\t\t\t\t\t<div class=\"vc_carousel-slideline-inner\">\n\t\t\t\t\t\t\t\t\t\t\t\t\t\t\t\t\t\t\t\t<div class=\"vc_item\">\n\t\t\t\t\t\t\t\t<div class=\"vc_inner\">\n\t\t\t\t\t\t\t\t\t\t\t\t\t\t\t\t\t\t\t<img loading=\"lazy\" decoding=\"async\" width=\"546\" height=\"818\" src=\"https:\/\/www.moreschisrl.it\/wp-content\/uploads\/2024\/03\/ACS-DOBFAR-19.jpg\" class=\"attachment-full\" alt=\"\" title=\"ACS DOBFAR (19)\" srcset=\"https:\/\/www.moreschisrl.it\/wp-content\/uploads\/2024\/03\/ACS-DOBFAR-19.jpg 546w, https:\/\/www.moreschisrl.it\/wp-content\/uploads\/2024\/03\/ACS-DOBFAR-19-200x300.jpg 200w\" sizes=\"auto, (max-width: 546px) 100vw, 546px\" \/>\t\t\t\t\t\t\t\t\t\t\t\t\t\t\t\t\t<\/div>\n\t\t\t\t\t\t\t<\/div>\n\t\t\t\t\t\t\t\t\t\t\t\t\t\t\t\t\t\t\t\t<div class=\"vc_item\">\n\t\t\t\t\t\t\t\t<div class=\"vc_inner\">\n\t\t\t\t\t\t\t\t\t\t\t\t\t\t\t\t\t\t\t<img loading=\"lazy\" decoding=\"async\" width=\"894\" height=\"818\" src=\"https:\/\/www.moreschisrl.it\/wp-content\/uploads\/2024\/03\/GG-2.jpg\" class=\"attachment-full\" alt=\"\" title=\"G&amp;G (2)\" srcset=\"https:\/\/www.moreschisrl.it\/wp-content\/uploads\/2024\/03\/GG-2.jpg 894w, https:\/\/www.moreschisrl.it\/wp-content\/uploads\/2024\/03\/GG-2-300x274.jpg 300w, https:\/\/www.moreschisrl.it\/wp-content\/uploads\/2024\/03\/GG-2-768x703.jpg 768w\" sizes=\"auto, (max-width: 894px) 100vw, 894px\" \/>\t\t\t\t\t\t\t\t\t\t\t\t\t\t\t\t\t<\/div>\n\t\t\t\t\t\t\t<\/div>\n\t\t\t\t\t\t\t\t\t\t\t\t\t\t\t\t\t\t\t\t<div class=\"vc_item\">\n\t\t\t\t\t\t\t\t<div class=\"vc_inner\">\n\t\t\t\t\t\t\t\t\t\t\t\t\t\t\t\t\t\t\t<img loading=\"lazy\" decoding=\"async\" width=\"1091\" height=\"818\" src=\"https:\/\/www.moreschisrl.it\/wp-content\/uploads\/2024\/03\/147.jpg\" class=\"attachment-full\" alt=\"\" title=\"147\" srcset=\"https:\/\/www.moreschisrl.it\/wp-content\/uploads\/2024\/03\/147.jpg 1091w, https:\/\/www.moreschisrl.it\/wp-content\/uploads\/2024\/03\/147-300x225.jpg 300w, https:\/\/www.moreschisrl.it\/wp-content\/uploads\/2024\/03\/147-1024x768.jpg 1024w, https:\/\/www.moreschisrl.it\/wp-content\/uploads\/2024\/03\/147-768x576.jpg 768w\" sizes=\"auto, (max-width: 1091px) 100vw, 1091px\" \/>\t\t\t\t\t\t\t\t\t\t\t\t\t\t\t\t\t<\/div>\n\t\t\t\t\t\t\t<\/div>\n\t\t\t\t\t\t\t\t\t\t\t\t\t\t\t\t\t\t\t\t<div class=\"vc_item\">\n\t\t\t\t\t\t\t\t<div class=\"vc_inner\">\n\t\t\t\t\t\t\t\t\t\t\t\t\t\t\t\t\t\t\t<img loading=\"lazy\" decoding=\"async\" width=\"614\" height=\"818\" src=\"https:\/\/www.moreschisrl.it\/wp-content\/uploads\/2024\/03\/IMG_8072.jpg\" class=\"attachment-full\" alt=\"\" title=\"IMG_8072\" srcset=\"https:\/\/www.moreschisrl.it\/wp-content\/uploads\/2024\/03\/IMG_8072.jpg 614w, https:\/\/www.moreschisrl.it\/wp-content\/uploads\/2024\/03\/IMG_8072-225x300.jpg 225w\" sizes=\"auto, (max-width: 614px) 100vw, 614px\" \/>\t\t\t\t\t\t\t\t\t\t\t\t\t\t\t\t\t<\/div>\n\t\t\t\t\t\t\t<\/div>\n\t\t\t\t\t\t\t\t\t\t\t\t\t\t\t\t\t\t\t\t<div class=\"vc_item\">\n\t\t\t\t\t\t\t\t<div class=\"vc_inner\">\n\t\t\t\t\t\t\t\t\t\t\t\t\t\t\t\t\t\t\t<img loading=\"lazy\" decoding=\"async\" width=\"862\" height=\"818\" src=\"https:\/\/www.moreschisrl.it\/wp-content\/uploads\/2024\/03\/17x11.jpg\" class=\"attachment-full\" alt=\"\" title=\"17x11\" srcset=\"https:\/\/www.moreschisrl.it\/wp-content\/uploads\/2024\/03\/17x11.jpg 862w, https:\/\/www.moreschisrl.it\/wp-content\/uploads\/2024\/03\/17x11-300x285.jpg 300w, https:\/\/www.moreschisrl.it\/wp-content\/uploads\/2024\/03\/17x11-768x729.jpg 768w\" sizes=\"auto, (max-width: 862px) 100vw, 862px\" \/>\t\t\t\t\t\t\t\t\t\t\t\t\t\t\t\t\t<\/div>\n\t\t\t\t\t\t\t<\/div>\n\t\t\t\t\t\t\t\t\t\t\t\t\t\t\t\t\t\t\t\t<div class=\"vc_item\">\n\t\t\t\t\t\t\t\t<div class=\"vc_inner\">\n\t\t\t\t\t\t\t\t\t\t\t\t\t\t\t\t\t\t\t<img loading=\"lazy\" decoding=\"async\" width=\"1091\" height=\"818\" src=\"https:\/\/www.moreschisrl.it\/wp-content\/uploads\/2024\/03\/DSCN3566.jpg\" class=\"attachment-full\" alt=\"\" title=\"DSCN3566\" srcset=\"https:\/\/www.moreschisrl.it\/wp-content\/uploads\/2024\/03\/DSCN3566.jpg 1091w, https:\/\/www.moreschisrl.it\/wp-content\/uploads\/2024\/03\/DSCN3566-300x225.jpg 300w, https:\/\/www.moreschisrl.it\/wp-content\/uploads\/2024\/03\/DSCN3566-1024x768.jpg 1024w, https:\/\/www.moreschisrl.it\/wp-content\/uploads\/2024\/03\/DSCN3566-768x576.jpg 768w\" sizes=\"auto, (max-width: 1091px) 100vw, 1091px\" \/>\t\t\t\t\t\t\t\t\t\t\t\t\t\t\t\t\t<\/div>\n\t\t\t\t\t\t\t<\/div>\n\t\t\t\t\t\t\t\t\t\t\t\t\t\t\t\t\t\t\t\t<div class=\"vc_item\">\n\t\t\t\t\t\t\t\t<div class=\"vc_inner\">\n\t\t\t\t\t\t\t\t\t\t\t\t\t\t\t\t\t\t\t<img loading=\"lazy\" decoding=\"async\" width=\"599\" height=\"818\" src=\"https:\/\/www.moreschisrl.it\/wp-content\/uploads\/2024\/03\/DSCN1647mod.jpg\" class=\"attachment-full\" alt=\"\" title=\"DSCN1647mod\" srcset=\"https:\/\/www.moreschisrl.it\/wp-content\/uploads\/2024\/03\/DSCN1647mod.jpg 599w, https:\/\/www.moreschisrl.it\/wp-content\/uploads\/2024\/03\/DSCN1647mod-220x300.jpg 220w\" sizes=\"auto, (max-width: 599px) 100vw, 599px\" \/>\t\t\t\t\t\t\t\t\t\t\t\t\t\t\t\t\t<\/div>\n\t\t\t\t\t\t\t<\/div>\n\t\t\t\t\t\t\t\t\t\t\t\t\t\t\t\t\t\t\t\t<div class=\"vc_item\">\n\t\t\t\t\t\t\t\t<div class=\"vc_inner\">\n\t\t\t\t\t\t\t\t\t\t\t\t\t\t\t\t\t\t\t<img loading=\"lazy\" decoding=\"async\" width=\"545\" height=\"818\" src=\"https:\/\/www.moreschisrl.it\/wp-content\/uploads\/2024\/03\/ACS-DOBFAR-1.jpg\" class=\"attachment-full\" alt=\"\" title=\"ACS DOBFAR (1)\" srcset=\"https:\/\/www.moreschisrl.it\/wp-content\/uploads\/2024\/03\/ACS-DOBFAR-1.jpg 545w, https:\/\/www.moreschisrl.it\/wp-content\/uploads\/2024\/03\/ACS-DOBFAR-1-200x300.jpg 200w\" sizes=\"auto, (max-width: 545px) 100vw, 545px\" \/>\t\t\t\t\t\t\t\t\t\t\t\t\t\t\t\t\t<\/div>\n\t\t\t\t\t\t\t<\/div>\n\t\t\t\t\t\t\t\t\t\t\t\t\t\t\t\t\t\t\t\t<div class=\"vc_item\">\n\t\t\t\t\t\t\t\t<div class=\"vc_inner\">\n\t\t\t\t\t\t\t\t\t\t\t\t\t\t\t\t\t\t\t<img loading=\"lazy\" decoding=\"async\" width=\"1090\" height=\"818\" src=\"https:\/\/www.moreschisrl.it\/wp-content\/uploads\/2024\/03\/011-2-1.jpg\" class=\"attachment-full\" alt=\"\" title=\"011 (2)\" srcset=\"https:\/\/www.moreschisrl.it\/wp-content\/uploads\/2024\/03\/011-2-1.jpg 1090w, https:\/\/www.moreschisrl.it\/wp-content\/uploads\/2024\/03\/011-2-1-300x225.jpg 300w, https:\/\/www.moreschisrl.it\/wp-content\/uploads\/2024\/03\/011-2-1-1024x768.jpg 1024w, https:\/\/www.moreschisrl.it\/wp-content\/uploads\/2024\/03\/011-2-1-768x576.jpg 768w\" sizes=\"auto, (max-width: 1090px) 100vw, 1090px\" \/>\t\t\t\t\t\t\t\t\t\t\t\t\t\t\t\t\t<\/div>\n\t\t\t\t\t\t\t<\/div>\n\t\t\t\t\t\t\t\t\t\t\t\t\t\t\t\t\t\t\t\t<div class=\"vc_item\">\n\t\t\t\t\t\t\t\t<div class=\"vc_inner\">\n\t\t\t\t\t\t\t\t\t\t\t\t\t\t\t\t\t\t\t<img loading=\"lazy\" decoding=\"async\" width=\"1092\" height=\"818\" src=\"https:\/\/www.moreschisrl.it\/wp-content\/uploads\/2024\/03\/Hitachi-1-12-1.jpg\" class=\"attachment-full\" alt=\"\" title=\"Hitachi 1 (12)\" srcset=\"https:\/\/www.moreschisrl.it\/wp-content\/uploads\/2024\/03\/Hitachi-1-12-1.jpg 1092w, https:\/\/www.moreschisrl.it\/wp-content\/uploads\/2024\/03\/Hitachi-1-12-1-300x225.jpg 300w, https:\/\/www.moreschisrl.it\/wp-content\/uploads\/2024\/03\/Hitachi-1-12-1-1024x767.jpg 1024w, https:\/\/www.moreschisrl.it\/wp-content\/uploads\/2024\/03\/Hitachi-1-12-1-768x575.jpg 768w\" sizes=\"auto, (max-width: 1092px) 100vw, 1092px\" \/>\t\t\t\t\t\t\t\t\t\t\t\t\t\t\t\t\t<\/div>\n\t\t\t\t\t\t\t<\/div>\n\t\t\t\t\t\t\t\t\t\t\t\t\t\t\t\t\t\t\t\t<div class=\"vc_item\">\n\t\t\t\t\t\t\t\t<div class=\"vc_inner\">\n\t\t\t\t\t\t\t\t\t\t\t\t\t\t\t\t\t\t\t<img loading=\"lazy\" decoding=\"async\" width=\"614\" height=\"818\" src=\"https:\/\/www.moreschisrl.it\/wp-content\/uploads\/2024\/03\/Coca-Cola-Expo-2015-1.jpg\" class=\"attachment-full\" alt=\"\" title=\"Coca Cola Expo 2015\" srcset=\"https:\/\/www.moreschisrl.it\/wp-content\/uploads\/2024\/03\/Coca-Cola-Expo-2015-1.jpg 614w, https:\/\/www.moreschisrl.it\/wp-content\/uploads\/2024\/03\/Coca-Cola-Expo-2015-1-225x300.jpg 225w\" sizes=\"auto, (max-width: 614px) 100vw, 614px\" \/>\t\t\t\t\t\t\t\t\t\t\t\t\t\t\t\t\t<\/div>\n\t\t\t\t\t\t\t<\/div>\n\t\t\t\t\t\t\t\t\t\t\t\t\t\t\t\t\t\t\t\t<div class=\"vc_item\">\n\t\t\t\t\t\t\t\t<div class=\"vc_inner\">\n\t\t\t\t\t\t\t\t\t\t\t\t\t\t\t\t\t\t\t<img loading=\"lazy\" decoding=\"async\" width=\"614\" height=\"818\" src=\"https:\/\/www.moreschisrl.it\/wp-content\/uploads\/2024\/03\/IMG_9375-1.jpg\" class=\"attachment-full\" alt=\"\" title=\"IMG_9375\" srcset=\"https:\/\/www.moreschisrl.it\/wp-content\/uploads\/2024\/03\/IMG_9375-1.jpg 614w, https:\/\/www.moreschisrl.it\/wp-content\/uploads\/2024\/03\/IMG_9375-1-225x300.jpg 225w\" sizes=\"auto, (max-width: 614px) 100vw, 614px\" \/>\t\t\t\t\t\t\t\t\t\t\t\t\t\t\t\t\t<\/div>\n\t\t\t\t\t\t\t<\/div>\n\t\t\t\t\t\t\t\t\t\t\t\t\t\t\t\t\t\t\t\t<div class=\"vc_item\">\n\t\t\t\t\t\t\t\t<div class=\"vc_inner\">\n\t\t\t\t\t\t\t\t\t\t\t\t\t\t\t\t\t\t\t<img loading=\"lazy\" decoding=\"async\" width=\"656\" height=\"818\" src=\"https:\/\/www.moreschisrl.it\/wp-content\/uploads\/2024\/03\/DSC2754-1.jpg\" class=\"attachment-full\" alt=\"\" title=\"_DSC2754\" srcset=\"https:\/\/www.moreschisrl.it\/wp-content\/uploads\/2024\/03\/DSC2754-1.jpg 656w, https:\/\/www.moreschisrl.it\/wp-content\/uploads\/2024\/03\/DSC2754-1-241x300.jpg 241w\" sizes=\"auto, (max-width: 656px) 100vw, 656px\" \/>\t\t\t\t\t\t\t\t\t\t\t\t\t\t\t\t\t<\/div>\n\t\t\t\t\t\t\t<\/div>\n\t\t\t\t\t\t\t\t\t\t\t<\/div>\n\t\t\t\t<\/div>\n\t\t\t<\/div>\n\t\t\t\t\t\t\t<!-- Controls -->\n\t\t\t\t<a class=\"vc_left vc_carousel-control\" href=\"#vc_images-carousel-1-1776503648\" data-slide=\"prev\">\n\t\t\t\t\t<span class=\"icon-prev\"><\/span>\n\t\t\t\t<\/a>\n\t\t\t\t<a class=\"vc_right vc_carousel-control\" href=\"#vc_images-carousel-1-1776503648\" data-slide=\"next\">\n\t\t\t\t\t<span class=\"icon-next\"><\/span>\n\t\t\t\t<\/a>\n\t\t\t\t\t<\/div>\n\t<\/div>\n<\/div>\n<\/div><\/div><\/div><\/div><div class=\"vc_row wpb_row vc_row-fluid vc_custom_1462525906878\"><div class=\"wpb_column vc_column_container vc_col-sm-6\"><div class=\"vc_column-inner\"><div class=\"wpb_wrapper\"><div class=\"mgt-header-block clearfix text-left text-black wpb_animate_when_almost_visible wpb_top-to-bottom wpb_content_element  mgt-header-block-style-2 mgt-header-texttransform-header\"><h2 class=\"mgt-header-block-title\">SOLUTION<\/h2><div class=\"mgt-header-line\"><\/div><\/div>\n\t<div class=\"wpb_text_column wpb_content_element\" >\n\t\t<div class=\"wpb_wrapper\">\n\t\t\t<p>Moreschi propose diff\u00e9rentes solutions, tailles, formes, couleurs et d\u00e9corations, rendant le produit flexible et personnalisable selon les besoins du client. Polyvalent car il se pr\u00eate \u00e0 l'insertion de verre, mais aussi \u00e0 d'autres mat\u00e9riaux comme le grillage, les grilles, le polycarbonate, le bois, l'aluminium ou les panneaux. Demandez \u00e0 notre bureau commercial la meilleure solution pour vous!<\/p>\n\n\t\t<\/div>\n\t<\/div>\n<\/div><\/div><\/div><div class=\"wpb_column vc_column_container vc_col-sm-6\"><div class=\"vc_column-inner\"><div class=\"wpb_wrapper\"><div class=\"mgt-header-block clearfix text-left text-black wpb_animate_when_almost_visible wpb_top-to-bottom wpb_content_element  mgt-header-block-style-2 mgt-header-texttransform-header\"><h2 class=\"mgt-header-block-title\">DESCRIPTION:<\/h2><div class=\"mgt-header-line\"><\/div><\/div>\n\t<div class=\"wpb_text_column wpb_content_element\" >\n\t\t<div class=\"wpb_wrapper\">\n\t\t\t<p class=\"p1\"><strong>Client:\u00a0<\/strong><\/p>\n<p class=\"p1\"><strong>Concepteur: <\/strong>Moreschi Decoration<\/p>\n<p class=\"p1\"><strong>Ville:<\/strong><\/p>\n<p class=\"p1\"><strong>Ann\u00e9e de construction:<\/strong> since 1967<\/p>\n<p class=\"p1\"><strong>Type de produit install\u00e9:\u00a0<\/strong>Portes pliantes et coulissantes, isol\u00e9es et motoris\u00e9es, portes verticales \u00e0 ouverture rapide, portes coulissantes vitr\u00e9es et motoris\u00e9es, portes vitr\u00e9es, tous types de fermetures industrielles.<\/p>\n\n\t\t<\/div>\n\t<\/div>\n<\/div><\/div><\/div><\/div>\n<\/div>","protected":false},"excerpt":{"rendered":"SOLUZIONE La Moreschi propone diverse soluzioni, dimensioni, forme, colori e decorazioni, rendendo il prodotto flessibile e personalizzabile alle esigenze del cliente. Versatile perch\u00e9 si presta all'inserimento del vetro , ma...","protected":false},"author":1,"featured_media":0,"parent":0,"menu_order":0,"comment_status":"closed","ping_status":"closed","template":"","meta":{"footnotes":""},"categories":[],"tags":[],"class_list":["post-10747","page","type-page","status-publish","hentry"],"yoast_head":"<!-- This site is optimized with the Yoast SEO plugin v25.4 - https:\/\/yoast.com\/wordpress\/plugins\/seo\/ -->\n<title>MORESCHI DECORATION &amp; SPECIAL - Moreschi<\/title>\n<meta name=\"robots\" content=\"index, follow, max-snippet:-1, max-image-preview:large, max-video-preview:-1\" \/>\n<link rel=\"canonical\" href=\"https:\/\/www.moreschisrl.it\/fr\/moreschi-decoration-special\/\" \/>\n<meta property=\"og:locale\" content=\"fr_FR\" \/>\n<meta property=\"og:type\" content=\"article\" \/>\n<meta property=\"og:title\" content=\"MORESCHI DECORATION &amp; SPECIAL - Moreschi\" \/>\n<meta property=\"og:url\" content=\"https:\/\/www.moreschisrl.it\/fr\/moreschi-decoration-special\/\" \/>\n<meta property=\"og:site_name\" content=\"Moreschi\" \/>\n<meta property=\"article:modified_time\" content=\"2025-07-24T09:41:24+00:00\" \/>\n<meta property=\"og:image\" content=\"https:\/\/www.moreschisrl.it\/wp-content\/uploads\/2020\/09\/Soluzioni-Moreschi-Portoni-internazionale.jpg\" \/>\n\t<meta property=\"og:image:width\" content=\"1920\" \/>\n\t<meta property=\"og:image:height\" content=\"1080\" \/>\n\t<meta property=\"og:image:type\" content=\"image\/jpeg\" \/>\n<meta name=\"twitter:card\" content=\"summary_large_image\" \/>\n<meta name=\"twitter:label1\" content=\"Dur\u00e9e de lecture estim\u00e9e\" \/>\n\t<meta name=\"twitter:data1\" content=\"1 minute\" \/>\n<script type=\"application\/ld+json\" class=\"yoast-schema-graph\">{\"@context\":\"https:\/\/schema.org\",\"@graph\":[{\"@type\":\"WebPage\",\"@id\":\"https:\/\/www.moreschisrl.it\/moreschi-decoration-special\/\",\"url\":\"https:\/\/www.moreschisrl.it\/moreschi-decoration-special\/\",\"name\":\"MORESCHI DECORATION & SPECIAL - Moreschi\",\"isPartOf\":{\"@id\":\"https:\/\/www.moreschisrl.it\/#website\"},\"datePublished\":\"2025-07-24T09:34:24+00:00\",\"dateModified\":\"2025-07-24T09:41:24+00:00\",\"breadcrumb\":{\"@id\":\"https:\/\/www.moreschisrl.it\/moreschi-decoration-special\/#breadcrumb\"},\"inLanguage\":\"fr-FR\",\"potentialAction\":[{\"@type\":\"ReadAction\",\"target\":[\"https:\/\/www.moreschisrl.it\/moreschi-decoration-special\/\"]}]},{\"@type\":\"BreadcrumbList\",\"@id\":\"https:\/\/www.moreschisrl.it\/moreschi-decoration-special\/#breadcrumb\",\"itemListElement\":[{\"@type\":\"ListItem\",\"position\":1,\"name\":\"Home\",\"item\":\"https:\/\/www.moreschisrl.it\/\"},{\"@type\":\"ListItem\",\"position\":2,\"name\":\"MORESCHI DECORATION &#038; SPECIAL\"}]},{\"@type\":\"WebSite\",\"@id\":\"https:\/\/www.moreschisrl.it\/#website\",\"url\":\"https:\/\/www.moreschisrl.it\/\",\"name\":\"Moreschi\",\"description\":\"\",\"potentialAction\":[{\"@type\":\"SearchAction\",\"target\":{\"@type\":\"EntryPoint\",\"urlTemplate\":\"https:\/\/www.moreschisrl.it\/?s={search_term_string}\"},\"query-input\":{\"@type\":\"PropertyValueSpecification\",\"valueRequired\":true,\"valueName\":\"search_term_string\"}}],\"inLanguage\":\"fr-FR\"}]}<\/script>\n<!-- \/ Yoast SEO plugin. -->","yoast_head_json":{"title":"MORESCHI DECORATION & SPECIAL - Moreschi","robots":{"index":"index","follow":"follow","max-snippet":"max-snippet:-1","max-image-preview":"max-image-preview:large","max-video-preview":"max-video-preview:-1"},"canonical":"https:\/\/www.moreschisrl.it\/fr\/moreschi-decoration-special\/","og_locale":"fr_FR","og_type":"article","og_title":"MORESCHI DECORATION & SPECIAL - Moreschi","og_url":"https:\/\/www.moreschisrl.it\/fr\/moreschi-decoration-special\/","og_site_name":"Moreschi","article_modified_time":"2025-07-24T09:41:24+00:00","og_image":[{"width":1920,"height":1080,"url":"https:\/\/www.moreschisrl.it\/wp-content\/uploads\/2020\/09\/Soluzioni-Moreschi-Portoni-internazionale.jpg","type":"image\/jpeg"}],"twitter_card":"summary_large_image","twitter_misc":{"Dur\u00e9e de lecture estim\u00e9e":"1 minute"},"schema":{"@context":"https:\/\/schema.org","@graph":[{"@type":"WebPage","@id":"https:\/\/www.moreschisrl.it\/moreschi-decoration-special\/","url":"https:\/\/www.moreschisrl.it\/moreschi-decoration-special\/","name":"MORESCHI DECORATION & SPECIAL - Moreschi","isPartOf":{"@id":"https:\/\/www.moreschisrl.it\/#website"},"datePublished":"2025-07-24T09:34:24+00:00","dateModified":"2025-07-24T09:41:24+00:00","breadcrumb":{"@id":"https:\/\/www.moreschisrl.it\/moreschi-decoration-special\/#breadcrumb"},"inLanguage":"fr-FR","potentialAction":[{"@type":"ReadAction","target":["https:\/\/www.moreschisrl.it\/moreschi-decoration-special\/"]}]},{"@type":"BreadcrumbList","@id":"https:\/\/www.moreschisrl.it\/moreschi-decoration-special\/#breadcrumb","itemListElement":[{"@type":"ListItem","position":1,"name":"Home","item":"https:\/\/www.moreschisrl.it\/"},{"@type":"ListItem","position":2,"name":"MORESCHI DECORATION &#038; SPECIAL"}]},{"@type":"WebSite","@id":"https:\/\/www.moreschisrl.it\/#website","url":"https:\/\/www.moreschisrl.it\/","name":"Moreschi","description":"","potentialAction":[{"@type":"SearchAction","target":{"@type":"EntryPoint","urlTemplate":"https:\/\/www.moreschisrl.it\/?s={search_term_string}"},"query-input":{"@type":"PropertyValueSpecification","valueRequired":true,"valueName":"search_term_string"}}],"inLanguage":"fr-FR"}]}},"_links":{"self":[{"href":"https:\/\/www.moreschisrl.it\/fr\/wp-json\/wp\/v2\/pages\/10747","targetHints":{"allow":["GET"]}}],"collection":[{"href":"https:\/\/www.moreschisrl.it\/fr\/wp-json\/wp\/v2\/pages"}],"about":[{"href":"https:\/\/www.moreschisrl.it\/fr\/wp-json\/wp\/v2\/types\/page"}],"author":[{"embeddable":true,"href":"https:\/\/www.moreschisrl.it\/fr\/wp-json\/wp\/v2\/users\/1"}],"replies":[{"embeddable":true,"href":"https:\/\/www.moreschisrl.it\/fr\/wp-json\/wp\/v2\/comments?post=10747"}],"version-history":[{"count":2,"href":"https:\/\/www.moreschisrl.it\/fr\/wp-json\/wp\/v2\/pages\/10747\/revisions"}],"predecessor-version":[{"id":10749,"href":"https:\/\/www.moreschisrl.it\/fr\/wp-json\/wp\/v2\/pages\/10747\/revisions\/10749"}],"wp:attachment":[{"href":"https:\/\/www.moreschisrl.it\/fr\/wp-json\/wp\/v2\/media?parent=10747"}],"wp:term":[{"taxonomy":"category","embeddable":true,"href":"https:\/\/www.moreschisrl.it\/fr\/wp-json\/wp\/v2\/categories?post=10747"},{"taxonomy":"post_tag","embeddable":true,"href":"https:\/\/www.moreschisrl.it\/fr\/wp-json\/wp\/v2\/tags?post=10747"}],"curies":[{"name":"wp","href":"https:\/\/api.w.org\/{rel}","templated":true}]}}