{"id":10933,"date":"2025-10-02T14:14:41","date_gmt":"2025-10-02T14:14:41","guid":{"rendered":"https:\/\/www.moreschisrl.it\/?page_id=10933"},"modified":"2025-10-02T14:14:41","modified_gmt":"2025-10-02T14:14:41","slug":"bucarest-romania-scorrevole-grandi-dimensioni","status":"publish","type":"page","link":"https:\/\/www.moreschisrl.it\/en\/bucarest-romania-scorrevole-grandi-dimensioni\/","title":{"rendered":"Bucarest &#8211; Romania Scorrevole Grandi dimensioni"},"content":{"rendered":"<div class=\"wpb-content-wrapper\"><div class=\"vc_row wpb_row vc_row-fluid\"><div class=\"wpb_column vc_column_container vc_col-sm-12\"><div class=\"vc_column-inner\"><div class=\"wpb_wrapper\"><div class=\"wpb_images_carousel wpb_content_element vc_clearfix\">\n\t<div class=\"wpb_wrapper\">\n\t\t\t\t<div id=\"vc_images-carousel-1-1776503658\" data-ride=\"vc_carousel\" data-wrap=\"true\" style=\"width: 100%;\" data-interval=\"4000\" data-auto-height=\"yes\" data-mode=\"horizontal\" data-partial=\"false\" data-per-view=\"1\" data-hide-on-end=\"false\" class=\"vc_slide vc_images_carousel\">\n\t\t\t\t\t\t<!-- Wrapper for slides -->\n\t\t\t<div class=\"vc_carousel-inner\">\n\t\t\t\t<div class=\"vc_carousel-slideline\">\n\t\t\t\t\t<div class=\"vc_carousel-slideline-inner\">\n\t\t\t\t\t\t\t\t\t\t\t\t\t\t\t\t\t\t\t\t<div class=\"vc_item\">\n\t\t\t\t\t\t\t\t<div class=\"vc_inner\">\n\t\t\t\t\t\t\t\t\t\t\t\t\t\t\t\t\t\t\t<img loading=\"lazy\" decoding=\"async\" width=\"1182\" height=\"780\" src=\"https:\/\/www.moreschisrl.it\/wp-content\/uploads\/2025\/09\/Bucarest-Romania-01.jpg\" class=\"attachment-full\" alt=\"\" title=\"Bucarest Romania-01\" srcset=\"https:\/\/www.moreschisrl.it\/wp-content\/uploads\/2025\/09\/Bucarest-Romania-01.jpg 1182w, https:\/\/www.moreschisrl.it\/wp-content\/uploads\/2025\/09\/Bucarest-Romania-01-300x198.jpg 300w, https:\/\/www.moreschisrl.it\/wp-content\/uploads\/2025\/09\/Bucarest-Romania-01-1024x676.jpg 1024w, https:\/\/www.moreschisrl.it\/wp-content\/uploads\/2025\/09\/Bucarest-Romania-01-768x507.jpg 768w, https:\/\/www.moreschisrl.it\/wp-content\/uploads\/2025\/09\/Bucarest-Romania-01-18x12.jpg 18w\" sizes=\"auto, (max-width: 1182px) 100vw, 1182px\" \/>\t\t\t\t\t\t\t\t\t\t\t\t\t\t\t\t\t<\/div>\n\t\t\t\t\t\t\t<\/div>\n\t\t\t\t\t\t\t\t\t\t\t\t\t\t\t\t\t\t\t\t<div class=\"vc_item\">\n\t\t\t\t\t\t\t\t<div class=\"vc_inner\">\n\t\t\t\t\t\t\t\t\t\t\t\t\t\t\t\t\t\t\t<img loading=\"lazy\" decoding=\"async\" width=\"1182\" height=\"780\" src=\"https:\/\/www.moreschisrl.it\/wp-content\/uploads\/2025\/09\/Bucarest-Romania-02.jpg\" class=\"attachment-full\" alt=\"\" title=\"Bucarest Romania-02\" srcset=\"https:\/\/www.moreschisrl.it\/wp-content\/uploads\/2025\/09\/Bucarest-Romania-02.jpg 1182w, https:\/\/www.moreschisrl.it\/wp-content\/uploads\/2025\/09\/Bucarest-Romania-02-300x198.jpg 300w, https:\/\/www.moreschisrl.it\/wp-content\/uploads\/2025\/09\/Bucarest-Romania-02-1024x676.jpg 1024w, https:\/\/www.moreschisrl.it\/wp-content\/uploads\/2025\/09\/Bucarest-Romania-02-768x507.jpg 768w, https:\/\/www.moreschisrl.it\/wp-content\/uploads\/2025\/09\/Bucarest-Romania-02-18x12.jpg 18w\" sizes=\"auto, (max-width: 1182px) 100vw, 1182px\" \/>\t\t\t\t\t\t\t\t\t\t\t\t\t\t\t\t\t<\/div>\n\t\t\t\t\t\t\t<\/div>\n\t\t\t\t\t\t\t\t\t\t\t\t\t\t\t\t\t\t\t\t<div class=\"vc_item\">\n\t\t\t\t\t\t\t\t<div class=\"vc_inner\">\n\t\t\t\t\t\t\t\t\t\t\t\t\t\t\t\t\t\t\t<img loading=\"lazy\" decoding=\"async\" width=\"1182\" height=\"780\" src=\"https:\/\/www.moreschisrl.it\/wp-content\/uploads\/2025\/09\/Bucarest-Romania-03.jpg\" class=\"attachment-full\" alt=\"\" title=\"Bucarest Romania-03\" srcset=\"https:\/\/www.moreschisrl.it\/wp-content\/uploads\/2025\/09\/Bucarest-Romania-03.jpg 1182w, https:\/\/www.moreschisrl.it\/wp-content\/uploads\/2025\/09\/Bucarest-Romania-03-300x198.jpg 300w, https:\/\/www.moreschisrl.it\/wp-content\/uploads\/2025\/09\/Bucarest-Romania-03-1024x676.jpg 1024w, https:\/\/www.moreschisrl.it\/wp-content\/uploads\/2025\/09\/Bucarest-Romania-03-768x507.jpg 768w, https:\/\/www.moreschisrl.it\/wp-content\/uploads\/2025\/09\/Bucarest-Romania-03-18x12.jpg 18w\" sizes=\"auto, (max-width: 1182px) 100vw, 1182px\" \/>\t\t\t\t\t\t\t\t\t\t\t\t\t\t\t\t\t<\/div>\n\t\t\t\t\t\t\t<\/div>\n\t\t\t\t\t\t\t\t\t\t\t\t\t\t\t\t\t\t\t\t<div class=\"vc_item\">\n\t\t\t\t\t\t\t\t<div class=\"vc_inner\">\n\t\t\t\t\t\t\t\t\t\t\t\t\t\t\t\t\t\t\t<img loading=\"lazy\" decoding=\"async\" width=\"1182\" height=\"780\" src=\"https:\/\/www.moreschisrl.it\/wp-content\/uploads\/2025\/09\/Bucarest-Romania-04.jpg\" class=\"attachment-full\" alt=\"\" title=\"Bucarest Romania-04\" srcset=\"https:\/\/www.moreschisrl.it\/wp-content\/uploads\/2025\/09\/Bucarest-Romania-04.jpg 1182w, https:\/\/www.moreschisrl.it\/wp-content\/uploads\/2025\/09\/Bucarest-Romania-04-300x198.jpg 300w, https:\/\/www.moreschisrl.it\/wp-content\/uploads\/2025\/09\/Bucarest-Romania-04-1024x676.jpg 1024w, https:\/\/www.moreschisrl.it\/wp-content\/uploads\/2025\/09\/Bucarest-Romania-04-768x507.jpg 768w, https:\/\/www.moreschisrl.it\/wp-content\/uploads\/2025\/09\/Bucarest-Romania-04-18x12.jpg 18w\" sizes=\"auto, (max-width: 1182px) 100vw, 1182px\" \/>\t\t\t\t\t\t\t\t\t\t\t\t\t\t\t\t\t<\/div>\n\t\t\t\t\t\t\t<\/div>\n\t\t\t\t\t\t\t\t\t\t\t\t\t\t\t\t\t\t\t\t<div class=\"vc_item\">\n\t\t\t\t\t\t\t\t<div class=\"vc_inner\">\n\t\t\t\t\t\t\t\t\t\t\t\t\t\t\t\t\t\t\t<img loading=\"lazy\" decoding=\"async\" width=\"1182\" height=\"780\" src=\"https:\/\/www.moreschisrl.it\/wp-content\/uploads\/2025\/09\/Bucarest-Romania-05.jpg\" class=\"attachment-full\" alt=\"\" title=\"Bucarest Romania-05\" srcset=\"https:\/\/www.moreschisrl.it\/wp-content\/uploads\/2025\/09\/Bucarest-Romania-05.jpg 1182w, https:\/\/www.moreschisrl.it\/wp-content\/uploads\/2025\/09\/Bucarest-Romania-05-300x198.jpg 300w, https:\/\/www.moreschisrl.it\/wp-content\/uploads\/2025\/09\/Bucarest-Romania-05-1024x676.jpg 1024w, https:\/\/www.moreschisrl.it\/wp-content\/uploads\/2025\/09\/Bucarest-Romania-05-768x507.jpg 768w, https:\/\/www.moreschisrl.it\/wp-content\/uploads\/2025\/09\/Bucarest-Romania-05-18x12.jpg 18w\" sizes=\"auto, (max-width: 1182px) 100vw, 1182px\" \/>\t\t\t\t\t\t\t\t\t\t\t\t\t\t\t\t\t<\/div>\n\t\t\t\t\t\t\t<\/div>\n\t\t\t\t\t\t\t\t\t\t\t\t\t\t\t\t\t\t\t\t<div class=\"vc_item\">\n\t\t\t\t\t\t\t\t<div class=\"vc_inner\">\n\t\t\t\t\t\t\t\t\t\t\t\t\t\t\t\t\t\t\t<img loading=\"lazy\" decoding=\"async\" width=\"1182\" height=\"780\" src=\"https:\/\/www.moreschisrl.it\/wp-content\/uploads\/2025\/09\/Bucarest-Romania-06.jpg\" class=\"attachment-full\" alt=\"\" title=\"Bucarest Romania-06\" srcset=\"https:\/\/www.moreschisrl.it\/wp-content\/uploads\/2025\/09\/Bucarest-Romania-06.jpg 1182w, https:\/\/www.moreschisrl.it\/wp-content\/uploads\/2025\/09\/Bucarest-Romania-06-300x198.jpg 300w, https:\/\/www.moreschisrl.it\/wp-content\/uploads\/2025\/09\/Bucarest-Romania-06-1024x676.jpg 1024w, https:\/\/www.moreschisrl.it\/wp-content\/uploads\/2025\/09\/Bucarest-Romania-06-768x507.jpg 768w, https:\/\/www.moreschisrl.it\/wp-content\/uploads\/2025\/09\/Bucarest-Romania-06-18x12.jpg 18w\" sizes=\"auto, (max-width: 1182px) 100vw, 1182px\" \/>\t\t\t\t\t\t\t\t\t\t\t\t\t\t\t\t\t<\/div>\n\t\t\t\t\t\t\t<\/div>\n\t\t\t\t\t\t\t\t\t\t\t\t\t\t\t\t\t\t\t\t<div class=\"vc_item\">\n\t\t\t\t\t\t\t\t<div class=\"vc_inner\">\n\t\t\t\t\t\t\t\t\t\t\t\t\t\t\t\t\t\t\t<img loading=\"lazy\" decoding=\"async\" width=\"1182\" height=\"780\" src=\"https:\/\/www.moreschisrl.it\/wp-content\/uploads\/2025\/09\/Bucarest-Romania-07.jpg\" class=\"attachment-full\" alt=\"\" title=\"Bucarest Romania-07\" srcset=\"https:\/\/www.moreschisrl.it\/wp-content\/uploads\/2025\/09\/Bucarest-Romania-07.jpg 1182w, https:\/\/www.moreschisrl.it\/wp-content\/uploads\/2025\/09\/Bucarest-Romania-07-300x198.jpg 300w, https:\/\/www.moreschisrl.it\/wp-content\/uploads\/2025\/09\/Bucarest-Romania-07-1024x676.jpg 1024w, https:\/\/www.moreschisrl.it\/wp-content\/uploads\/2025\/09\/Bucarest-Romania-07-768x507.jpg 768w, https:\/\/www.moreschisrl.it\/wp-content\/uploads\/2025\/09\/Bucarest-Romania-07-18x12.jpg 18w\" sizes=\"auto, (max-width: 1182px) 100vw, 1182px\" \/>\t\t\t\t\t\t\t\t\t\t\t\t\t\t\t\t\t<\/div>\n\t\t\t\t\t\t\t<\/div>\n\t\t\t\t\t\t\t\t\t\t\t\t\t\t\t\t\t\t\t\t<div class=\"vc_item\">\n\t\t\t\t\t\t\t\t<div class=\"vc_inner\">\n\t\t\t\t\t\t\t\t\t\t\t\t\t\t\t\t\t\t\t<img loading=\"lazy\" decoding=\"async\" width=\"1182\" height=\"780\" src=\"https:\/\/www.moreschisrl.it\/wp-content\/uploads\/2025\/09\/Bucarest-Romania-08.jpg\" class=\"attachment-full\" alt=\"\" title=\"Bucarest Romania-08\" srcset=\"https:\/\/www.moreschisrl.it\/wp-content\/uploads\/2025\/09\/Bucarest-Romania-08.jpg 1182w, https:\/\/www.moreschisrl.it\/wp-content\/uploads\/2025\/09\/Bucarest-Romania-08-300x198.jpg 300w, https:\/\/www.moreschisrl.it\/wp-content\/uploads\/2025\/09\/Bucarest-Romania-08-1024x676.jpg 1024w, https:\/\/www.moreschisrl.it\/wp-content\/uploads\/2025\/09\/Bucarest-Romania-08-768x507.jpg 768w, https:\/\/www.moreschisrl.it\/wp-content\/uploads\/2025\/09\/Bucarest-Romania-08-18x12.jpg 18w\" sizes=\"auto, (max-width: 1182px) 100vw, 1182px\" \/>\t\t\t\t\t\t\t\t\t\t\t\t\t\t\t\t\t<\/div>\n\t\t\t\t\t\t\t<\/div>\n\t\t\t\t\t\t\t\t\t\t\t\t\t\t\t\t\t\t\t\t<div class=\"vc_item\">\n\t\t\t\t\t\t\t\t<div class=\"vc_inner\">\n\t\t\t\t\t\t\t\t\t\t\t\t\t\t\t\t\t\t\t<img loading=\"lazy\" decoding=\"async\" width=\"1182\" height=\"780\" src=\"https:\/\/www.moreschisrl.it\/wp-content\/uploads\/2025\/09\/Bucarest-Romania-09.jpg\" class=\"attachment-full\" alt=\"\" title=\"Bucarest Romania-09\" srcset=\"https:\/\/www.moreschisrl.it\/wp-content\/uploads\/2025\/09\/Bucarest-Romania-09.jpg 1182w, https:\/\/www.moreschisrl.it\/wp-content\/uploads\/2025\/09\/Bucarest-Romania-09-300x198.jpg 300w, https:\/\/www.moreschisrl.it\/wp-content\/uploads\/2025\/09\/Bucarest-Romania-09-1024x676.jpg 1024w, https:\/\/www.moreschisrl.it\/wp-content\/uploads\/2025\/09\/Bucarest-Romania-09-768x507.jpg 768w, https:\/\/www.moreschisrl.it\/wp-content\/uploads\/2025\/09\/Bucarest-Romania-09-18x12.jpg 18w\" sizes=\"auto, (max-width: 1182px) 100vw, 1182px\" \/>\t\t\t\t\t\t\t\t\t\t\t\t\t\t\t\t\t<\/div>\n\t\t\t\t\t\t\t<\/div>\n\t\t\t\t\t\t\t\t\t\t\t\t\t\t\t\t\t\t\t\t<div class=\"vc_item\">\n\t\t\t\t\t\t\t\t<div class=\"vc_inner\">\n\t\t\t\t\t\t\t\t\t\t\t\t\t\t\t\t\t\t\t<img loading=\"lazy\" decoding=\"async\" width=\"1182\" height=\"780\" src=\"https:\/\/www.moreschisrl.it\/wp-content\/uploads\/2025\/09\/Bucarest-Romania-10.jpg\" class=\"attachment-full\" alt=\"\" title=\"Bucarest Romania-10\" srcset=\"https:\/\/www.moreschisrl.it\/wp-content\/uploads\/2025\/09\/Bucarest-Romania-10.jpg 1182w, https:\/\/www.moreschisrl.it\/wp-content\/uploads\/2025\/09\/Bucarest-Romania-10-300x198.jpg 300w, https:\/\/www.moreschisrl.it\/wp-content\/uploads\/2025\/09\/Bucarest-Romania-10-1024x676.jpg 1024w, https:\/\/www.moreschisrl.it\/wp-content\/uploads\/2025\/09\/Bucarest-Romania-10-768x507.jpg 768w, https:\/\/www.moreschisrl.it\/wp-content\/uploads\/2025\/09\/Bucarest-Romania-10-18x12.jpg 18w\" sizes=\"auto, (max-width: 1182px) 100vw, 1182px\" \/>\t\t\t\t\t\t\t\t\t\t\t\t\t\t\t\t\t<\/div>\n\t\t\t\t\t\t\t<\/div>\n\t\t\t\t\t\t\t\t\t\t\t\t\t\t\t\t\t\t\t\t<div class=\"vc_item\">\n\t\t\t\t\t\t\t\t<div class=\"vc_inner\">\n\t\t\t\t\t\t\t\t\t\t\t\t\t\t\t\t\t\t\t<img loading=\"lazy\" decoding=\"async\" width=\"1182\" height=\"780\" src=\"https:\/\/www.moreschisrl.it\/wp-content\/uploads\/2025\/09\/Bucarest-Romania-11.jpg\" class=\"attachment-full\" alt=\"\" title=\"Bucarest Romania-11\" srcset=\"https:\/\/www.moreschisrl.it\/wp-content\/uploads\/2025\/09\/Bucarest-Romania-11.jpg 1182w, https:\/\/www.moreschisrl.it\/wp-content\/uploads\/2025\/09\/Bucarest-Romania-11-300x198.jpg 300w, https:\/\/www.moreschisrl.it\/wp-content\/uploads\/2025\/09\/Bucarest-Romania-11-1024x676.jpg 1024w, https:\/\/www.moreschisrl.it\/wp-content\/uploads\/2025\/09\/Bucarest-Romania-11-768x507.jpg 768w, https:\/\/www.moreschisrl.it\/wp-content\/uploads\/2025\/09\/Bucarest-Romania-11-18x12.jpg 18w\" sizes=\"auto, (max-width: 1182px) 100vw, 1182px\" \/>\t\t\t\t\t\t\t\t\t\t\t\t\t\t\t\t\t<\/div>\n\t\t\t\t\t\t\t<\/div>\n\t\t\t\t\t\t\t\t\t\t\t<\/div>\n\t\t\t\t<\/div>\n\t\t\t<\/div>\n\t\t\t\t\t\t\t<!-- Controls -->\n\t\t\t\t<a class=\"vc_left vc_carousel-control\" href=\"#vc_images-carousel-1-1776503658\" data-slide=\"prev\">\n\t\t\t\t\t<span class=\"icon-prev\"><\/span>\n\t\t\t\t<\/a>\n\t\t\t\t<a class=\"vc_right vc_carousel-control\" href=\"#vc_images-carousel-1-1776503658\" data-slide=\"next\">\n\t\t\t\t\t<span class=\"icon-next\"><\/span>\n\t\t\t\t<\/a>\n\t\t\t\t\t<\/div>\n\t<\/div>\n<\/div>\n<\/div><\/div><\/div><\/div><div class=\"vc_row wpb_row vc_row-fluid vc_custom_1462525906878\"><div class=\"wpb_column vc_column_container vc_col-sm-6\"><div class=\"vc_column-inner\"><div class=\"wpb_wrapper\"><div class=\"mgt-header-block clearfix text-left text-black wpb_animate_when_almost_visible wpb_top-to-bottom wpb_content_element  mgt-header-block-style-2 mgt-header-texttransform-header\"><h2 class=\"mgt-header-block-title\">SOLUTION<\/h2><div class=\"mgt-header-line\"><\/div><\/div>\n\t<div class=\"wpb_text_column wpb_content_element\" >\n\t\t<div class=\"wpb_wrapper\">\n\t\t\t<p>Un nuovo Hangar per la manutenzione di aerei per l\u2019aviazione civile, ha ospitato l\u2019installazione di un nuovo portone scorrevole telescopico da L 64 Mt. x H 14 Mt. Nato dall\u2019idea particolare e dalle esigenze di un cliente, \u00e8 stato studiato, progettato e realizzato dai nostri ingegneri e tecnici con soluzioni e tecnologie innovative.<\/p>\n<p>A bordo di ogni anta sono stati installati motori che, realizzati specificatamente per le dimensioni ed il peso di questi portoni, han reso necessario l\u2019installazione di cavi in fibra, centraline elettroniche e sistemi di sicurezza che garantiscono aperture e chiusure delle ante in modo sicuro per gli utilizzatori.<\/p>\n<p>La struttura portante in acciaio delle ante, garantir\u00e0 robustezza e solidit\u00e0, mentre la zincatura a caldo la durata alla corrosione. Il rivestimento esterno \u00e8 totalmente in policarbonato alveolare e permetter\u00e0 alla luce di entrare nell\u2019hangar in modo uniforme, assicurando anche un buon grado di isolamento termico ed acustico.<\/p>\n\n\t\t<\/div>\n\t<\/div>\n<\/div><\/div><\/div><div class=\"wpb_column vc_column_container vc_col-sm-6\"><div class=\"vc_column-inner\"><div class=\"wpb_wrapper\"><div class=\"mgt-header-block clearfix text-left text-black wpb_animate_when_almost_visible wpb_top-to-bottom wpb_content_element  mgt-header-block-style-2 mgt-header-texttransform-header\"><h2 class=\"mgt-header-block-title\">DESCRIPTION:<\/h2><div class=\"mgt-header-line\"><\/div><\/div>\n\t<div class=\"wpb_text_column wpb_content_element\" >\n\t\t<div class=\"wpb_wrapper\">\n\t\t\t<p class=\"p1\">Cliente: Soggetto privato<\/p>\n<p class=\"p1\">Progetto: Studio di Progettazione di Bucarest<\/p>\n<p class=\"p1\"><strong>Designer:<\/strong><\/p>\n<p class=\"p1\"><strong>Manufacturer:<\/strong><\/p>\n<p class=\"p1\"><strong>City:<\/strong> Bucarest &#8211; Aeroporto Henri Coanda &#8211; Romania<\/p>\n<p class=\"p1\"><strong>Year of Construction:<\/strong> 2022<\/p>\n<p class=\"p1\"><strong>Type of product installed: <\/strong>Portone scorrevole di Grandi Dimesinoni<\/p>\n\n\t\t<\/div>\n\t<\/div>\n<\/div><\/div><\/div><\/div>\n<\/div>","protected":false},"excerpt":{"rendered":"SOLUZIONE Un nuovo Hangar per la manutenzione di aerei per l\u2019aviazione civile, ha ospitato l\u2019installazione di un nuovo portone scorrevole telescopico da L 64 Mt. x H 14 Mt. Nato...","protected":false},"author":1,"featured_media":0,"parent":0,"menu_order":0,"comment_status":"closed","ping_status":"closed","template":"","meta":{"footnotes":""},"categories":[],"tags":[],"class_list":["post-10933","page","type-page","status-publish","hentry"],"yoast_head":"<!-- This site is optimized with the Yoast SEO plugin v25.4 - https:\/\/yoast.com\/wordpress\/plugins\/seo\/ -->\n<title>Bucarest - Romania Scorrevole Grandi dimensioni - Moreschi<\/title>\n<meta name=\"robots\" content=\"index, follow, max-snippet:-1, max-image-preview:large, max-video-preview:-1\" \/>\n<link rel=\"canonical\" href=\"https:\/\/www.moreschisrl.it\/en\/bucarest-romania-scorrevole-grandi-dimensioni\/\" \/>\n<meta property=\"og:locale\" content=\"en_US\" \/>\n<meta property=\"og:type\" content=\"article\" \/>\n<meta property=\"og:title\" content=\"Bucarest - Romania Scorrevole Grandi dimensioni - Moreschi\" \/>\n<meta property=\"og:url\" content=\"https:\/\/www.moreschisrl.it\/en\/bucarest-romania-scorrevole-grandi-dimensioni\/\" \/>\n<meta property=\"og:site_name\" content=\"Moreschi\" \/>\n<meta property=\"og:image\" content=\"https:\/\/www.moreschisrl.it\/wp-content\/uploads\/2020\/09\/Soluzioni-Moreschi-Portoni-internazionale.jpg\" \/>\n\t<meta property=\"og:image:width\" content=\"1920\" \/>\n\t<meta property=\"og:image:height\" content=\"1080\" \/>\n\t<meta property=\"og:image:type\" content=\"image\/jpeg\" \/>\n<meta name=\"twitter:card\" content=\"summary_large_image\" \/>\n<script type=\"application\/ld+json\" class=\"yoast-schema-graph\">{\"@context\":\"https:\/\/schema.org\",\"@graph\":[{\"@type\":\"WebPage\",\"@id\":\"https:\/\/www.moreschisrl.it\/bucarest-romania-scorrevole-grandi-dimensioni\/\",\"url\":\"https:\/\/www.moreschisrl.it\/bucarest-romania-scorrevole-grandi-dimensioni\/\",\"name\":\"Bucarest - Romania Scorrevole Grandi dimensioni - Moreschi\",\"isPartOf\":{\"@id\":\"https:\/\/www.moreschisrl.it\/#website\"},\"datePublished\":\"2025-10-02T14:14:41+00:00\",\"breadcrumb\":{\"@id\":\"https:\/\/www.moreschisrl.it\/bucarest-romania-scorrevole-grandi-dimensioni\/#breadcrumb\"},\"inLanguage\":\"en-US\",\"potentialAction\":[{\"@type\":\"ReadAction\",\"target\":[\"https:\/\/www.moreschisrl.it\/bucarest-romania-scorrevole-grandi-dimensioni\/\"]}]},{\"@type\":\"BreadcrumbList\",\"@id\":\"https:\/\/www.moreschisrl.it\/bucarest-romania-scorrevole-grandi-dimensioni\/#breadcrumb\",\"itemListElement\":[{\"@type\":\"ListItem\",\"position\":1,\"name\":\"Home\",\"item\":\"https:\/\/www.moreschisrl.it\/\"},{\"@type\":\"ListItem\",\"position\":2,\"name\":\"Bucarest &#8211; Romania Scorrevole Grandi dimensioni\"}]},{\"@type\":\"WebSite\",\"@id\":\"https:\/\/www.moreschisrl.it\/#website\",\"url\":\"https:\/\/www.moreschisrl.it\/\",\"name\":\"Moreschi\",\"description\":\"\",\"potentialAction\":[{\"@type\":\"SearchAction\",\"target\":{\"@type\":\"EntryPoint\",\"urlTemplate\":\"https:\/\/www.moreschisrl.it\/?s={search_term_string}\"},\"query-input\":{\"@type\":\"PropertyValueSpecification\",\"valueRequired\":true,\"valueName\":\"search_term_string\"}}],\"inLanguage\":\"en-US\"}]}<\/script>\n<!-- \/ Yoast SEO plugin. -->","yoast_head_json":{"title":"Bucarest - Romania Scorrevole Grandi dimensioni - Moreschi","robots":{"index":"index","follow":"follow","max-snippet":"max-snippet:-1","max-image-preview":"max-image-preview:large","max-video-preview":"max-video-preview:-1"},"canonical":"https:\/\/www.moreschisrl.it\/en\/bucarest-romania-scorrevole-grandi-dimensioni\/","og_locale":"en_US","og_type":"article","og_title":"Bucarest - Romania Scorrevole Grandi dimensioni - Moreschi","og_url":"https:\/\/www.moreschisrl.it\/en\/bucarest-romania-scorrevole-grandi-dimensioni\/","og_site_name":"Moreschi","og_image":[{"width":1920,"height":1080,"url":"https:\/\/www.moreschisrl.it\/wp-content\/uploads\/2020\/09\/Soluzioni-Moreschi-Portoni-internazionale.jpg","type":"image\/jpeg"}],"twitter_card":"summary_large_image","schema":{"@context":"https:\/\/schema.org","@graph":[{"@type":"WebPage","@id":"https:\/\/www.moreschisrl.it\/bucarest-romania-scorrevole-grandi-dimensioni\/","url":"https:\/\/www.moreschisrl.it\/bucarest-romania-scorrevole-grandi-dimensioni\/","name":"Bucarest - Romania Scorrevole Grandi dimensioni - Moreschi","isPartOf":{"@id":"https:\/\/www.moreschisrl.it\/#website"},"datePublished":"2025-10-02T14:14:41+00:00","breadcrumb":{"@id":"https:\/\/www.moreschisrl.it\/bucarest-romania-scorrevole-grandi-dimensioni\/#breadcrumb"},"inLanguage":"en-US","potentialAction":[{"@type":"ReadAction","target":["https:\/\/www.moreschisrl.it\/bucarest-romania-scorrevole-grandi-dimensioni\/"]}]},{"@type":"BreadcrumbList","@id":"https:\/\/www.moreschisrl.it\/bucarest-romania-scorrevole-grandi-dimensioni\/#breadcrumb","itemListElement":[{"@type":"ListItem","position":1,"name":"Home","item":"https:\/\/www.moreschisrl.it\/"},{"@type":"ListItem","position":2,"name":"Bucarest &#8211; Romania Scorrevole Grandi dimensioni"}]},{"@type":"WebSite","@id":"https:\/\/www.moreschisrl.it\/#website","url":"https:\/\/www.moreschisrl.it\/","name":"Moreschi","description":"","potentialAction":[{"@type":"SearchAction","target":{"@type":"EntryPoint","urlTemplate":"https:\/\/www.moreschisrl.it\/?s={search_term_string}"},"query-input":{"@type":"PropertyValueSpecification","valueRequired":true,"valueName":"search_term_string"}}],"inLanguage":"en-US"}]}},"_links":{"self":[{"href":"https:\/\/www.moreschisrl.it\/en\/wp-json\/wp\/v2\/pages\/10933","targetHints":{"allow":["GET"]}}],"collection":[{"href":"https:\/\/www.moreschisrl.it\/en\/wp-json\/wp\/v2\/pages"}],"about":[{"href":"https:\/\/www.moreschisrl.it\/en\/wp-json\/wp\/v2\/types\/page"}],"author":[{"embeddable":true,"href":"https:\/\/www.moreschisrl.it\/en\/wp-json\/wp\/v2\/users\/1"}],"replies":[{"embeddable":true,"href":"https:\/\/www.moreschisrl.it\/en\/wp-json\/wp\/v2\/comments?post=10933"}],"version-history":[{"count":1,"href":"https:\/\/www.moreschisrl.it\/en\/wp-json\/wp\/v2\/pages\/10933\/revisions"}],"predecessor-version":[{"id":10934,"href":"https:\/\/www.moreschisrl.it\/en\/wp-json\/wp\/v2\/pages\/10933\/revisions\/10934"}],"wp:attachment":[{"href":"https:\/\/www.moreschisrl.it\/en\/wp-json\/wp\/v2\/media?parent=10933"}],"wp:term":[{"taxonomy":"category","embeddable":true,"href":"https:\/\/www.moreschisrl.it\/en\/wp-json\/wp\/v2\/categories?post=10933"},{"taxonomy":"post_tag","embeddable":true,"href":"https:\/\/www.moreschisrl.it\/en\/wp-json\/wp\/v2\/tags?post=10933"}],"curies":[{"name":"wp","href":"https:\/\/api.w.org\/{rel}","templated":true}]}}